{"id":1508,"date":"2020-04-01T11:29:30","date_gmt":"2020-04-01T11:29:30","guid":{"rendered":"http:\/\/caminhododao.org\/?p=1508"},"modified":"2021-12-16T17:29:14","modified_gmt":"2021-12-16T17:29:14","slug":"developing-the-vision-behind-the-project-march-2020","status":"publish","type":"page","link":"http:\/\/caminhododao.org\/pt\/developing-the-vision-behind-the-project-march-2020\/","title":{"rendered":"O Vis\u00e3o do Caminho do D\u00e3o"},"content":{"rendered":"<div id=\"pl-1508\"  class=\"panel-layout\" ><div id=\"pg-1508-0\"  class=\"panel-grid panel-no-style\" ><div id=\"pgc-1508-0-0\"  class=\"panel-grid-cell panel-grid-cell-empty\" ><\/div><\/div><div id=\"pg-1508-1\"  class=\"panel-grid panel-no-style\" ><div id=\"pgc-1508-1-0\"  class=\"panel-grid-cell\" ><div id=\"panel-1508-1-0-0\" class=\"so-panel widget widget_sow-image panel-first-child\" data-index=\"0\" ><div\n\t\t\t\n\t\t\tclass=\"so-widget-sow-image so-widget-sow-image-default-8b5b6f678277-1508\"\n\t\t\t\n\t\t>\n\n<div class=\"sow-image-container\">\n\t\t<img decoding=\"async\" src=\"http:\/\/caminhododao.org\/wp-content\/uploads\/2021\/05\/5F1F7527-8F10-46D6-8EF5-0A3A7C49EFC0-1-e1636061171342.jpg\" width=\"800\" height=\"800\" sizes=\"(max-width: 800px) 100vw, 800px\" alt=\"\" loading=\"lazy\" \t\tclass=\"so-widget-image\"\/>\n\t<\/div>\n\n<\/div><\/div><div id=\"panel-1508-1-0-1\" class=\"so-panel widget widget_sow-image\" data-index=\"1\" ><div\n\t\t\t\n\t\t\tclass=\"so-widget-sow-image so-widget-sow-image-default-8b5b6f678277-1508\"\n\t\t\t\n\t\t>\n\n<div class=\"sow-image-container\">\n\t\t<img decoding=\"async\" src=\"http:\/\/caminhododao.org\/wp-content\/uploads\/2021\/07\/IMG_0827.jpg\" width=\"640\" height=\"640\" srcset=\"http:\/\/caminhododao.org\/wp-content\/uploads\/2021\/07\/IMG_0827.jpg 640w, http:\/\/caminhododao.org\/wp-content\/uploads\/2021\/07\/IMG_0827-300x300.jpg 300w, http:\/\/caminhododao.org\/wp-content\/uploads\/2021\/07\/IMG_0827-150x150.jpg 150w, http:\/\/caminhododao.org\/wp-content\/uploads\/2021\/07\/IMG_0827-12x12.jpg 12w, http:\/\/caminhododao.org\/wp-content\/uploads\/2021\/07\/IMG_0827-600x600.jpg 600w, http:\/\/caminhododao.org\/wp-content\/uploads\/2021\/07\/IMG_0827-125x125.jpg 125w\" sizes=\"(max-width: 640px) 100vw, 640px\" alt=\"\" loading=\"lazy\" \t\tclass=\"so-widget-image\"\/>\n\t<\/div>\n\n<\/div><\/div><div id=\"panel-1508-1-0-2\" class=\"so-panel widget widget_sow-image\" data-index=\"2\" ><div\n\t\t\t\n\t\t\tclass=\"so-widget-sow-image so-widget-sow-image-default-8b5b6f678277-1508\"\n\t\t\t\n\t\t>\n\n<div class=\"sow-image-container\">\n\t\t<img decoding=\"async\" src=\"http:\/\/caminhododao.org\/wp-content\/uploads\/2019\/04\/DCE629B3-EFAA-4F06-88EE-7B9B7E7B75B6-e1631290085164.jpeg\" width=\"1500\" height=\"1500\" sizes=\"(max-width: 1500px) 100vw, 1500px\" title=\"DCE629B3-EFAA-4F06-88EE-7B9B7E7B75B6\" alt=\"\" loading=\"lazy\" \t\tclass=\"so-widget-image\"\/>\n\t<\/div>\n\n<\/div><\/div><div id=\"panel-1508-1-0-3\" class=\"so-panel widget widget_sow-image panel-last-child\" data-index=\"3\" ><div\n\t\t\t\n\t\t\tclass=\"so-widget-sow-image so-widget-sow-image-default-8b5b6f678277-1508\"\n\t\t\t\n\t\t>\n\n<div class=\"sow-image-container\">\n\t\t<img decoding=\"async\" src=\"http:\/\/caminhododao.org\/wp-content\/uploads\/2021\/11\/IMG_E0060-scaled-e1636060238408.jpg\" width=\"800\" height=\"800\" sizes=\"(max-width: 800px) 100vw, 800px\" alt=\"\" loading=\"lazy\" \t\tclass=\"so-widget-image\"\/>\n\t<\/div>\n\n<\/div><\/div><\/div><div id=\"pgc-1508-1-1\"  class=\"panel-grid-cell\" ><div id=\"panel-1508-1-1-0\" class=\"so-panel widget widget_sow-editor panel-first-child panel-last-child\" data-index=\"4\" ><div\n\t\t\t\n\t\t\tclass=\"so-widget-sow-editor so-widget-sow-editor-base\"\n\t\t\t\n\t\t>\n<div class=\"siteorigin-widget-tinymce textwidget\">\n\t<p>Alimentado pela paix\u00e3o pelo vale do rio D\u00e3o e a cren\u00e7a no poder de caminhar, est\u00e1 a ser desenvolvido um novo trilho: O Caminho do D\u00e3o, uma peregrina\u00e7\u00e3o de uma semana, em comunh\u00e3o com a natureza, descendo todo o trajeto do vale do D\u00e3o, da nascente at\u00e9 \u00e0 foz. Uma peregrina\u00e7\u00e3o \u00e9 um ato simples, mas poderoso, que pode gerar um sentimento de liga\u00e7\u00e3o com o mundo, connosco mesmos e de paz e regenera\u00e7\u00e3o, apenas caminhando. Esta \u00e9 a vivencia que o Caminho do D\u00e3o pretende proporcionar. Na primavera do 2019, o trilho foi explorado e descrito pela primeira vez, e esta primavera os primeiros grupos guiados percorr\u00ea-lo-\u00e3o.<\/p>\n<p>Para al\u00e9m de ser uma vivencia interessante para os visitantes, O Caminho do D\u00e3o tamb\u00e9m pretende ser de valor para as comunidades locais. Um dos objetivos do trilho \u00e9 dar for\u00e7a a um sentimento de liga\u00e7\u00e3o entre a comunidade local e o vale, e dessa maneira, contribuir para o bem-estar geral (orgulho e sentimento de perten\u00e7a) das pessoas que habitam no vale. Se o trilho \u00e9 valorizado tanto pelos visitantes como pelos habitantes, pode ajudar a aumentar os esfor\u00e7os regionais para valorizar e salvaguardar as qualidades naturais e culturais do vale, que \u00e9 um dos objetivos principais deste projeto no vale do D\u00e3o.<\/p>\n<p>A miss\u00e3o do projeto \u00e9 'contribuir para a vida (flora, fauna e humana) no vale'. Como produto tur\u00edstico n\u00e3o pretende apenas beneficiar das qualidades naturais e culturais do vale, mas tamb\u00e9m se de beneficio e preserv\u00e1-las. O Caminho do D\u00e3o \u00e9 visionado como uma experi\u00eancia de Turismo em Regenerativo e trabalha com m\u00e9todos baseados no \"Desenvolvimento Regenerativo\" *. Este projeto est\u00e1 baseado numa consci\u00eancia de situa\u00e7\u00e3o social e ambiental no vale, e nas ricas camadas de significados e simbolismos de um rio que tem o nome D\u00e3o. D\u00e3o \u00e9 uma forma conjugada do verbo dar: eles d\u00e3o. Adicionalmente \"O D\u00e3o\" \u00e9 o mesmo que 'O Tao', que literalmente significa 'o caminho', sendo uma filosofia oriental baseada na ideia de interconetividade da vida. Por \u00faltimo, mas n\u00e3o menos importante, um rio \u00e9 historicamente considerado um s\u00edmbolo de vida.<\/p>\n<p>Os primeiros pequenos passos est\u00e3o a ser dados para concretizar a miss\u00e3o do projeto. Est\u00e1 a ser delineado um projeto piloto de 'Turismo Regenerativo', em colabora\u00e7\u00e3o com a Freguesia de S\u00e3o Jo\u00e3o de Lourosa e a Escola Superior Agr\u00e1ria de Viseu\/IPV, no qual uma percentagem da receita do Caminho do D\u00e3o ser\u00e1 destinada \u00e0 conserva\u00e7\u00e3o da natureza, em \u00e1reas espec\u00edficas ao longo do rio. Nesta mesma Freguesia, as associa\u00e7\u00f5es locais t\u00eam demonstrado interesse em executando trabalho para manter o trilho aberto. Sob o t\u00edtulo 'O Caminho do D\u00e3o - um caminho de inspira\u00e7\u00e3o', a organiza\u00e7\u00e3o est\u00e1 a convidar profissionais\/especialistas, de diversas forma\u00e7\u00f5es (como agricultura, biologia, arte, educa\u00e7\u00e3o ambiental, bem-estar, antropologia etc.) para caminhar juntos neste trilho. O objetivo dessas parcerias \u00e9 gerar conversas, ideias e conte\u00fados que possam contribuir para tornar o Caminho do D\u00e3o um projeto que beneficia e sustenta a vida no vale do D\u00e3o de v\u00e1rias maneiras.<\/p>\n<p>Freya van Dien,<br \/>\nMoinhos do D\u00e3o, Fornos de Maceira D\u00e3o<\/p>\n<p>* O trilho pode inicialmente ser experimentado como um programa de caminhada em grupo e, no futuro, ser\u00e1 tamb\u00e9m oferecido em pacote, incluindo a rota em coordenadas GPS, pernoitas e refei\u00e7\u00f5es.<\/p>\n<p>* <a href=\"https:\/\/en.wikipedia.org\/wiki\/Regenerative_design\" target=\"_blank\" rel=\"noopener\"><strong>Desenvolvimento Regenerativo<\/strong><\/a>\u00a0\u00e9 uma abordagem ao desenvolvimento\/design orientada para o processo e percebendo sistemas inteiros. O termo \"regenerativo\" descreve processos que restauram, renovam ou revitalizam as suas pr\u00f3prias fontes de energia e materiais. O desenvolvimento\/design regenerativo usa a perspectiva dos sistemas inteiros para criar sistemas resilientes e equitativos que integram as necessidades da sociedade na integridade da natureza. Mais sobre este conceito <a href=\"https:\/\/regenesisgroup.com\/book\" target=\"_blank\" rel=\"noopener\">aqui<\/a>.<\/p>\n<\/div>\n<\/div><\/div><\/div><\/div><\/div>","protected":false},"excerpt":{"rendered":"<p>The Caminho do D\u00e3o is a week-long nature pilgrimage, down the entire length of the D\u00e3o valley from the source to the mouth of the&hellip;<\/p>","protected":false},"author":2,"featured_media":675,"parent":0,"menu_order":0,"comment_status":"open","ping_status":"open","template":"full-width.php","meta":{"_monsterinsights_skip_tracking":false,"_monsterinsights_sitenote_active":false,"_monsterinsights_sitenote_note":"","_monsterinsights_sitenote_category":0,"footnotes":""},"_links":{"self":[{"href":"http:\/\/caminhododao.org\/pt\/wp-json\/wp\/v2\/pages\/1508"}],"collection":[{"href":"http:\/\/caminhododao.org\/pt\/wp-json\/wp\/v2\/pages"}],"about":[{"href":"http:\/\/caminhododao.org\/pt\/wp-json\/wp\/v2\/types\/page"}],"author":[{"embeddable":true,"href":"http:\/\/caminhododao.org\/pt\/wp-json\/wp\/v2\/users\/2"}],"replies":[{"embeddable":true,"href":"http:\/\/caminhododao.org\/pt\/wp-json\/wp\/v2\/comments?post=1508"}],"version-history":[{"count":16,"href":"http:\/\/caminhododao.org\/pt\/wp-json\/wp\/v2\/pages\/1508\/revisions"}],"predecessor-version":[{"id":2355,"href":"http:\/\/caminhododao.org\/pt\/wp-json\/wp\/v2\/pages\/1508\/revisions\/2355"}],"wp:featuredmedia":[{"embeddable":true,"href":"http:\/\/caminhododao.org\/pt\/wp-json\/wp\/v2\/media\/675"}],"wp:attachment":[{"href":"http:\/\/caminhododao.org\/pt\/wp-json\/wp\/v2\/media?parent=1508"}],"curies":[{"name":"wp","href":"https:\/\/api.w.org\/{rel}","templated":true}]}}