{"id":1757,"date":"2021-05-28T16:31:31","date_gmt":"2021-05-28T16:31:31","guid":{"rendered":"http:\/\/caminhododao.org\/?p=1757"},"modified":"2024-07-30T17:08:18","modified_gmt":"2024-07-30T17:08:18","slug":"day-hike-biodiversity-and-hidden-mills-between-quinta-da-ponte-entre-aguas","status":"publish","type":"page","link":"http:\/\/caminhododao.org\/pt\/day-hike-biodiversity-and-hidden-mills-between-quinta-da-ponte-entre-aguas\/","title":{"rendered":"Caminhada de dia ~ Biodiversidade e moinhos abandonados entre Quinta da Ponte &amp; Entre \u00c1guas."},"content":{"rendered":"<div id=\"pl-1757\"  class=\"panel-layout\" ><div id=\"pg-1757-0\"  class=\"panel-grid panel-no-style\" ><div id=\"pgc-1757-0-0\"  class=\"panel-grid-cell\" ><div id=\"panel-1757-0-0-0\" class=\"so-panel widget widget_sow-editor panel-first-child panel-last-child\" data-index=\"0\" ><div\n\t\t\t\n\t\t\tclass=\"so-widget-sow-editor so-widget-sow-editor-base\"\n\t\t\t\n\t\t>\n<div class=\"siteorigin-widget-tinymce textwidget\">\n\t<h2>Day Hike ~ Biodiversity and abandoned mills between Quinta da Ponte &amp; Entre \u00c1guas.<\/h2>\n<\/div>\n<\/div><\/div><\/div><\/div><div id=\"pg-1757-1\"  class=\"panel-grid panel-no-style\" ><div id=\"pgc-1757-1-0\"  class=\"panel-grid-cell\" ><div id=\"panel-1757-1-0-0\" class=\"so-panel widget widget_sow-image panel-first-child\" data-index=\"1\" ><div\n\t\t\t\n\t\t\tclass=\"so-widget-sow-image so-widget-sow-image-default-8b5b6f678277-1757\"\n\t\t\t\n\t\t>\n\n<div class=\"sow-image-container\">\n\t\t\t<a href=\"http:\/\/caminhododao.org\/pt\/1746-2\/\"\n\t\t\t\t\t>\n\t\t\t<img decoding=\"async\" src=\"http:\/\/caminhododao.org\/wp-content\/uploads\/2022\/01\/PoldrasSquare.jpg\" width=\"1372\" height=\"1324\" srcset=\"http:\/\/caminhododao.org\/wp-content\/uploads\/2022\/01\/PoldrasSquare.jpg 1372w, http:\/\/caminhododao.org\/wp-content\/uploads\/2022\/01\/PoldrasSquare-300x290.jpg 300w, http:\/\/caminhododao.org\/wp-content\/uploads\/2022\/01\/PoldrasSquare-1024x988.jpg 1024w, http:\/\/caminhododao.org\/wp-content\/uploads\/2022\/01\/PoldrasSquare-768x741.jpg 768w, http:\/\/caminhododao.org\/wp-content\/uploads\/2022\/01\/PoldrasSquare-12x12.jpg 12w\" sizes=\"(max-width: 1372px) 100vw, 1372px\" alt=\"\" loading=\"lazy\" \t\tclass=\"so-widget-image\"\/>\n\t<\/a><\/div>\n\n<\/div><\/div><div id=\"panel-1757-1-0-1\" class=\"so-panel widget widget_sow-image\" data-index=\"2\" ><div\n\t\t\t\n\t\t\tclass=\"so-widget-sow-image so-widget-sow-image-default-8b5b6f678277-1757\"\n\t\t\t\n\t\t>\n\n<div class=\"sow-image-container\">\n\t\t<img decoding=\"async\" src=\"http:\/\/caminhododao.org\/wp-content\/uploads\/2021\/05\/IMG_9821.jpg\" width=\"1280\" height=\"1280\" srcset=\"http:\/\/caminhododao.org\/wp-content\/uploads\/2021\/05\/IMG_9821.jpg 1280w, http:\/\/caminhododao.org\/wp-content\/uploads\/2021\/05\/IMG_9821-300x300.jpg 300w, http:\/\/caminhododao.org\/wp-content\/uploads\/2021\/05\/IMG_9821-1024x1024.jpg 1024w, http:\/\/caminhododao.org\/wp-content\/uploads\/2021\/05\/IMG_9821-150x150.jpg 150w, http:\/\/caminhododao.org\/wp-content\/uploads\/2021\/05\/IMG_9821-768x768.jpg 768w, http:\/\/caminhododao.org\/wp-content\/uploads\/2021\/05\/IMG_9821-12x12.jpg 12w, http:\/\/caminhododao.org\/wp-content\/uploads\/2021\/05\/IMG_9821-600x600.jpg 600w, http:\/\/caminhododao.org\/wp-content\/uploads\/2021\/05\/IMG_9821-125x125.jpg 125w\" sizes=\"(max-width: 1280px) 100vw, 1280px\" alt=\"\" loading=\"lazy\" \t\tclass=\"so-widget-image\"\/>\n\t<\/div>\n\n<\/div><\/div><div id=\"panel-1757-1-0-2\" class=\"so-panel widget widget_sow-image panel-last-child\" data-index=\"3\" ><div\n\t\t\t\n\t\t\tclass=\"so-widget-sow-image so-widget-sow-image-default-8b5b6f678277-1757\"\n\t\t\t\n\t\t>\n\n<div class=\"sow-image-container\">\n\t\t<img decoding=\"async\" src=\"http:\/\/caminhododao.org\/wp-content\/uploads\/2021\/05\/caminho-do-dao-day-hike-quinta-da-ponte.jpg\" width=\"1280\" height=\"1280\" srcset=\"http:\/\/caminhododao.org\/wp-content\/uploads\/2021\/05\/caminho-do-dao-day-hike-quinta-da-ponte.jpg 1280w, http:\/\/caminhododao.org\/wp-content\/uploads\/2021\/05\/caminho-do-dao-day-hike-quinta-da-ponte-300x300.jpg 300w, http:\/\/caminhododao.org\/wp-content\/uploads\/2021\/05\/caminho-do-dao-day-hike-quinta-da-ponte-1024x1024.jpg 1024w, http:\/\/caminhododao.org\/wp-content\/uploads\/2021\/05\/caminho-do-dao-day-hike-quinta-da-ponte-150x150.jpg 150w, http:\/\/caminhododao.org\/wp-content\/uploads\/2021\/05\/caminho-do-dao-day-hike-quinta-da-ponte-768x768.jpg 768w, http:\/\/caminhododao.org\/wp-content\/uploads\/2021\/05\/caminho-do-dao-day-hike-quinta-da-ponte-12x12.jpg 12w\" sizes=\"(max-width: 1280px) 100vw, 1280px\" title=\"Caminho do D\u00e3o &#8211; Day hike\" alt=\"\" loading=\"lazy\" \t\tclass=\"so-widget-image\"\/>\n\t<\/div>\n\n<\/div><\/div><\/div><div id=\"pgc-1757-1-1\"  class=\"panel-grid-cell\" ><div id=\"panel-1757-1-1-0\" class=\"so-panel widget widget_sow-editor panel-first-child\" data-index=\"4\" ><div\n\t\t\t\n\t\t\tclass=\"so-widget-sow-editor so-widget-sow-editor-base\"\n\t\t\t\n\t\t>\n<div class=\"siteorigin-widget-tinymce textwidget\">\n\t<p><strong>Rota: <\/strong><em>Quinta da Ponte \u2013 Qta. Dos Ferreiros - Entre \u00c1guas - Ponte Dum - Quinta da Ponte<br \/>\n<\/em><strong>Coordenadas do ponto de partida:<\/strong> <a href=\"https:\/\/www.google.com\/maps\/place\/40%C2%B042'05.8%22N+7%C2%B034'46.6%22W\/@40.701599,-7.5818047,17z\/data=!3m1!4b1!4m6!3m5!1s0x0:0x0!7e2!8m2!3d40.7015993!4d-7.5796164\" target=\"_blank\" rel=\"noopener\">40.701599, -7.579616<\/a><br \/>\n<strong>Hora de in\u00edcio: <\/strong>10h00<br \/>\n<strong>Dist\u00e2ncia:<\/strong> 18 km<br \/>\n<strong>Dura\u00e7\u00e3o:<\/strong> 6-7h dependendo do grupo<br \/>\n<strong>N\u00edvel de dificuldade:<\/strong> moderado<br \/>\n<strong>Almo\u00e7o:<\/strong> almo\u00e7o vegetariano fornecido pela <a href=\"https:\/\/www.facebook.com\/quevisoeu\" target=\"_blank\" rel=\"noopener\">Que Viso Eu<\/a>: dedicado a promover o que de melhor se faz na Regi\u00e3o Centro.<br \/>\n<strong>Custos<\/strong>: adultos 40\u20ac e metade do pre\u00e7o para crian\u00e7as dos 5 aos 15 anos. (pre\u00e7o inclui guia, seguro e almo\u00e7o)<\/p>\n<\/div>\n<\/div><\/div><div id=\"panel-1757-1-1-1\" class=\"so-panel widget widget_sow-image\" data-index=\"5\" ><div\n\t\t\t\n\t\t\tclass=\"so-widget-sow-image so-widget-sow-image-default-8b5b6f678277-1757\"\n\t\t\t\n\t\t>\n\n<div class=\"sow-image-container\">\n\t\t<img decoding=\"async\" src=\"http:\/\/caminhododao.org\/wp-content\/uploads\/2021\/05\/ContactCdD-e1633811135434.jpg\" width=\"250\" height=\"88\" sizes=\"(max-width: 250px) 100vw, 250px\" title=\"ContactCdD\" alt=\"\" loading=\"lazy\" \t\tclass=\"so-widget-image\"\/>\n\t<\/div>\n\n<\/div><\/div><div id=\"panel-1757-1-1-2\" class=\"so-panel widget widget_sow-editor\" data-index=\"6\" ><div\n\t\t\t\n\t\t\tclass=\"so-widget-sow-editor so-widget-sow-editor-base\"\n\t\t\t\n\t\t>\n<div class=\"siteorigin-widget-tinymce textwidget\">\n\t<p>Esta caminhada de um dia passa por uma das zonas mais sossegadas e biodiversas do vale do D\u00e3o. Come\u00e7amos na bonita e antiga aldeia da Quinta da Ponte situada na vertente norte do vale e sobranceira a uma estreita passagem do D\u00e3o. Daqui descemos para o D\u00e3o e come\u00e7amos a descer a jusante.<\/p>\n<p>Durante a maior parte da caminhada, estaremos seguindo os antigos caminhos que ficam no limite entre as florestas e as plan\u00edcies aluviais do vale do rio. Experimentar\u00e1 a paisagem t\u00edpica do vale do rio com os espa\u00e7os abertos das varzeas que s\u00e3o usados para cultivo e pastagem, a faixa de \u00e1rvores altas (amieiros e cinzas) diretamente nas margens do rio e as florestas nas encostas do vale. A caminhada passa por alguns trechos bem preservados de carvalhais e florestas rip\u00edculas e vamos desfrutar de nosso almo\u00e7o em sua sombra fresca em um moinho de \u00e1gua abandonado. No meio do caminho, atravessamos o rio sobre poldras bem preservadas e voltamos para o outro lado do vale.<\/p>\n<p>A vida selvagem que pode ser observada nesta trilha inclui abelharucos, guards rios, lontras, v\u00e1rias aves de rapina, uma abund\u00e2ncia de borboletas e outros insetos, e muitos tipos de lagartos.<\/p>\n<\/div>\n<\/div><\/div><div id=\"panel-1757-1-1-3\" class=\"so-panel widget widget_sow-image panel-last-child\" data-index=\"7\" ><div\n\t\t\t\n\t\t\tclass=\"so-widget-sow-image so-widget-sow-image-default-8b5b6f678277-1757\"\n\t\t\t\n\t\t>\n\n<div class=\"sow-image-container\">\n\t\t<img decoding=\"async\" src=\"http:\/\/caminhododao.org\/wp-content\/uploads\/2021\/12\/6-footsteps-green-background.jpg\" width=\"2000\" height=\"150\" srcset=\"http:\/\/caminhododao.org\/wp-content\/uploads\/2021\/12\/6-footsteps-green-background.jpg 2000w, http:\/\/caminhododao.org\/wp-content\/uploads\/2021\/12\/6-footsteps-green-background-300x23.jpg 300w, http:\/\/caminhododao.org\/wp-content\/uploads\/2021\/12\/6-footsteps-green-background-1024x77.jpg 1024w, http:\/\/caminhododao.org\/wp-content\/uploads\/2021\/12\/6-footsteps-green-background-768x58.jpg 768w, http:\/\/caminhododao.org\/wp-content\/uploads\/2021\/12\/6-footsteps-green-background-1536x115.jpg 1536w, http:\/\/caminhododao.org\/wp-content\/uploads\/2021\/12\/6-footsteps-green-background-18x1.jpg 18w\" sizes=\"(max-width: 2000px) 100vw, 2000px\" title=\"6 footsteps green background\" alt=\"\" loading=\"lazy\" \t\tclass=\"so-widget-image\"\/>\n\t<\/div>\n\n<\/div><\/div><\/div><\/div><\/div>","protected":false},"excerpt":{"rendered":"<p>Day Hike ~ Biodiversity and abandoned mills between Quinta da Ponte &amp; Entre \u00c1guas. Route: Quinta da Ponte \u2013 Qta. Dos Ferreiros &#8211; Entre \u00c1guas&hellip;<\/p>","protected":false},"author":2,"featured_media":1929,"parent":0,"menu_order":0,"comment_status":"closed","ping_status":"open","template":"","meta":{"_monsterinsights_skip_tracking":false,"_monsterinsights_sitenote_active":false,"_monsterinsights_sitenote_note":"","_monsterinsights_sitenote_category":0,"footnotes":""},"_links":{"self":[{"href":"http:\/\/caminhododao.org\/pt\/wp-json\/wp\/v2\/pages\/1757"}],"collection":[{"href":"http:\/\/caminhododao.org\/pt\/wp-json\/wp\/v2\/pages"}],"about":[{"href":"http:\/\/caminhododao.org\/pt\/wp-json\/wp\/v2\/types\/page"}],"author":[{"embeddable":true,"href":"http:\/\/caminhododao.org\/pt\/wp-json\/wp\/v2\/users\/2"}],"replies":[{"embeddable":true,"href":"http:\/\/caminhododao.org\/pt\/wp-json\/wp\/v2\/comments?post=1757"}],"version-history":[{"count":100,"href":"http:\/\/caminhododao.org\/pt\/wp-json\/wp\/v2\/pages\/1757\/revisions"}],"predecessor-version":[{"id":3731,"href":"http:\/\/caminhododao.org\/pt\/wp-json\/wp\/v2\/pages\/1757\/revisions\/3731"}],"wp:featuredmedia":[{"embeddable":true,"href":"http:\/\/caminhododao.org\/pt\/wp-json\/wp\/v2\/media\/1929"}],"wp:attachment":[{"href":"http:\/\/caminhododao.org\/pt\/wp-json\/wp\/v2\/media?parent=1757"}],"curies":[{"name":"wp","href":"https:\/\/api.w.org\/{rel}","templated":true}]}}