{"id":1899,"date":"2021-07-13T09:06:19","date_gmt":"2021-07-13T09:06:19","guid":{"rendered":"http:\/\/caminhododao.org\/?p=1899"},"modified":"2024-08-26T15:45:43","modified_gmt":"2024-08-26T15:45:43","slug":"morning-hike-monastery-rio-dao-2","status":"publish","type":"page","link":"http:\/\/caminhododao.org\/pt\/morning-hike-monastery-rio-dao-2\/","title":{"rendered":"Joias do vale do D\u00e3o: Mosteiro do s\u00e9culo XII e poldras do rio."},"content":{"rendered":"<div id=\"pl-1899\"  class=\"panel-layout\" ><div id=\"pg-1899-0\"  class=\"panel-grid panel-no-style\" ><div id=\"pgc-1899-0-0\"  class=\"panel-grid-cell\" ><div id=\"panel-1899-0-0-0\" class=\"so-panel widget widget_sow-editor panel-first-child panel-last-child\" data-index=\"0\" ><div\n\t\t\t\n\t\t\tclass=\"so-widget-sow-editor so-widget-sow-editor-base\"\n\t\t\t\n\t\t>\n<div class=\"siteorigin-widget-tinymce textwidget\">\n\t<h2>Joias do vale do D\u00e3o: Mosteiro do s\u00e9culo XII e poldras do rio.<\/h2>\n<\/div>\n<\/div><\/div><\/div><\/div><div id=\"pg-1899-1\"  class=\"panel-grid panel-no-style\" ><div id=\"pgc-1899-1-0\"  class=\"panel-grid-cell\" ><div id=\"panel-1899-1-0-0\" class=\"so-panel widget widget_sow-image panel-first-child\" data-index=\"1\" ><div\n\t\t\t\n\t\t\tclass=\"so-widget-sow-image so-widget-sow-image-default-8b5b6f678277-1899\"\n\t\t\t\n\t\t>\n\n<div class=\"sow-image-container\">\n\t\t<img decoding=\"async\" src=\"http:\/\/caminhododao.org\/wp-content\/uploads\/2022\/06\/IMG_3990.jpg\" width=\"1000\" height=\"1000\" srcset=\"http:\/\/caminhododao.org\/wp-content\/uploads\/2022\/06\/IMG_3990.jpg 1000w, http:\/\/caminhododao.org\/wp-content\/uploads\/2022\/06\/IMG_3990-300x300.jpg 300w, http:\/\/caminhododao.org\/wp-content\/uploads\/2022\/06\/IMG_3990-150x150.jpg 150w, http:\/\/caminhododao.org\/wp-content\/uploads\/2022\/06\/IMG_3990-768x768.jpg 768w, http:\/\/caminhododao.org\/wp-content\/uploads\/2022\/06\/IMG_3990-12x12.jpg 12w, http:\/\/caminhododao.org\/wp-content\/uploads\/2022\/06\/IMG_3990-600x600.jpg 600w, http:\/\/caminhododao.org\/wp-content\/uploads\/2022\/06\/IMG_3990-125x125.jpg 125w\" sizes=\"(max-width: 1000px) 100vw, 1000px\" title=\"Mosteiro CdD 2022\" alt=\"\" loading=\"lazy\" \t\tclass=\"so-widget-image\"\/>\n\t<\/div>\n\n<\/div><\/div><div id=\"panel-1899-1-0-1\" class=\"so-panel widget widget_sow-image\" data-index=\"2\" ><div\n\t\t\t\n\t\t\tclass=\"so-widget-sow-image so-widget-sow-image-default-8b5b6f678277-1899\"\n\t\t\t\n\t\t>\n\n<div class=\"sow-image-container\">\n\t\t<img decoding=\"async\" src=\"http:\/\/caminhododao.org\/wp-content\/uploads\/2023\/06\/Igreja-Mosteiro.jpg\" width=\"1200\" height=\"1200\" srcset=\"http:\/\/caminhododao.org\/wp-content\/uploads\/2023\/06\/Igreja-Mosteiro.jpg 1200w, http:\/\/caminhododao.org\/wp-content\/uploads\/2023\/06\/Igreja-Mosteiro-300x300.jpg 300w, http:\/\/caminhododao.org\/wp-content\/uploads\/2023\/06\/Igreja-Mosteiro-1024x1024.jpg 1024w, http:\/\/caminhododao.org\/wp-content\/uploads\/2023\/06\/Igreja-Mosteiro-150x150.jpg 150w, http:\/\/caminhododao.org\/wp-content\/uploads\/2023\/06\/Igreja-Mosteiro-768x768.jpg 768w, http:\/\/caminhododao.org\/wp-content\/uploads\/2023\/06\/Igreja-Mosteiro-12x12.jpg 12w\" sizes=\"(max-width: 1200px) 100vw, 1200px\" title=\"Igreja Mosteiro\" alt=\"\" loading=\"lazy\" \t\tclass=\"so-widget-image\"\/>\n\t<\/div>\n\n<\/div><\/div><div id=\"panel-1899-1-0-2\" class=\"so-panel widget widget_sow-image\" data-index=\"3\" ><div\n\t\t\t\n\t\t\tclass=\"so-widget-sow-image so-widget-sow-image-default-8b5b6f678277-1899\"\n\t\t\t\n\t\t>\n\n<div class=\"sow-image-container\">\n\t\t<img decoding=\"async\" src=\"http:\/\/caminhododao.org\/wp-content\/uploads\/2021\/05\/StepSTYouth.jpeg\" width=\"1440\" height=\"1440\" srcset=\"http:\/\/caminhododao.org\/wp-content\/uploads\/2021\/05\/StepSTYouth.jpeg 1440w, http:\/\/caminhododao.org\/wp-content\/uploads\/2021\/05\/StepSTYouth-300x300.jpeg 300w, http:\/\/caminhododao.org\/wp-content\/uploads\/2021\/05\/StepSTYouth-1024x1024.jpeg 1024w, http:\/\/caminhododao.org\/wp-content\/uploads\/2021\/05\/StepSTYouth-150x150.jpeg 150w, http:\/\/caminhododao.org\/wp-content\/uploads\/2021\/05\/StepSTYouth-768x768.jpeg 768w, http:\/\/caminhododao.org\/wp-content\/uploads\/2021\/05\/StepSTYouth-12x12.jpeg 12w, http:\/\/caminhododao.org\/wp-content\/uploads\/2021\/05\/StepSTYouth-600x600.jpeg 600w, http:\/\/caminhododao.org\/wp-content\/uploads\/2021\/05\/StepSTYouth-125x125.jpeg 125w\" sizes=\"(max-width: 1440px) 100vw, 1440px\" alt=\"\" loading=\"lazy\" \t\tclass=\"so-widget-image\"\/>\n\t<\/div>\n\n<\/div><\/div><div id=\"panel-1899-1-0-3\" class=\"so-panel widget widget_sow-image panel-last-child\" data-index=\"4\" ><div\n\t\t\t\n\t\t\tclass=\"so-widget-sow-image so-widget-sow-image-default-8b5b6f678277-1899\"\n\t\t\t\n\t\t>\n\n<div class=\"sow-image-container\">\n\t\t<img decoding=\"async\" src=\"http:\/\/caminhododao.org\/wp-content\/uploads\/2021\/05\/SteventoNSdCabeca.jpeg\" width=\"1080\" height=\"1080\" srcset=\"http:\/\/caminhododao.org\/wp-content\/uploads\/2021\/05\/SteventoNSdCabeca.jpeg 1080w, http:\/\/caminhododao.org\/wp-content\/uploads\/2021\/05\/SteventoNSdCabeca-300x300.jpeg 300w, http:\/\/caminhododao.org\/wp-content\/uploads\/2021\/05\/SteventoNSdCabeca-1024x1024.jpeg 1024w, http:\/\/caminhododao.org\/wp-content\/uploads\/2021\/05\/SteventoNSdCabeca-150x150.jpeg 150w, http:\/\/caminhododao.org\/wp-content\/uploads\/2021\/05\/SteventoNSdCabeca-768x768.jpeg 768w, http:\/\/caminhododao.org\/wp-content\/uploads\/2021\/05\/SteventoNSdCabeca-12x12.jpeg 12w, http:\/\/caminhododao.org\/wp-content\/uploads\/2021\/05\/SteventoNSdCabeca-600x600.jpeg 600w, http:\/\/caminhododao.org\/wp-content\/uploads\/2021\/05\/SteventoNSdCabeca-125x125.jpeg 125w\" sizes=\"(max-width: 1080px) 100vw, 1080px\" alt=\"\" loading=\"lazy\" \t\tclass=\"so-widget-image\"\/>\n\t<\/div>\n\n<\/div><\/div><\/div><div id=\"pgc-1899-1-1\"  class=\"panel-grid-cell\" ><div id=\"panel-1899-1-1-0\" class=\"so-panel widget widget_sow-editor panel-first-child\" data-index=\"5\" ><div\n\t\t\t\n\t\t\tclass=\"so-widget-sow-editor so-widget-sow-editor-base\"\n\t\t\t\n\t\t>\n<div class=\"siteorigin-widget-tinymce textwidget\">\n\t<p><strong>Destaques: <\/strong><em>Mosteiro de Santa Maria de Maceira D\u00e3o ~ Capela de Nossa Senhora de Cabe\u00e7a ~ vistas e vinhas do vale ~ caminho sombreado ao longo do rio ~ galeria rip\u00edcula e poldras<\/em><strong>.<\/strong><\/p>\n<p><strong>Dist\u00e2ncia:<\/strong> 8 km<br \/>\n<strong>Hora de in\u00edcio: <\/strong>entre as 9h e as 10h dependendo do grupo<br \/>\n<strong>Coordenadas do ponto de partida: <\/strong><a href=\"https:\/\/www.google.pt\/maps\/place\/40%C2%B036'57.0%22N+7%C2%B049'43.9%22W\/@40.615829,-7.8299593,357m\/data=!3m2!1e3!4b1!4m13!1m6!3m5!1s0xd233480eb5de0cd:0x7444c4874c740ffe!2sMonastery+of+Santa+Maria+de+Maceira+D%C3%A3o!8m2!3d40.6161725!4d-7.827248!3m5!1s0x0:0x0!7e2!8m2!3d40.6158292!4d-7.8288652?hl=nl\" target=\"_blank\" rel=\"noopener\">40.615829, -7.828865<\/a><br \/>\n<strong>Dura\u00e7\u00e3o:<\/strong> 3-4h dependendo do grupo<br \/>\n<strong>N\u00edvel de dificuldade:<\/strong> moderado<br \/>\n<strong>Custos<\/strong>: adultos 15\u20ac e metade do pre\u00e7o para crian\u00e7as dos 5 aos 10 anos. (pre\u00e7o inclui guia e seguro)<br \/>\n<strong>Atividades adicionais na \u00e1rea<\/strong>: relaxando ao lado do lago em <a href=\"https:\/\/www.casadorio-fagilde.com\/\" target=\"_blank\" rel=\"noopener\">Casa do Rio<\/a> ou <a href=\"https:\/\/www.facebook.com\/binodao\/\" target=\"_blank\" rel=\"noopener\">Binod\u00e3o<\/a>, visita \u00e0s vinhas e prova de vinhos no <a href=\"https:\/\/soitowines.com\/?lang=en\" target=\"_blank\" rel=\"noopener\">Soito Wines<\/a>.<\/p>\n<\/div>\n<\/div><\/div><div id=\"panel-1899-1-1-1\" class=\"so-panel widget widget_sow-image\" data-index=\"6\" ><div\n\t\t\t\n\t\t\tclass=\"so-widget-sow-image so-widget-sow-image-default-8b5b6f678277-1899\"\n\t\t\t\n\t\t>\n\n<div class=\"sow-image-container\">\n\t\t<img decoding=\"async\" src=\"http:\/\/caminhododao.org\/wp-content\/uploads\/2021\/05\/ContactCdD-e1633811135434.jpg\" width=\"250\" height=\"88\" sizes=\"(max-width: 250px) 100vw, 250px\" title=\"ContactCdD\" alt=\"\" loading=\"lazy\" \t\tclass=\"so-widget-image\"\/>\n\t<\/div>\n\n<\/div><\/div><div id=\"panel-1899-1-1-2\" class=\"so-panel widget widget_sow-editor\" data-index=\"7\" ><div\n\t\t\t\n\t\t\tclass=\"so-widget-sow-editor so-widget-sow-editor-base\"\n\t\t\t\n\t\t>\n<div class=\"siteorigin-widget-tinymce textwidget\">\n\t<p>Venha conhe\u00e7er um dos mais magn\u00edficos locais de patrim\u00f3nio cultural do vale do D\u00e3o: <a href=\"https:\/\/en.wikipedia.org\/wiki\/Monastery_of_Santa_Maria_de_Maceira_D%C3%A3o\" target=\"_blank\" rel=\"noopener\">Mosteiro de Santa Maria de Maceira D\u00e3o<\/a>. Fundado em 1173 por monges da Ordem da Cisterna e ativo at\u00e9 o in\u00edcio do seculo 19.<sup>th<\/sup> s\u00e9culo. A caminhada incluir\u00e1 uma visita guiada ao exterior do edif\u00edcio e terrenos adjacentes. A partir do mosteiro a caminhada passa pela Capela da Nossa Senhora da Cabe\u00e7a que oferece uma bela perspectiva sobre o Mosteiro e a sua localiza\u00e7\u00e3o \u00fanica no vale.<\/p>\n<p>A caminhada sobe o vale do D\u00e3o para desfrutar de belas vistas do vale e depois desce para acompanhar de perto o rio at\u00e9 uma travessia fluvial de poldras. Aqui o grupo pode desfrutar das \u00e1guas rasas e da paisagem fluvial e observar muita vida selvagem de \u00e1gua doce, como uma variedade de lib\u00e9lulas a dan\u00e7ar acima da \u00e1gua, peixes no rio e, se tivermos sorte, o guarda-rios azul met\u00e1lico. Das pedras caminh\u00e1mos de volta ao Mosteiro.<\/p>\n<\/div>\n<\/div><\/div><div id=\"panel-1899-1-1-3\" class=\"so-panel widget widget_sow-image panel-last-child\" data-index=\"8\" ><div\n\t\t\t\n\t\t\tclass=\"so-widget-sow-image so-widget-sow-image-default-8b5b6f678277-1899\"\n\t\t\t\n\t\t>\n\n<div class=\"sow-image-container\">\n\t\t<img decoding=\"async\" src=\"http:\/\/caminhododao.org\/wp-content\/uploads\/2021\/12\/6-footsteps-green-background.jpg\" width=\"2000\" height=\"150\" srcset=\"http:\/\/caminhododao.org\/wp-content\/uploads\/2021\/12\/6-footsteps-green-background.jpg 2000w, http:\/\/caminhododao.org\/wp-content\/uploads\/2021\/12\/6-footsteps-green-background-300x23.jpg 300w, http:\/\/caminhododao.org\/wp-content\/uploads\/2021\/12\/6-footsteps-green-background-1024x77.jpg 1024w, http:\/\/caminhododao.org\/wp-content\/uploads\/2021\/12\/6-footsteps-green-background-768x58.jpg 768w, http:\/\/caminhododao.org\/wp-content\/uploads\/2021\/12\/6-footsteps-green-background-1536x115.jpg 1536w, http:\/\/caminhododao.org\/wp-content\/uploads\/2021\/12\/6-footsteps-green-background-18x1.jpg 18w\" sizes=\"(max-width: 2000px) 100vw, 2000px\" title=\"6 footsteps green background\" alt=\"\" loading=\"lazy\" \t\tclass=\"so-widget-image\"\/>\n\t<\/div>\n\n<\/div><\/div><\/div><\/div><\/div>","protected":false},"excerpt":{"rendered":"<p>D\u00e3o valley gems: 12th century Monastery &amp; river stepping stones. Highlights: Chapel of Nossa Senhora de Cabe\u00e7a ~ Monastery of Santa Maria de Maceira D\u00e3o&hellip;<\/p>","protected":false},"author":2,"featured_media":1764,"parent":0,"menu_order":0,"comment_status":"closed","ping_status":"open","template":"","meta":{"_monsterinsights_skip_tracking":false,"_monsterinsights_sitenote_active":false,"_monsterinsights_sitenote_note":"","_monsterinsights_sitenote_category":0,"footnotes":""},"_links":{"self":[{"href":"http:\/\/caminhododao.org\/pt\/wp-json\/wp\/v2\/pages\/1899"}],"collection":[{"href":"http:\/\/caminhododao.org\/pt\/wp-json\/wp\/v2\/pages"}],"about":[{"href":"http:\/\/caminhododao.org\/pt\/wp-json\/wp\/v2\/types\/page"}],"author":[{"embeddable":true,"href":"http:\/\/caminhododao.org\/pt\/wp-json\/wp\/v2\/users\/2"}],"replies":[{"embeddable":true,"href":"http:\/\/caminhododao.org\/pt\/wp-json\/wp\/v2\/comments?post=1899"}],"version-history":[{"count":55,"href":"http:\/\/caminhododao.org\/pt\/wp-json\/wp\/v2\/pages\/1899\/revisions"}],"predecessor-version":[{"id":3748,"href":"http:\/\/caminhododao.org\/pt\/wp-json\/wp\/v2\/pages\/1899\/revisions\/3748"}],"wp:featuredmedia":[{"embeddable":true,"href":"http:\/\/caminhododao.org\/pt\/wp-json\/wp\/v2\/media\/1764"}],"wp:attachment":[{"href":"http:\/\/caminhododao.org\/pt\/wp-json\/wp\/v2\/media?parent=1899"}],"curies":[{"name":"wp","href":"https:\/\/api.w.org\/{rel}","templated":true}]}}