{"id":2994,"date":"2022-06-19T11:15:00","date_gmt":"2022-06-19T11:15:00","guid":{"rendered":"http:\/\/caminhododao.org\/?p=2994"},"modified":"2024-08-26T17:10:52","modified_gmt":"2024-08-26T17:10:52","slug":"dao-vineyards-and-forests-around-santar-garden-village","status":"publish","type":"page","link":"http:\/\/caminhododao.org\/pt\/dao-vineyards-and-forests-around-santar-garden-village\/","title":{"rendered":"~ Rural riches and historic villages &#8211; Santar and Vilar Seco ~"},"content":{"rendered":"<div id=\"pl-2994\"  class=\"panel-layout\" ><div id=\"pg-2994-0\"  class=\"panel-grid panel-no-style\" ><div id=\"pgc-2994-0-0\"  class=\"panel-grid-cell\" ><div id=\"panel-2994-0-0-0\" class=\"so-panel widget widget_sow-editor panel-first-child panel-last-child\" data-index=\"0\" ><div\n\t\t\t\n\t\t\tclass=\"so-widget-sow-editor so-widget-sow-editor-base\"\n\t\t\t\n\t\t>\n<div class=\"siteorigin-widget-tinymce textwidget\">\n\t<h2>Riquezas rurais e aldeias hist\u00f3ricas \u2013 Santar e Vilar Seco<\/h2>\n<\/div>\n<\/div><\/div><\/div><\/div><div id=\"pg-2994-1\"  class=\"panel-grid panel-no-style\" ><div id=\"pgc-2994-1-0\"  class=\"panel-grid-cell\" ><div id=\"panel-2994-1-0-0\" class=\"so-panel widget widget_sow-image panel-first-child\" data-index=\"1\" ><div\n\t\t\t\n\t\t\tclass=\"so-widget-sow-image so-widget-sow-image-default-8b5b6f678277-2994\"\n\t\t\t\n\t\t>\n\n<div class=\"sow-image-container\">\n\t\t<img decoding=\"async\" src=\"http:\/\/caminhododao.org\/wp-content\/uploads\/2022\/06\/ACE99957-4F6C-4DAB-AFCA-5BD8AFC81D39.jpg\" width=\"1280\" height=\"1280\" srcset=\"http:\/\/caminhododao.org\/wp-content\/uploads\/2022\/06\/ACE99957-4F6C-4DAB-AFCA-5BD8AFC81D39.jpg 1280w, http:\/\/caminhododao.org\/wp-content\/uploads\/2022\/06\/ACE99957-4F6C-4DAB-AFCA-5BD8AFC81D39-300x300.jpg 300w, http:\/\/caminhododao.org\/wp-content\/uploads\/2022\/06\/ACE99957-4F6C-4DAB-AFCA-5BD8AFC81D39-1024x1024.jpg 1024w, http:\/\/caminhododao.org\/wp-content\/uploads\/2022\/06\/ACE99957-4F6C-4DAB-AFCA-5BD8AFC81D39-150x150.jpg 150w, http:\/\/caminhododao.org\/wp-content\/uploads\/2022\/06\/ACE99957-4F6C-4DAB-AFCA-5BD8AFC81D39-768x768.jpg 768w, http:\/\/caminhododao.org\/wp-content\/uploads\/2022\/06\/ACE99957-4F6C-4DAB-AFCA-5BD8AFC81D39-12x12.jpg 12w, http:\/\/caminhododao.org\/wp-content\/uploads\/2022\/06\/ACE99957-4F6C-4DAB-AFCA-5BD8AFC81D39-600x600.jpg 600w, http:\/\/caminhododao.org\/wp-content\/uploads\/2022\/06\/ACE99957-4F6C-4DAB-AFCA-5BD8AFC81D39-125x125.jpg 125w\" sizes=\"(max-width: 1280px) 100vw, 1280px\" title=\"Caminho do D\u00e3o &#8211; Santar fountain\" alt=\"\" loading=\"lazy\" \t\tclass=\"so-widget-image\"\/>\n\t<\/div>\n\n<\/div><\/div><div id=\"panel-2994-1-0-1\" class=\"so-panel widget widget_sow-image\" data-index=\"2\" ><div\n\t\t\t\n\t\t\tclass=\"so-widget-sow-image so-widget-sow-image-default-8b5b6f678277-2994\"\n\t\t\t\n\t\t>\n\n<div class=\"sow-image-container\">\n\t\t<img decoding=\"async\" src=\"http:\/\/caminhododao.org\/wp-content\/uploads\/2022\/02\/C5BF949D-839B-4EEB-8335-E49A10525C51-1.jpg\" width=\"640\" height=\"640\" srcset=\"http:\/\/caminhododao.org\/wp-content\/uploads\/2022\/02\/C5BF949D-839B-4EEB-8335-E49A10525C51-1.jpg 640w, http:\/\/caminhododao.org\/wp-content\/uploads\/2022\/02\/C5BF949D-839B-4EEB-8335-E49A10525C51-1-300x300.jpg 300w, http:\/\/caminhododao.org\/wp-content\/uploads\/2022\/02\/C5BF949D-839B-4EEB-8335-E49A10525C51-1-150x150.jpg 150w, http:\/\/caminhododao.org\/wp-content\/uploads\/2022\/02\/C5BF949D-839B-4EEB-8335-E49A10525C51-1-12x12.jpg 12w, http:\/\/caminhododao.org\/wp-content\/uploads\/2022\/02\/C5BF949D-839B-4EEB-8335-E49A10525C51-1-600x600.jpg 600w, http:\/\/caminhododao.org\/wp-content\/uploads\/2022\/02\/C5BF949D-839B-4EEB-8335-E49A10525C51-1-125x125.jpg 125w\" sizes=\"(max-width: 640px) 100vw, 640px\" title=\"Caminho do D\u00e3o &#8211; Santar hike\" alt=\"\" loading=\"lazy\" \t\tclass=\"so-widget-image\"\/>\n\t<\/div>\n\n<\/div><\/div><div id=\"panel-2994-1-0-2\" class=\"so-panel widget widget_sow-image panel-last-child\" data-index=\"3\" ><div\n\t\t\t\n\t\t\tclass=\"so-widget-sow-image so-widget-sow-image-default-8b5b6f678277-2994\"\n\t\t\t\n\t\t>\n\n<div class=\"sow-image-container\">\n\t\t<img decoding=\"async\" src=\"http:\/\/caminhododao.org\/wp-content\/uploads\/2022\/01\/IMG_1945.jpg\" width=\"1455\" height=\"1455\" srcset=\"http:\/\/caminhododao.org\/wp-content\/uploads\/2022\/01\/IMG_1945.jpg 1455w, http:\/\/caminhododao.org\/wp-content\/uploads\/2022\/01\/IMG_1945-300x300.jpg 300w, http:\/\/caminhododao.org\/wp-content\/uploads\/2022\/01\/IMG_1945-1024x1024.jpg 1024w, http:\/\/caminhododao.org\/wp-content\/uploads\/2022\/01\/IMG_1945-150x150.jpg 150w, http:\/\/caminhododao.org\/wp-content\/uploads\/2022\/01\/IMG_1945-768x768.jpg 768w, http:\/\/caminhododao.org\/wp-content\/uploads\/2022\/01\/IMG_1945-12x12.jpg 12w, http:\/\/caminhododao.org\/wp-content\/uploads\/2022\/01\/IMG_1945-600x600.jpg 600w, http:\/\/caminhododao.org\/wp-content\/uploads\/2022\/01\/IMG_1945-125x125.jpg 125w\" sizes=\"(max-width: 1455px) 100vw, 1455px\" alt=\"\" loading=\"lazy\" \t\tclass=\"so-widget-image\"\/>\n\t<\/div>\n\n<\/div><\/div><\/div><div id=\"pgc-2994-1-1\"  class=\"panel-grid-cell\" ><div id=\"panel-2994-1-1-0\" class=\"so-panel widget widget_sow-editor panel-first-child\" data-index=\"4\" ><div\n\t\t\t\n\t\t\tclass=\"so-widget-sow-editor so-widget-sow-editor-base\"\n\t\t\t\n\t\t>\n<div class=\"siteorigin-widget-tinymce textwidget\">\n\t<p><strong>Rota:<\/strong> Santar Vila Jardim - Rib. do Cagavaio - Vale do Cuco - Vilar Seco - Rib. do Cagavaio - Casal Sancho - Santar<br \/>\n<strong>Dist\u00e2ncia:<\/strong> 8 km<br \/>\n<strong>Dura\u00e7\u00e3o:<\/strong> 3-4h dependendo do grupo<br \/>\n<strong>Hora de in\u00edcio:<\/strong>entre as 9h e as 10h dependendo do grupo<br \/>\n<strong>Ponto de partida<\/strong>: Igreja Matriz de Santar<br \/>\n<strong>N\u00edvel de dificuldade:<\/strong> moderado<br \/>\n<strong>Custos<\/strong>: adultos 15\u20ac e metade do pre\u00e7o para crian\u00e7as dos 5 aos 10 anos. (pre\u00e7o inclui guia e seguro)<\/p>\n<p><strong>Opcional:<\/strong> degusta\u00e7\u00e3o de queijos regionais no <a href=\"https:\/\/www.quintadaestaca.pt\/visitas7350493d\">Quinta da Estaca<\/a> em Vilar Seco.<br \/>\n<strong>Atividades adicionais na \u00e1rea<\/strong>: praia fluvial com caf\u00e9s e parque infantil em <a href=\"https:\/\/goo.gl\/maps\/sSzt56qNms1iaCVe7\" target=\"_blank\" rel=\"noopener\">Alcafache.<\/a><\/p>\n<\/div>\n<\/div><\/div><div id=\"panel-2994-1-1-1\" class=\"so-panel widget widget_sow-image\" data-index=\"5\" ><div\n\t\t\t\n\t\t\tclass=\"so-widget-sow-image so-widget-sow-image-default-8b5b6f678277-2994\"\n\t\t\t\n\t\t>\n\n<div class=\"sow-image-container\">\n\t\t<img decoding=\"async\" src=\"http:\/\/caminhododao.org\/wp-content\/uploads\/2021\/05\/ContactCdD-e1633811135434.jpg\" width=\"250\" height=\"88\" sizes=\"(max-width: 250px) 100vw, 250px\" title=\"ContactCdD\" alt=\"\" loading=\"lazy\" \t\tclass=\"so-widget-image\"\/>\n\t<\/div>\n\n<\/div><\/div><div id=\"panel-2994-1-1-2\" class=\"so-panel widget widget_sow-editor\" data-index=\"6\" ><div\n\t\t\t\n\t\t\tclass=\"so-widget-sow-editor so-widget-sow-editor-base\"\n\t\t\t\n\t\t>\n<div class=\"siteorigin-widget-tinymce textwidget\">\n\t<p>Venha explorar as riquezas rurais portuguesas no centro do vale do D\u00e3o. Encantadoras aldeias hist\u00f3ricas de Santar e Vilar Seco, infind\u00e1veis \u200b\u200bcampos de vinha do D\u00e3o, olivais, pastagens entrela\u00e7adas com pequenas parcelas florestais.<\/p>\n<p>Esta caminhada come\u00e7a e termina no largo do Pa\u00e7o de Santar, na 'Santar Vila Jardim\u2019, com as suas muitas quintas antigas e v\u00e1rias casas de vinho famosas. Come\u00e7amos por um pequeno passeio pela aldeia, conhecendo um pouco da sua rica hist\u00f3ria.<\/p>\n<p>A partir de Santar caminhamos em dire\u00e7\u00e3o a sul at\u00e9 aos aparentemente intermin\u00e1veis \u200b\u200bvinhas da \u2018Casa de Santar\u2019 que se estendem pela aldeia. Caminharemos pelos antigos caminhos rurais atrav\u00e9s de um vale entre Santa e Vilar Seco. A paisagem aqui mostra-nos as tradi\u00e7\u00f5es vivas agr\u00edcolas da produ\u00e7\u00e3o de vinho, azeite e queijo de ovelha e cabra. S\u00e3o produtos b\u00e1sicos da gastronomia regional e as pr\u00e1ticas agr\u00edcolas definem grande parte do uso do solo no vale do D\u00e3o resultando numa bela paisagem.<\/p>\n<p>Vilar Seco pode competir com Santar no que diz respeito ao significado hist\u00f3rico e aos edif\u00edcios. J\u00e1 foi sede do governo regional, hoje localizado em Nelas e possui alguns belos solares. \nO passeio passa por v\u00e1rios destes edif\u00edcios e a partir de Vilar Seco voltamos em direc\u00e7\u00e3o norte para atravessar o vale e regressar a Santar atrav\u00e9s da pequena aldeia de Casal Sancho onde veremos mais solares que falam de uma hist\u00f3ria de riqueza rural.<\/p>\n<p>De regresso a Santar existem v\u00e1rias op\u00e7\u00f5es para tomar algo.<\/p>\n<\/div>\n<\/div><\/div><div id=\"panel-2994-1-1-3\" class=\"so-panel widget widget_sow-image panel-last-child\" data-index=\"7\" ><div\n\t\t\t\n\t\t\tclass=\"so-widget-sow-image so-widget-sow-image-default-8b5b6f678277-2994\"\n\t\t\t\n\t\t>\n\n<div class=\"sow-image-container\">\n\t\t<img decoding=\"async\" src=\"http:\/\/caminhododao.org\/wp-content\/uploads\/2021\/12\/6-footsteps-green-background.jpg\" width=\"2000\" height=\"150\" srcset=\"http:\/\/caminhododao.org\/wp-content\/uploads\/2021\/12\/6-footsteps-green-background.jpg 2000w, http:\/\/caminhododao.org\/wp-content\/uploads\/2021\/12\/6-footsteps-green-background-300x23.jpg 300w, http:\/\/caminhododao.org\/wp-content\/uploads\/2021\/12\/6-footsteps-green-background-1024x77.jpg 1024w, http:\/\/caminhododao.org\/wp-content\/uploads\/2021\/12\/6-footsteps-green-background-768x58.jpg 768w, http:\/\/caminhododao.org\/wp-content\/uploads\/2021\/12\/6-footsteps-green-background-1536x115.jpg 1536w, http:\/\/caminhododao.org\/wp-content\/uploads\/2021\/12\/6-footsteps-green-background-18x1.jpg 18w\" sizes=\"(max-width: 2000px) 100vw, 2000px\" title=\"6 footsteps green background\" alt=\"\" loading=\"lazy\" \t\tclass=\"so-widget-image\"\/>\n\t<\/div>\n\n<\/div><\/div><\/div><\/div><div id=\"pg-2994-2\"  class=\"panel-grid panel-no-style\" ><div id=\"pgc-2994-2-0\"  class=\"panel-grid-cell\" ><div id=\"panel-2994-2-0-0\" class=\"so-panel widget widget_sow-image panel-first-child panel-last-child\" data-index=\"8\" ><div\n\t\t\t\n\t\t\tclass=\"so-widget-sow-image so-widget-sow-image-default-8b5b6f678277-2994\"\n\t\t\t\n\t\t>\n\n<div class=\"sow-image-container\">\n\t\t<img decoding=\"async\" src=\"http:\/\/caminhododao.org\/wp-content\/uploads\/2021\/12\/6-footsteps-green-background.jpg\" width=\"2000\" height=\"150\" srcset=\"http:\/\/caminhododao.org\/wp-content\/uploads\/2021\/12\/6-footsteps-green-background.jpg 2000w, http:\/\/caminhododao.org\/wp-content\/uploads\/2021\/12\/6-footsteps-green-background-300x23.jpg 300w, http:\/\/caminhododao.org\/wp-content\/uploads\/2021\/12\/6-footsteps-green-background-1024x77.jpg 1024w, http:\/\/caminhododao.org\/wp-content\/uploads\/2021\/12\/6-footsteps-green-background-768x58.jpg 768w, http:\/\/caminhododao.org\/wp-content\/uploads\/2021\/12\/6-footsteps-green-background-1536x115.jpg 1536w, http:\/\/caminhododao.org\/wp-content\/uploads\/2021\/12\/6-footsteps-green-background-18x1.jpg 18w\" sizes=\"(max-width: 2000px) 100vw, 2000px\" title=\"6 footsteps green background\" alt=\"\" loading=\"lazy\" \t\tclass=\"so-widget-image\"\/>\n\t<\/div>\n\n<\/div><\/div><\/div><\/div><\/div>","protected":false},"excerpt":{"rendered":"<p>Rural riches and historic villages &#8211; Santar and Vilar Seco Route: Santar garden village &#8211; Rib. do Cagavaio &#8211; Vale do Cuco &#8211; Vilar Seco&hellip;<\/p>","protected":false},"author":2,"featured_media":2986,"parent":0,"menu_order":0,"comment_status":"closed","ping_status":"open","template":"","meta":{"_monsterinsights_skip_tracking":false,"_monsterinsights_sitenote_active":false,"_monsterinsights_sitenote_note":"","_monsterinsights_sitenote_category":0,"footnotes":""},"_links":{"self":[{"href":"http:\/\/caminhododao.org\/pt\/wp-json\/wp\/v2\/pages\/2994"}],"collection":[{"href":"http:\/\/caminhododao.org\/pt\/wp-json\/wp\/v2\/pages"}],"about":[{"href":"http:\/\/caminhododao.org\/pt\/wp-json\/wp\/v2\/types\/page"}],"author":[{"embeddable":true,"href":"http:\/\/caminhododao.org\/pt\/wp-json\/wp\/v2\/users\/2"}],"replies":[{"embeddable":true,"href":"http:\/\/caminhododao.org\/pt\/wp-json\/wp\/v2\/comments?post=2994"}],"version-history":[{"count":31,"href":"http:\/\/caminhododao.org\/pt\/wp-json\/wp\/v2\/pages\/2994\/revisions"}],"predecessor-version":[{"id":3758,"href":"http:\/\/caminhododao.org\/pt\/wp-json\/wp\/v2\/pages\/2994\/revisions\/3758"}],"wp:featuredmedia":[{"embeddable":true,"href":"http:\/\/caminhododao.org\/pt\/wp-json\/wp\/v2\/media\/2986"}],"wp:attachment":[{"href":"http:\/\/caminhododao.org\/pt\/wp-json\/wp\/v2\/media?parent=2994"}],"curies":[{"name":"wp","href":"https:\/\/api.w.org\/{rel}","templated":true}]}}