{"id":963,"date":"2019-10-25T10:13:23","date_gmt":"2019-10-25T10:13:23","guid":{"rendered":"http:\/\/caminhododao.org\/?page_id=963"},"modified":"2023-02-02T20:58:21","modified_gmt":"2023-02-02T20:58:21","slug":"home","status":"publish","type":"page","link":"http:\/\/caminhododao.org\/pt\/home\/","title":{"rendered":"As virtudes de caminhar"},"content":{"rendered":"<p><\/p>\n\n\n<div id=\"pl-gb963-69f29b65862a3\"  class=\"panel-layout\" ><div id=\"pg-gb963-69f29b65862a3-0\"  class=\"panel-grid panel-no-style\" ><div id=\"pgc-gb963-69f29b65862a3-0-0\"  class=\"panel-grid-cell panel-grid-cell-empty\" ><\/div><div id=\"pgc-gb963-69f29b65862a3-0-1\"  class=\"panel-grid-cell panel-grid-cell-mobile-last\" ><div id=\"panel-gb963-69f29b65862a3-0-1-0\" class=\"so-panel widget widget_sow-editor panel-first-child panel-last-child\" data-index=\"0\" ><div\n\t\t\t\n\t\t\tclass=\"so-widget-sow-editor so-widget-sow-editor-base\"\n\t\t\t\n\t\t>\n<div class=\"siteorigin-widget-tinymce textwidget\">\n\t<h2 style=\"text-align: center;\">~ As virtudes de caminhar ~<\/h2>\n<\/div>\n<\/div><\/div><\/div><div id=\"pgc-gb963-69f29b65862a3-0-2\"  class=\"panel-grid-cell panel-grid-cell-empty\" ><\/div><\/div><div id=\"pg-gb963-69f29b65862a3-1\"  class=\"panel-grid panel-no-style\" ><div id=\"pgc-gb963-69f29b65862a3-1-0\"  class=\"panel-grid-cell\" ><div id=\"panel-gb963-69f29b65862a3-1-0-0\" class=\"so-panel widget widget_sow-editor panel-first-child panel-last-child\" data-index=\"1\" ><div\n\t\t\t\n\t\t\tclass=\"so-widget-sow-editor so-widget-sow-editor-base\"\n\t\t\t\n\t\t>\n<div class=\"siteorigin-widget-tinymce textwidget\">\n\t<p>Caminhar \u00e9 uma das atividades mais b\u00e1sicas em que podemos nos envolver e pode gerar uma conex\u00e3o profunda com o mundo ao nosso redor, com as pessoas com as quais caminhamos e com n\u00f3s mesmos. Quando caminhamos, experimentamos uma proximidade com o mundo e todos os seus fen\u00f4menos. Se quer conhecer um lugar, passa por ele.<\/p>\n<p>O vale do D\u00e3o vai contar-lhe uma hist\u00f3ria sobre uma paisagem do s\u00e9culo XXI e como \u00e9 moldada pela actual realidade social, econ\u00f3mica e clim\u00e1tica. Uma hist\u00f3ria sobre como a natureza sobrevive e luta e sobre as muitas maneiras diferentes de as pessoas interagirem com a terra. Como disse um caminhante perspicaz: <em>Acho interessante como um produto: romance e realidade.<\/em><\/p>\n<p><strong><em>\u00a0<\/em><\/strong><\/p>\n<\/div>\n<\/div><\/div><\/div><\/div><div id=\"pg-gb963-69f29b65862a3-2\"  class=\"panel-grid panel-no-style\" ><div id=\"pgc-gb963-69f29b65862a3-2-0\"  class=\"panel-grid-cell\" ><div id=\"panel-gb963-69f29b65862a3-2-0-0\" class=\"so-panel widget widget_sow-image panel-first-child panel-last-child\" data-index=\"2\" ><div\n\t\t\t\n\t\t\tclass=\"so-widget-sow-image so-widget-sow-image-default-8b5b6f678277-963\"\n\t\t\t\n\t\t>\n\n<div class=\"sow-image-container\">\n\t\t<img decoding=\"async\" src=\"http:\/\/caminhododao.org\/wp-content\/uploads\/2021\/07\/IMG_E0083-scaled.jpg\" width=\"2560\" height=\"2560\" srcset=\"http:\/\/caminhododao.org\/wp-content\/uploads\/2021\/07\/IMG_E0083-scaled.jpg 2560w, http:\/\/caminhododao.org\/wp-content\/uploads\/2021\/07\/IMG_E0083-300x300.jpg 300w, http:\/\/caminhododao.org\/wp-content\/uploads\/2021\/07\/IMG_E0083-1024x1024.jpg 1024w, http:\/\/caminhododao.org\/wp-content\/uploads\/2021\/07\/IMG_E0083-150x150.jpg 150w, http:\/\/caminhododao.org\/wp-content\/uploads\/2021\/07\/IMG_E0083-768x768.jpg 768w, http:\/\/caminhododao.org\/wp-content\/uploads\/2021\/07\/IMG_E0083-1536x1536.jpg 1536w, http:\/\/caminhododao.org\/wp-content\/uploads\/2021\/07\/IMG_E0083-2048x2048.jpg 2048w, http:\/\/caminhododao.org\/wp-content\/uploads\/2021\/07\/IMG_E0083-12x12.jpg 12w, http:\/\/caminhododao.org\/wp-content\/uploads\/2021\/07\/IMG_E0083-600x600.jpg 600w, http:\/\/caminhododao.org\/wp-content\/uploads\/2021\/07\/IMG_E0083-125x125.jpg 125w\" sizes=\"(max-width: 2560px) 100vw, 2560px\" title=\"Caminho do D\u00e3o 2021 day 4 picnick\" alt=\"\" loading=\"lazy\" \t\tclass=\"so-widget-image\"\/>\n\t<\/div>\n\n<\/div><\/div><\/div><div id=\"pgc-gb963-69f29b65862a3-2-1\"  class=\"panel-grid-cell\" ><div id=\"panel-gb963-69f29b65862a3-2-1-0\" class=\"so-panel widget widget_sow-image panel-first-child panel-last-child\" data-index=\"3\" ><div\n\t\t\t\n\t\t\tclass=\"so-widget-sow-image so-widget-sow-image-default-8b5b6f678277-963\"\n\t\t\t\n\t\t>\n\n<div class=\"sow-image-container\">\n\t\t<img decoding=\"async\" src=\"http:\/\/caminhododao.org\/wp-content\/uploads\/2021\/07\/IMG_E9953-scaled-e1636046426596.jpg\" width=\"800\" height=\"800\" sizes=\"(max-width: 800px) 100vw, 800px\" alt=\"\" loading=\"lazy\" \t\tclass=\"so-widget-image\"\/>\n\t<\/div>\n\n<\/div><\/div><\/div><div id=\"pgc-gb963-69f29b65862a3-2-2\"  class=\"panel-grid-cell\" ><div id=\"panel-gb963-69f29b65862a3-2-2-0\" class=\"so-panel widget widget_sow-image panel-first-child panel-last-child\" data-index=\"4\" ><div\n\t\t\t\n\t\t\tclass=\"so-widget-sow-image so-widget-sow-image-default-8b5b6f678277-963\"\n\t\t\t\n\t\t>\n\n<div class=\"sow-image-container\">\n\t\t<img decoding=\"async\" src=\"http:\/\/caminhododao.org\/wp-content\/uploads\/2021\/07\/IMG_E9881.jpg\" width=\"1552\" height=\"1552\" srcset=\"http:\/\/caminhododao.org\/wp-content\/uploads\/2021\/07\/IMG_E9881.jpg 1552w, http:\/\/caminhododao.org\/wp-content\/uploads\/2021\/07\/IMG_E9881-300x300.jpg 300w, http:\/\/caminhododao.org\/wp-content\/uploads\/2021\/07\/IMG_E9881-1024x1024.jpg 1024w, http:\/\/caminhododao.org\/wp-content\/uploads\/2021\/07\/IMG_E9881-150x150.jpg 150w, http:\/\/caminhododao.org\/wp-content\/uploads\/2021\/07\/IMG_E9881-768x768.jpg 768w, http:\/\/caminhododao.org\/wp-content\/uploads\/2021\/07\/IMG_E9881-1536x1536.jpg 1536w, http:\/\/caminhododao.org\/wp-content\/uploads\/2021\/07\/IMG_E9881-12x12.jpg 12w, http:\/\/caminhododao.org\/wp-content\/uploads\/2021\/07\/IMG_E9881-600x600.jpg 600w, http:\/\/caminhododao.org\/wp-content\/uploads\/2021\/07\/IMG_E9881-125x125.jpg 125w\" sizes=\"(max-width: 1552px) 100vw, 1552px\" alt=\"\" loading=\"lazy\" \t\tclass=\"so-widget-image\"\/>\n\t<\/div>\n\n<\/div><\/div><\/div><\/div><div id=\"pg-gb963-69f29b65862a3-3\"  class=\"panel-grid panel-no-style\" ><div id=\"pgc-gb963-69f29b65862a3-3-0\"  class=\"panel-grid-cell\" ><div id=\"panel-gb963-69f29b65862a3-3-0-0\" class=\"so-panel widget widget_sow-editor panel-first-child panel-last-child\" data-index=\"5\" ><div\n\t\t\t\n\t\t\tclass=\"so-widget-sow-editor so-widget-sow-editor-base\"\n\t\t\t\n\t\t>\n<div class=\"siteorigin-widget-tinymce textwidget\">\n\t<p><strong><br \/>\nAlgumas das virtudes de caminhar pelo vale do D\u00e3o:<br \/>\n<\/strong><br \/>\n~ Uma caminhada de longa dist\u00e2ncia como esta oferece ao caminhante tempo e espa\u00e7o para realmente se sentir livre no mundo e refletir.<br \/>\n~ O trilho chama-se \u2018Caminho do D\u00e3o\u2019 porque \u00e9 imaginado como uma peregrina\u00e7\u00e3o onde o caminhante, tal como no outro Caminho, pode experimentar a regenera\u00e7\u00e3o.<br \/>\n~ Como caminhante e visitante do vale, apoia literal e figurativamente as pessoas que vivem aqui. Sua presen\u00e7a e valoriza\u00e7\u00e3o significa muito em uma regi\u00e3o que sofre com o abandono.<br \/>\n~ Caminhar pelo vale por antigos caminhos rurais chama a aten\u00e7\u00e3o para o valor deste ambiente e pode ajudar nos esfor\u00e7os para proteger os habitats ao longo do rio.<br \/>\n~ Conhecer um rio desde sua nascente at\u00e9 sua foz pode fortalecer nosso v\u00ednculo e amor pela terra e pelos ciclos da vida.<\/p>\n<p>O peregrino caminha para estar presente e experimentar a regenera\u00e7\u00e3o. Muitos fil\u00f3sofos e s\u00e1bios (Nietsche, Thoreau, Buda, Ghandi etc.) vieram antes de n\u00f3s e foi durante o ato de caminhar que seus insights vieram e seu trabalho se manifestou.<\/p>\n<p><strong>O objetivo do projeto Caminho do D\u00e3o \u00e9 facilitar a experi\u00eancia de estar em um relacionamento saud\u00e1vel com n\u00f3s mesmos, com os outros e com o mundo natural.<\/strong><\/p>\n<p>&nbsp;<\/p>\n<p><strong><em>\u00a0<\/em><\/strong><\/p>\n<\/div>\n<\/div><\/div><\/div><\/div><div id=\"pg-gb963-69f29b65862a3-4\"  class=\"panel-grid panel-no-style\" ><div id=\"pgc-gb963-69f29b65862a3-4-0\"  class=\"panel-grid-cell\" ><div id=\"panel-gb963-69f29b65862a3-4-0-0\" class=\"so-panel widget widget_sow-image panel-first-child panel-last-child\" data-index=\"6\" ><div\n\t\t\t\n\t\t\tclass=\"so-widget-sow-image so-widget-sow-image-default-8b5b6f678277-963\"\n\t\t\t\n\t\t>\n\n<div class=\"sow-image-container\">\n\t\t<img decoding=\"async\" src=\"http:\/\/caminhododao.org\/wp-content\/uploads\/2021\/05\/SteventoNSdCabeca.jpeg\" width=\"1080\" height=\"1080\" srcset=\"http:\/\/caminhododao.org\/wp-content\/uploads\/2021\/05\/SteventoNSdCabeca.jpeg 1080w, http:\/\/caminhododao.org\/wp-content\/uploads\/2021\/05\/SteventoNSdCabeca-300x300.jpeg 300w, http:\/\/caminhododao.org\/wp-content\/uploads\/2021\/05\/SteventoNSdCabeca-1024x1024.jpeg 1024w, http:\/\/caminhododao.org\/wp-content\/uploads\/2021\/05\/SteventoNSdCabeca-150x150.jpeg 150w, http:\/\/caminhododao.org\/wp-content\/uploads\/2021\/05\/SteventoNSdCabeca-768x768.jpeg 768w, http:\/\/caminhododao.org\/wp-content\/uploads\/2021\/05\/SteventoNSdCabeca-12x12.jpeg 12w, http:\/\/caminhododao.org\/wp-content\/uploads\/2021\/05\/SteventoNSdCabeca-600x600.jpeg 600w, http:\/\/caminhododao.org\/wp-content\/uploads\/2021\/05\/SteventoNSdCabeca-125x125.jpeg 125w\" sizes=\"(max-width: 1080px) 100vw, 1080px\" alt=\"\" loading=\"lazy\" \t\tclass=\"so-widget-image\"\/>\n\t<\/div>\n\n<\/div><\/div><\/div><div id=\"pgc-gb963-69f29b65862a3-4-1\"  class=\"panel-grid-cell\" ><div id=\"panel-gb963-69f29b65862a3-4-1-0\" class=\"so-panel widget widget_sow-image panel-first-child panel-last-child\" data-index=\"7\" ><div\n\t\t\t\n\t\t\tclass=\"so-widget-sow-image so-widget-sow-image-default-8b5b6f678277-963\"\n\t\t\t\n\t\t>\n\n<div class=\"sow-image-container\">\n\t\t<img decoding=\"async\" src=\"http:\/\/caminhododao.org\/wp-content\/uploads\/2021\/07\/IMG_E9832-scaled.jpg\" width=\"2560\" height=\"2560\" srcset=\"http:\/\/caminhododao.org\/wp-content\/uploads\/2021\/07\/IMG_E9832-scaled.jpg 2560w, http:\/\/caminhododao.org\/wp-content\/uploads\/2021\/07\/IMG_E9832-300x300.jpg 300w, http:\/\/caminhododao.org\/wp-content\/uploads\/2021\/07\/IMG_E9832-1024x1024.jpg 1024w, http:\/\/caminhododao.org\/wp-content\/uploads\/2021\/07\/IMG_E9832-150x150.jpg 150w, http:\/\/caminhododao.org\/wp-content\/uploads\/2021\/07\/IMG_E9832-768x768.jpg 768w, http:\/\/caminhododao.org\/wp-content\/uploads\/2021\/07\/IMG_E9832-1536x1536.jpg 1536w, http:\/\/caminhododao.org\/wp-content\/uploads\/2021\/07\/IMG_E9832-2048x2048.jpg 2048w, http:\/\/caminhododao.org\/wp-content\/uploads\/2021\/07\/IMG_E9832-12x12.jpg 12w, http:\/\/caminhododao.org\/wp-content\/uploads\/2021\/07\/IMG_E9832-600x600.jpg 600w, http:\/\/caminhododao.org\/wp-content\/uploads\/2021\/07\/IMG_E9832-125x125.jpg 125w\" sizes=\"(max-width: 2560px) 100vw, 2560px\" title=\"IMG_E9832\" alt=\"\" loading=\"lazy\" \t\tclass=\"so-widget-image\"\/>\n\t<\/div>\n\n<\/div><\/div><\/div><div id=\"pgc-gb963-69f29b65862a3-4-2\"  class=\"panel-grid-cell\" ><div id=\"panel-gb963-69f29b65862a3-4-2-0\" class=\"so-panel widget widget_sow-image panel-first-child panel-last-child\" data-index=\"8\" ><div\n\t\t\t\n\t\t\tclass=\"so-widget-sow-image so-widget-sow-image-default-8b5b6f678277-963\"\n\t\t\t\n\t\t>\n\n<div class=\"sow-image-container\">\n\t\t<img decoding=\"async\" src=\"http:\/\/caminhododao.org\/wp-content\/uploads\/2021\/07\/IMG_E0052-scaled.jpg\" width=\"2560\" height=\"2560\" srcset=\"http:\/\/caminhododao.org\/wp-content\/uploads\/2021\/07\/IMG_E0052-scaled.jpg 2560w, http:\/\/caminhododao.org\/wp-content\/uploads\/2021\/07\/IMG_E0052-300x300.jpg 300w, http:\/\/caminhododao.org\/wp-content\/uploads\/2021\/07\/IMG_E0052-1024x1024.jpg 1024w, http:\/\/caminhododao.org\/wp-content\/uploads\/2021\/07\/IMG_E0052-150x150.jpg 150w, http:\/\/caminhododao.org\/wp-content\/uploads\/2021\/07\/IMG_E0052-768x768.jpg 768w, http:\/\/caminhododao.org\/wp-content\/uploads\/2021\/07\/IMG_E0052-1536x1536.jpg 1536w, http:\/\/caminhododao.org\/wp-content\/uploads\/2021\/07\/IMG_E0052-2048x2048.jpg 2048w, http:\/\/caminhododao.org\/wp-content\/uploads\/2021\/07\/IMG_E0052-12x12.jpg 12w, http:\/\/caminhododao.org\/wp-content\/uploads\/2021\/07\/IMG_E0052-600x600.jpg 600w, http:\/\/caminhododao.org\/wp-content\/uploads\/2021\/07\/IMG_E0052-125x125.jpg 125w\" sizes=\"(max-width: 2560px) 100vw, 2560px\" title=\"IMG_E0052\" alt=\"\" loading=\"lazy\" \t\tclass=\"so-widget-image\"\/>\n\t<\/div>\n\n<\/div><\/div><\/div><\/div><div id=\"pg-gb963-69f29b65862a3-5\"  class=\"panel-grid panel-no-style\" ><div id=\"pgc-gb963-69f29b65862a3-5-0\"  class=\"panel-grid-cell\" ><div id=\"panel-gb963-69f29b65862a3-5-0-0\" class=\"so-panel widget widget_sow-editor panel-first-child panel-last-child\" data-index=\"9\" ><div\n\t\t\t\n\t\t\tclass=\"so-widget-sow-editor so-widget-sow-editor-base\"\n\t\t\t\n\t\t>\n<div class=\"siteorigin-widget-tinymce textwidget\">\n\t<h2 style=\"text-align: center;\"><a href=\"https:\/\/www.instagram.com\/explore\/tags\/caminhododao\/\" target=\"_blank\" rel=\"noopener\">#caminhododao<\/a><\/h2>\n<p>&nbsp;<\/p>\n<p><strong><em>\u00a0<\/em><\/strong><\/p>\n<\/div>\n<\/div><\/div><\/div><\/div><\/div>","protected":false},"excerpt":{"rendered":"","protected":false},"author":2,"featured_media":0,"parent":0,"menu_order":0,"comment_status":"closed","ping_status":"closed","template":"","meta":{"_monsterinsights_skip_tracking":false,"_monsterinsights_sitenote_active":false,"_monsterinsights_sitenote_note":"","_monsterinsights_sitenote_category":0,"footnotes":""},"_links":{"self":[{"href":"http:\/\/caminhododao.org\/pt\/wp-json\/wp\/v2\/pages\/963"}],"collection":[{"href":"http:\/\/caminhododao.org\/pt\/wp-json\/wp\/v2\/pages"}],"about":[{"href":"http:\/\/caminhododao.org\/pt\/wp-json\/wp\/v2\/types\/page"}],"author":[{"embeddable":true,"href":"http:\/\/caminhododao.org\/pt\/wp-json\/wp\/v2\/users\/2"}],"replies":[{"embeddable":true,"href":"http:\/\/caminhododao.org\/pt\/wp-json\/wp\/v2\/comments?post=963"}],"version-history":[{"count":21,"href":"http:\/\/caminhododao.org\/pt\/wp-json\/wp\/v2\/pages\/963\/revisions"}],"predecessor-version":[{"id":3366,"href":"http:\/\/caminhododao.org\/pt\/wp-json\/wp\/v2\/pages\/963\/revisions\/3366"}],"wp:attachment":[{"href":"http:\/\/caminhododao.org\/pt\/wp-json\/wp\/v2\/media?parent=963"}],"curies":[{"name":"wp","href":"https:\/\/api.w.org\/{rel}","templated":true}]}}