{"id":1318,"date":"2020-02-10T10:52:57","date_gmt":"2020-02-10T10:52:57","guid":{"rendered":"http:\/\/caminhododao.org\/?page_id=1318"},"modified":"2024-08-21T15:46:42","modified_gmt":"2024-08-21T15:46:42","slug":"price-practical-information","status":"publish","type":"page","link":"https:\/\/caminhododao.org\/pt\/price-practical-information\/","title":{"rendered":"Pre\u00e7os e informa\u00e7\u00f5es pr\u00e1ticas."},"content":{"rendered":"<div id=\"pl-1318\"  class=\"panel-layout\" ><div id=\"pg-1318-0\"  class=\"panel-grid panel-no-style\" ><div id=\"pgc-1318-0-0\"  class=\"panel-grid-cell panel-grid-cell-empty\" ><\/div><div id=\"pgc-1318-0-1\"  class=\"panel-grid-cell panel-grid-cell-mobile-last\" ><div id=\"panel-1318-0-1-0\" class=\"so-panel widget widget_sow-editor panel-first-child panel-last-child\" data-index=\"0\" ><div class=\"panel-widget-style panel-widget-style-for-1318-0-1-0\" ><div\n\t\t\t\n\t\t\tclass=\"so-widget-sow-editor so-widget-sow-editor-base\"\n\t\t\t\n\t\t>\n<div class=\"siteorigin-widget-tinymce textwidget\">\n\t<h2 style=\"text-align: center;\">Pre\u00e7os e informa\u00e7\u00f5es pr\u00e1ticas.<\/h2>\n<\/div>\n<\/div><\/div><\/div><\/div><div id=\"pgc-1318-0-2\"  class=\"panel-grid-cell panel-grid-cell-empty\" ><\/div><\/div><div id=\"pg-1318-1\"  class=\"panel-grid panel-no-style\" ><div id=\"pgc-1318-1-0\"  class=\"panel-grid-cell\" ><div id=\"panel-1318-1-0-0\" class=\"so-panel widget widget_sow-editor panel-first-child panel-last-child\" data-index=\"1\" ><div class=\"panel-widget-style panel-widget-style-for-1318-1-0-0\" ><div\n\t\t\t\n\t\t\tclass=\"so-widget-sow-editor so-widget-sow-editor-base\"\n\t\t\t\n\t\t>\n<div class=\"siteorigin-widget-tinymce textwidget\">\n\t<p>Os custos do Caminho inteiro:<b><br \/>\n<strong>\u20ac 820 ** <\/strong><\/b><b><strong><br \/>\n<\/strong><\/b><em>(oferecemos tarifas escalonadas - veja abaixo)<\/em><b><strong><br \/>\n<\/strong><\/b><\/p>\n<p>Custos Meio Caminho:<br \/>\n<strong>\u20ac 380 **<br \/>\n<\/strong><em>(oferecemos tarifas escalonadas - veja abaixo)<\/em><\/p>\n<p><em><strong>* <\/strong>Devido \u00e0 diferen\u00e7a entre os sal\u00e1rios portugueses e os dos nossos participantes de outros pa\u00edses, oferecemos tarifas escalonadas. Nosso objetivo \u00e9 disponibilizar essa experi\u00eancia para todas as realidades de renda. Por favor, n\u00e3o hesite em enviar um e-mail para obter mais informa\u00e7\u00f5es.<br \/>\n<\/em><em>* Pode haver varia\u00e7\u00e3o na soma total dos custos devido \u00e0s diferen\u00e7as de pre\u00e7os entre a escolha dos quartos.<br \/>\n<\/em><strong><br \/>\nOs custos s\u00e3o a soma de: <\/strong><br \/>\n- Custos para a organiza\u00e7\u00e3o, guia de caminhada e seguro durante as caminhadas.<br \/>\n- Sete dormidas de s\u00e1bado a s\u00e1bado a reservar de forma independente (informa\u00e7\u00e3o fornecida).<br \/>\n- Tr\u00e9s refrei\u00e7\u00f5es por dia comen\u00e7ando com a janta no s\u00e1bado at\u00e9 depois do almo\u00e7o no s\u00e1bado seguinte, a pagar nos diversos estabelecimentos.<br \/>\n- Custos para o taxi para alguns passeios durante a semana.<\/p>\n<\/div>\n<\/div><\/div><\/div><\/div><div id=\"pgc-1318-1-1\"  class=\"panel-grid-cell\" ><div id=\"panel-1318-1-1-0\" class=\"so-panel widget widget_sow-editor panel-first-child panel-last-child\" data-index=\"2\" ><div\n\t\t\t\n\t\t\tclass=\"so-widget-sow-editor so-widget-sow-editor-base\"\n\t\t\t\n\t\t>\n<div class=\"siteorigin-widget-tinymce textwidget\">\n\t<p><strong>Programa de semana inteira.<br \/>\n<\/strong>Tr\u00eas dias de caminhada, um dia de descanso, tr\u00eas dias de caminhada.<br \/>\nDist\u00e2ncia m\u00e9dia por dia de caminhada: <strong>19 km<\/strong><\/p>\n<p>O grupo re\u00fane-se em Carapito na noite anterior ao primeiro dia de caminhada.<br \/>\nA caminhada dos primeiros 3 dias come\u00e7a \u00e0s 9h do dia seguinte.<br \/>\nO dia 4 \u00e9 um dia de descanso.<br \/>\nAp\u00f3s o dia de descanso o grupo continua por mais 3 dias de caminhada.<\/p>\n<p><strong>Caminhada de 3 dias.<\/strong><br \/>\nO mesmo que nos primeiros 3 dias da semana completa. Come\u00e7ando em Carapito, nos Terreiros da Santa Cruz, na noite anterior ao primeiro dia de caminhada, ou na nascente do D\u00e3o, na manh\u00e3 do primeiro dia de caminhada.<\/p>\n<p><strong>Programa di\u00e1rio * (aproxim).<\/strong><\/p>\n<p>7h30 Pequeno almo\u00e7o<br \/>\n8h30 Inicio da caminhada do dia<br \/>\n12h30 Almo\u00e7o e tempo para descanso<br \/>\n14h30 Continua\u00e7\u00e3o da caminhada<br \/>\n19h Janta<br \/>\n* No caso de temperaturas acima de 27 graus Celsius, come\u00e7amos uma hora mais cedo<\/p>\n<\/div>\n<\/div><\/div><\/div><\/div><div id=\"pg-1318-2\"  class=\"panel-grid panel-no-style\" ><div id=\"pgc-1318-2-0\"  class=\"panel-grid-cell\" ><div id=\"panel-1318-2-0-0\" class=\"so-panel widget widget_sow-editor panel-first-child panel-last-child\" data-index=\"3\" ><div\n\t\t\t\n\t\t\tclass=\"so-widget-sow-editor so-widget-sow-editor-base\"\n\t\t\t\n\t\t>\n<div class=\"siteorigin-widget-tinymce textwidget\">\n\t<p><strong>Dormidas.<br \/>\n<\/strong>Ao longo do vale do D\u00e3o pode ficar alojado em simples mas confort\u00e1veis Bed and Breakfasts ou Hot\u00e9is. Ser\u00e3o fornecidas informa\u00e7\u00f5es sobre onde pode reservar as suas dormidas.<\/p>\n<p><strong>Refei\u00e7\u00f5es e comida.<\/strong><br \/>\nEst\u00e3o inclu\u00eddos na soma dos custos 3 refei\u00e7\u00f5es por dia que incluem pequeno-almo\u00e7o no hotel ou num caf\u00e9 local, almo\u00e7o piquenique fornecido pelo hotel ou comprado no supermercado local e jantar no hotel ou restaurante da aldeia. Recomendamos aos caminhantes que tragam alguns de seus lanches favoritos para caminhadas. A maioria das coisas s\u00e3o f\u00e1ceis de comprar aqui e podem ser reabastecidas em Penalva do Castelo (caminhada dia 3) ou Caregal do Sal (caminhada dia 5).<\/p>\n<p><strong>Para trazer:<br \/>\n<\/strong>Mochila entre 30 e 40 litros, roupa adequada \u00e0s condi\u00e7\u00f5es climat\u00e9ricas, chap\u00e9u, protector solar, recipientes para 1,5 - 2 litros de \u00e1gua, seus lanches\/snacks de caminhada favoritos.<\/p>\n<\/div>\n<\/div><\/div><\/div><div id=\"pgc-1318-2-1\"  class=\"panel-grid-cell\" ><div id=\"panel-1318-2-1-0\" class=\"so-panel widget widget_sow-editor panel-first-child panel-last-child\" data-index=\"4\" ><div\n\t\t\t\n\t\t\tclass=\"so-widget-sow-editor so-widget-sow-editor-base\"\n\t\t\t\n\t\t>\n<div class=\"siteorigin-widget-tinymce textwidget\">\n\t<p><strong>Grupo.<br \/>\n<\/strong>O grupo de caminhada ter\u00e1 no m\u00ednimo 4 e no m\u00e1ximo 8 pessoas, incluindo o guia.<\/p>\n<p><strong>Trilho e terreno.<\/strong><br \/>\nNa maior parte, o Caminho do D\u00e3o \u00e9 estabelecido em caminhos e estradas rurais de terra batida. \u00c0s vezes, s\u00e3o mais \u00e1speras e desiguais que outras, e o grau de dificuldade varia entre f\u00e1cil e moderado. As diferen\u00e7as de altura t\u00eam em m\u00e9dia cerca de 300m por dia.<\/p>\n<p><strong>Como andar.<br \/>\n<\/strong>Ao desenvolver o Caminho, o objetivo era percorrer o vale a p\u00e9 o m\u00e1ximo poss\u00edvel. Em dois dias do Caminho n\u00e3o h\u00e1 lugares para dormir com um grupo e, portanto, optou-se por ficar na melhor e mais pr\u00f3xima op\u00e7\u00e3o poss\u00edvel e usar t\u00e1xis para ir e vir, resultando em 3 idas de t\u00e1xi muito curtas.<\/p>\n<p>Para chegar ao ponto de partida, faremos um esfor\u00e7o para ajudar os caminhantes a organizar um t\u00e1xi juntos ou garantir que voc\u00ea tenha todas as informa\u00e7\u00f5es necess\u00e1rias para viajar at\u00e9 a parada de transporte p\u00fablico mais pr\u00f3xima em Fornos de Algodres e pegar um t\u00e1xi a partir da\u00ed. De Santa Comba D\u00e3o, onde o Caminho termina no s\u00e1bado, pode viajar para o seu pr\u00f3ximo destino de comboio ou autocarro.<\/p>\n<\/div>\n<\/div><\/div><\/div><\/div><div id=\"pg-1318-3\"  class=\"panel-grid panel-no-style\" ><div id=\"pgc-1318-3-0\"  class=\"panel-grid-cell\" ><div id=\"panel-1318-3-0-0\" class=\"so-panel widget widget_media_video panel-first-child panel-last-child\" data-index=\"5\" ><div style=\"width:100%;\" class=\"wp-video\"><!--[if lt IE 9]><script>document.createElement('video');<\/script><![endif]-->\n<video class=\"wp-video-shortcode\" id=\"video-1318-1\" preload=\"metadata\" controls=\"controls\"><source type=\"video\/youtube\" src=\"https:\/\/youtu.be\/zTv2wcD0qys?_=1\" \/><a href=\"https:\/\/youtu.be\/zTv2wcD0qys\">https:\/\/youtu.be\/zTv2wcD0qys<\/a><\/video><\/div><\/div><\/div><\/div><\/div>","protected":false},"excerpt":{"rendered":"<p>~ Prices &amp; practical information week program ~ Costs Full Caminho: \u20ac 820 ** (we offer sliding scale tariffs &#8211; see below) Costs Half Caminho:&hellip;<\/p>","protected":false},"author":2,"featured_media":0,"parent":0,"menu_order":0,"comment_status":"closed","ping_status":"closed","template":"","meta":{"_monsterinsights_skip_tracking":false,"_monsterinsights_sitenote_active":false,"_monsterinsights_sitenote_note":"","_monsterinsights_sitenote_category":0,"footnotes":""},"_links":{"self":[{"href":"https:\/\/caminhododao.org\/pt\/wp-json\/wp\/v2\/pages\/1318"}],"collection":[{"href":"https:\/\/caminhododao.org\/pt\/wp-json\/wp\/v2\/pages"}],"about":[{"href":"https:\/\/caminhododao.org\/pt\/wp-json\/wp\/v2\/types\/page"}],"author":[{"embeddable":true,"href":"https:\/\/caminhododao.org\/pt\/wp-json\/wp\/v2\/users\/2"}],"replies":[{"embeddable":true,"href":"https:\/\/caminhododao.org\/pt\/wp-json\/wp\/v2\/comments?post=1318"}],"version-history":[{"count":180,"href":"https:\/\/caminhododao.org\/pt\/wp-json\/wp\/v2\/pages\/1318\/revisions"}],"predecessor-version":[{"id":3737,"href":"https:\/\/caminhododao.org\/pt\/wp-json\/wp\/v2\/pages\/1318\/revisions\/3737"}],"wp:attachment":[{"href":"https:\/\/caminhododao.org\/pt\/wp-json\/wp\/v2\/media?parent=1318"}],"curies":[{"name":"wp","href":"https:\/\/api.w.org\/{rel}","templated":true}]}}