{"id":1674,"date":"2021-04-01T16:14:51","date_gmt":"2021-04-01T16:14:51","guid":{"rendered":"http:\/\/caminhododao.org\/?page_id=1674"},"modified":"2021-12-17T10:59:29","modified_gmt":"2021-12-17T10:59:29","slug":"clean-safe-certification-for-the-hiking-program","status":"publish","type":"page","link":"https:\/\/caminhododao.org\/pt\/clean-safe-certification-for-the-hiking-program\/","title":{"rendered":"Certifica\u00e7\u00e3o Clean &amp; Safe"},"content":{"rendered":"<p><\/p>\n\n\n\n<figure class=\"wp-block-image size-large is-resized\"><img loading=\"lazy\" decoding=\"async\" src=\"http:\/\/caminhododao.org\/wp-content\/uploads\/2021\/03\/TDP_AS_Web_Original-1024x204.png\" alt=\"\" class=\"wp-image-1676\" width=\"460\" height=\"91\"\/><\/figure>\n\n\n\n<p>O Caminho do D\u00e3o \u00e9 uma actividade \u201cClean &amp; Safe\u201d visto que segue as regras de sa\u00fade e seguran\u00e7a estabelecidas pelo Turismo de Portugal, como se segue:<\/p>\n\n\n\n<h3 class=\"wp-block-heading\">Treinamento interno e procedimentos de estabelecimento:<\/h3>\n\n\n\n<p>O guia tur\u00edstico do Caminho do D\u00e3o foi informado e \/ ou treinado especificamente sobre os seguintes assuntos:<\/p>\n\n\n\n<ul><li>Protocolo interno sobre a pandemia de Coronavirus Covid-19.<\/li><li>Como seguir as medidas b\u00e1sicas de precau\u00e7\u00e3o e controle de infec\u00e7\u00e3o em rela\u00e7\u00e3o aos procedimentos do Coronavirus Covid-19 da seguinte forma:\n<ul>\n<li>Higieniza\u00e7\u00e3o das m\u00e3os: Lavar as m\u00e3os com freq\u00fc\u00eancia com \u00e1gua e sab\u00e3o, por no m\u00ednimo 20 segundos ou usar desinfetante para as m\u00e3os com \u00e1lcool no m\u00ednimo 70\u00ba, cobrindo todas as superf\u00edcies com as m\u00e3os e esfregando-as at\u00e9 secar.<\/li>\n<li>Etiqueta respirat\u00f3ria: tossir ou espirrar no antebra\u00e7o flexionado ou usar um len\u00e7o de papel, que deve ser jogado imediatamente no lixo; Higiene das m\u00e3os ap\u00f3s tossir ou espirrar e assoar o nariz; evite tocar os olhos, nariz e boca com as m\u00e3os; \ufb02 etido ou usar len\u00e7o de papel, que depois deve ser<\/li>\n<li>Conduta Social: Alterar a frequ\u00eancia e formas de contato dentro da equipe e entre equipe e clientes, evitando (sempre que poss\u00edvel) qualquer contato pr\u00f3ximo, apertos de m\u00e3o, beijos, espa\u00e7os de trabalho compartilhados, reuni\u00f5es presenciais e compartilhamento de alimentos, utens\u00edlios, copos e toalhas.<\/li>\n<\/ul>\n<\/li><\/ul>\n\n\n\n<p>Como seguir com a automonitoriza\u00e7\u00e3o di\u00e1ria para avaliar a febre (medir a temperatura corporal duas vezes ao dia e registrar o valor e o tempo dos resultados), verificando qualquer tosse ou dificuldade ao respirar.<\/p>\n\n\n\n<p>Como seguir as orienta\u00e7\u00f5es da Direc\u00e7\u00e3o Geral da Sa\u00fade para a higieniza\u00e7\u00e3o de todas as superf\u00edcies e lavagem da roupa utilizada nos nossos estabelecimentos.<\/p>\n\n\n\n<h3 class=\"wp-block-heading\">Informa\u00e7\u00f5es para todos os clientes:<\/h3>\n\n\n\n<p>Todos os clientes s\u00e3o informados das seguintes informa\u00e7\u00f5es:<\/p>\n\n\n\n<ul><li>Como manter as precau\u00e7\u00f5es b\u00e1sicas e o controle de infec\u00e7\u00e3o em rela\u00e7\u00e3o ao surto de coronav\u00edrus.<\/li><li>Qual \u00e9 o protocolo interno em rela\u00e7\u00e3o ao surto do Coronav\u00edrus Covid-19.<\/li><\/ul>\n\n\n\n<h3 class=\"wp-block-heading\">O estabelecimento possui:<\/h3>\n\n\n\n<p>Equipamentos de prote\u00e7\u00e3o individual em n\u00famero suficiente para todo o pessoal envolvido nas atividades.<\/p>\n\n\n\n<p>Equipamentos de prote\u00e7\u00e3o individual para clientes<\/p>\n\n\n\n<h3 class=\"wp-block-heading\">O protocolo de limpeza e higieniza\u00e7\u00e3o interna garante:<\/h3>\n\n\n\n<p>Lavagem a altas temperaturas de todas as roupas e demais acess\u00f3rios usados nas atividades (toalhas, vestu\u00e1rios), para todos os funcion\u00e1rios e clientes (de 60\u00baC).<\/p>\n\n\n\n<p>Fornecer higienizador de m\u00e3os \u00e0 base de \u00e1lcool, sempre que se justifique, aos participantes em todas as atividades.<\/p>\n\n\n\n<p>Higieniza\u00e7\u00e3o ou desinfec\u00e7\u00e3o de todos os equipamentos utilizados, ap\u00f3s cada atividade, de acordo com as regras aplicadas a cada tipo de equipamento.<\/p>\n\n\n\n<p>Higieniza\u00e7\u00e3o ou desinfec\u00e7\u00e3o de todos os transportes utilizados, ap\u00f3s cada atividade, e de acordo com as regras aplic\u00e1veis a cada tipo de equipamento de transporte.<\/p>\n\n\n\n<h3 class=\"wp-block-heading\">A organiza\u00e7\u00e3o de servi\u00e7o garante:<\/h3>\n\n\n\n<p>Manuten\u00e7\u00e3o do distanciamento social entre os participantes em todas as atividades, de acordo com as recomenda\u00e7\u00f5es da Direc\u00e7\u00e3o Geral da Sa\u00fade.<\/p>\n\n\n\n<p>Ocupa\u00e7\u00e3o m\u00e1xima dos transportes utilizados nas actividades, de acordo com as recomenda\u00e7\u00f5es da Direc\u00e7\u00e3o Geral da Sa\u00fade.<\/p>\n\n\n\n<p>A distribui\u00e7\u00e3o de informa\u00e7\u00e3o sobre as atividades, preferencialmente em plataformas digitais \/ online.<\/p>\n\n\n\n<p>Seguir protocolos internos de higieniza\u00e7\u00e3o e seguran\u00e7a pelos parceiros envolvidos nas atividades.<\/p>\n\n\n\n<p>Que haja sempre um membro da equipe respons\u00e1vel e pronto para realizar os procedimentos em caso de suspeita de infec\u00e7\u00e3o (acompanhar o cliente com sintomas at\u00e9 o local de isolamento, dar-lhe o atendimento necess\u00e1rio e entrar em contato com o Servi\u00e7o Nacional de Sa\u00fade).<\/p>\n\n\n\n<p>O armazenamento de todos os res\u00edduos produzidos pelos enfermos com suspeita de infec\u00e7\u00e3o s\u00e3o acondicionados em saco pl\u00e1stico que, depois de lacrado, deve ser colocado \u00e0 parte e enviado a uma operadora credenciada para gerenciamento de res\u00edduos hospitalares com risco biol\u00f3gico.<\/p>\n\n\n<div id=\"pl-gb1674-69cb994fe03c0\"  class=\"panel-layout\" ><div id=\"pg-gb1674-69cb994fe03c0-0\"  class=\"panel-grid panel-no-style\" ><div id=\"pgc-gb1674-69cb994fe03c0-0-0\"  class=\"panel-grid-cell\" ><div id=\"panel-gb1674-69cb994fe03c0-0-0-0\" class=\"so-panel widget widget_sow-image panel-first-child panel-last-child\" data-index=\"0\" ><div\n\t\t\t\n\t\t\tclass=\"so-widget-sow-image so-widget-sow-image-default-8b5b6f678277-1674\"\n\t\t\t\n\t\t>\n\n<div class=\"sow-image-container\">\n\t\t<img decoding=\"async\" src=\"https:\/\/caminhododao.org\/wp-content\/uploads\/2021\/12\/6-footsteps-green-background.jpg\" width=\"2000\" height=\"150\" srcset=\"https:\/\/caminhododao.org\/wp-content\/uploads\/2021\/12\/6-footsteps-green-background.jpg 2000w, https:\/\/caminhododao.org\/wp-content\/uploads\/2021\/12\/6-footsteps-green-background-300x23.jpg 300w, https:\/\/caminhododao.org\/wp-content\/uploads\/2021\/12\/6-footsteps-green-background-1024x77.jpg 1024w, https:\/\/caminhododao.org\/wp-content\/uploads\/2021\/12\/6-footsteps-green-background-768x58.jpg 768w, https:\/\/caminhododao.org\/wp-content\/uploads\/2021\/12\/6-footsteps-green-background-1536x115.jpg 1536w, https:\/\/caminhododao.org\/wp-content\/uploads\/2021\/12\/6-footsteps-green-background-18x1.jpg 18w\" sizes=\"(max-width: 2000px) 100vw, 2000px\" title=\"6 footsteps green background\" alt=\"\" loading=\"lazy\" \t\tclass=\"so-widget-image\"\/>\n\t<\/div>\n\n<\/div><\/div><\/div><\/div><\/div>","protected":false},"excerpt":{"rendered":"<p>The Caminho do D\u00e3o is a &#8220;clean and safe&#8221; activity as it follows health and safety rules established by the Portuguese National Tourism board &#8220;Turismo&hellip;<\/p>","protected":false},"author":2,"featured_media":0,"parent":0,"menu_order":0,"comment_status":"closed","ping_status":"closed","template":"full-width.php","meta":{"_monsterinsights_skip_tracking":false,"_monsterinsights_sitenote_active":false,"_monsterinsights_sitenote_note":"","_monsterinsights_sitenote_category":0,"footnotes":""},"_links":{"self":[{"href":"https:\/\/caminhododao.org\/pt\/wp-json\/wp\/v2\/pages\/1674"}],"collection":[{"href":"https:\/\/caminhododao.org\/pt\/wp-json\/wp\/v2\/pages"}],"about":[{"href":"https:\/\/caminhododao.org\/pt\/wp-json\/wp\/v2\/types\/page"}],"author":[{"embeddable":true,"href":"https:\/\/caminhododao.org\/pt\/wp-json\/wp\/v2\/users\/2"}],"replies":[{"embeddable":true,"href":"https:\/\/caminhododao.org\/pt\/wp-json\/wp\/v2\/comments?post=1674"}],"version-history":[{"count":11,"href":"https:\/\/caminhododao.org\/pt\/wp-json\/wp\/v2\/pages\/1674\/revisions"}],"predecessor-version":[{"id":2382,"href":"https:\/\/caminhododao.org\/pt\/wp-json\/wp\/v2\/pages\/1674\/revisions\/2382"}],"wp:attachment":[{"href":"https:\/\/caminhododao.org\/pt\/wp-json\/wp\/v2\/media?parent=1674"}],"curies":[{"name":"wp","href":"https:\/\/api.w.org\/{rel}","templated":true}]}}