{"id":1746,"date":"2021-05-28T16:32:56","date_gmt":"2021-05-28T16:32:56","guid":{"rendered":"http:\/\/caminhododao.org\/?page_id=1746"},"modified":"2024-08-26T17:00:10","modified_gmt":"2024-08-26T17:00:10","slug":"1746-2","status":"publish","type":"page","link":"https:\/\/caminhododao.org\/pt\/1746-2\/","title":{"rendered":"Stories of the D\u00e3o ~ Day hikes"},"content":{"rendered":"<div id=\"pl-1746\"  class=\"panel-layout\" ><div id=\"pg-1746-0\"  class=\"panel-grid panel-no-style\" ><div id=\"pgc-1746-0-0\"  class=\"panel-grid-cell\" ><div id=\"panel-1746-0-0-0\" class=\"so-panel widget widget_sow-editor panel-first-child panel-last-child\" data-index=\"0\" ><div class=\"panel-widget-style panel-widget-style-for-1746-0-0-0\" ><div\n\t\t\t\n\t\t\tclass=\"so-widget-sow-editor so-widget-sow-editor-base\"\n\t\t\t\n\t\t>\n<div class=\"siteorigin-widget-tinymce textwidget\">\n\t<h2 style=\"text-align: center;\"><em>Experimento o vale do D\u00e3o nas caminhadas de dia inteira e meio dia.<\/em><\/h2>\n<\/div>\n<\/div><\/div><\/div><\/div><\/div><div id=\"pg-1746-1\"  class=\"panel-grid panel-no-style\" ><div id=\"pgc-1746-1-0\"  class=\"panel-grid-cell\" ><div id=\"panel-1746-1-0-0\" class=\"so-panel widget widget_sow-editor panel-first-child panel-last-child\" data-index=\"1\" ><div class=\"panel-widget-style panel-widget-style-for-1746-1-0-0\" ><div\n\t\t\t\n\t\t\tclass=\"so-widget-sow-editor so-widget-sow-editor-base\"\n\t\t\t\n\t\t>\n<div class=\"siteorigin-widget-tinymce textwidget\">\n\t<p style=\"text-align: center;\">As nossas percursos pedestres de meio dia e de dia inteiro oferecem uma experi\u00eancia das paisagens do vale do rio, da flora e da fauna e do patrim\u00f3nio cultural da regi\u00e3o do D\u00e3o. Venha explorar e experimentar o que a regi\u00e3o do D\u00e3o tem para lhe oferecer.<\/p>\n<\/div>\n<\/div><\/div><\/div><\/div><\/div><div id=\"pg-1746-2\"  class=\"panel-grid panel-no-style\" ><div id=\"pgc-1746-2-0\"  class=\"panel-grid-cell\" ><div id=\"panel-1746-2-0-0\" class=\"so-panel widget widget_sow-editor panel-first-child panel-last-child\" data-index=\"2\" ><div\n\t\t\t\n\t\t\tclass=\"so-widget-sow-editor so-widget-sow-editor-base\"\n\t\t\t\n\t\t>\n<div class=\"siteorigin-widget-tinymce textwidget\">\n\t<p style=\"text-align: center;\"><a href=\"http:\/\/caminhododao.org\/index.php\/2021\/07\/13\/morning-hike-monastery-rio-dao-2\/\"><strong><img loading=\"lazy\" decoding=\"async\" class=\"aligncenter wp-image-1764 size-medium\" src=\"http:\/\/caminhododao.org\/wp-content\/uploads\/2021\/05\/MosteiroNSdeCabec\u0327a-300x286.jpg\" alt=\"\" width=\"300\" height=\"286\" srcset=\"https:\/\/caminhododao.org\/wp-content\/uploads\/2021\/05\/MosteiroNSdeCabec\u0327a-300x286.jpg 300w, https:\/\/caminhododao.org\/wp-content\/uploads\/2021\/05\/MosteiroNSdeCabec\u0327a-768x731.jpg 768w, https:\/\/caminhododao.org\/wp-content\/uploads\/2021\/05\/MosteiroNSdeCabec\u0327a-13x12.jpg 13w, https:\/\/caminhododao.org\/wp-content\/uploads\/2021\/05\/MosteiroNSdeCabec\u0327a.jpg 960w\" sizes=\"(max-width: 300px) 100vw, 300px\" \/><\/strong><\/a><br \/>\n<a href=\"http:\/\/caminhododao.org\/index.php\/2021\/07\/13\/morning-hike-monastery-rio-dao-2\/\"><strong>Joias do vale do D\u00e3o: Mosteiro do s\u00e9culo XII e poldras do rio.<\/strong><\/a><\/p>\n<p>Conhe\u00e7a um dos mais magn\u00edficos patrim\u00f3nios culturais do vale do D\u00e3o: O Mosteiro da Santa Maria de Maceira D\u00e3o. Caminhe ao longo das margens sombreadas do rio D\u00e3o.<\/p>\n<\/div>\n<\/div><\/div><\/div><div id=\"pgc-1746-2-1\"  class=\"panel-grid-cell\" ><div id=\"panel-1746-2-1-0\" class=\"so-panel widget widget_sow-editor panel-first-child panel-last-child\" data-index=\"3\" ><div\n\t\t\t\n\t\t\tclass=\"so-widget-sow-editor so-widget-sow-editor-base\"\n\t\t\t\n\t\t>\n<div class=\"siteorigin-widget-tinymce textwidget\">\n\t<p style=\"text-align: center;\"><strong><img loading=\"lazy\" decoding=\"async\" class=\"wp-image-2517 size-medium aligncenter\" src=\"http:\/\/caminhododao.org\/wp-content\/uploads\/2022\/01\/PoldrasSquare-300x290.jpg\" alt=\"\" width=\"300\" height=\"290\" srcset=\"https:\/\/caminhododao.org\/wp-content\/uploads\/2022\/01\/PoldrasSquare-300x290.jpg 300w, https:\/\/caminhododao.org\/wp-content\/uploads\/2022\/01\/PoldrasSquare-1024x988.jpg 1024w, https:\/\/caminhododao.org\/wp-content\/uploads\/2022\/01\/PoldrasSquare-768x741.jpg 768w, https:\/\/caminhododao.org\/wp-content\/uploads\/2022\/01\/PoldrasSquare-12x12.jpg 12w, https:\/\/caminhododao.org\/wp-content\/uploads\/2022\/01\/PoldrasSquare.jpg 1372w\" sizes=\"(max-width: 300px) 100vw, 300px\" \/><a href=\"http:\/\/caminhododao.org\/2021\/day-hike-biodiversity-and-hidden-mills-between-quinta-da-ponte-entre-aguas\/\"><br \/>\nUm mergulho profundo na biodiversidade<\/a><\/strong><strong><a href=\"http:\/\/caminhododao.org\/2021\/day-hike-biodiversity-and-hidden-mills-between-quinta-da-ponte-entre-aguas\/\"> do vale do D\u00e3o \/ 18 km\u00a0<\/a><\/strong><\/p>\n<p style=\"text-align: center;\">Esta caminhada de um dia passa por uma das partes mais biodiversas e tranquilas do vale do D\u00e3o. Atravessaremos as poldras e almo\u00e7aremos na margem do rio enquanto observamos a vida selvagem.<\/p>\n<\/div>\n<\/div><\/div><\/div><div id=\"pgc-1746-2-2\"  class=\"panel-grid-cell\" ><div id=\"panel-1746-2-2-0\" class=\"so-panel widget widget_sow-editor panel-first-child panel-last-child\" data-index=\"4\" ><div\n\t\t\t\n\t\t\tclass=\"so-widget-sow-editor so-widget-sow-editor-base\"\n\t\t\t\n\t\t>\n<div class=\"siteorigin-widget-tinymce textwidget\">\n\t<p style=\"text-align: center;\"><a href=\"http:\/\/caminhododao.org\/2022\/dao-vineyards-and-forests-around-santar-garden-village\/\"><strong> <img loading=\"lazy\" decoding=\"async\" class=\"alignnone wp-image-2982 size-medium\" src=\"http:\/\/caminhododao.org\/wp-content\/uploads\/2022\/06\/caminho-do-dao-santar-vineyards-300x300.jpg\" alt=\"\" width=\"300\" height=\"300\" srcset=\"https:\/\/caminhododao.org\/wp-content\/uploads\/2022\/06\/caminho-do-dao-santar-vineyards-300x300.jpg 300w, https:\/\/caminhododao.org\/wp-content\/uploads\/2022\/06\/caminho-do-dao-santar-vineyards-1024x1024.jpg 1024w, https:\/\/caminhododao.org\/wp-content\/uploads\/2022\/06\/caminho-do-dao-santar-vineyards-150x150.jpg 150w, https:\/\/caminhododao.org\/wp-content\/uploads\/2022\/06\/caminho-do-dao-santar-vineyards-768x768.jpg 768w, https:\/\/caminhododao.org\/wp-content\/uploads\/2022\/06\/caminho-do-dao-santar-vineyards-12x12.jpg 12w, https:\/\/caminhododao.org\/wp-content\/uploads\/2022\/06\/caminho-do-dao-santar-vineyards.jpg 1280w\" sizes=\"(max-width: 300px) 100vw, 300px\" \/><\/strong><\/a><\/p>\n<p style=\"text-align: center;\"><strong><a href=\"http:\/\/caminhododao.org\/2022\/dao-vineyards-and-forests-around-santar-garden-village\/\">Riquezas rurais e aldeias hist\u00f3ricas<\/a><\/strong><strong><a href=\"http:\/\/caminhododao.org\/2022\/dao-vineyards-and-forests-around-santar-garden-village\/\"> villages - Santar and Vilar Seco \/ 8 km<\/a><\/strong><\/p>\n<p>Venha explorar as riquezas rurais portuguesas no centro do vale do D\u00e3o. Encantadoras aldeias hist\u00f3ricas de Santar e Vilar Seco, infind\u00e1veis \u200b\u200bcampos de vinha do D\u00e3o, olivais, pastagens entrela\u00e7adas com pequenas parcelas florestais.<\/p>\n<\/div>\n<\/div><\/div><\/div><\/div><div id=\"pg-1746-3\"  class=\"panel-grid panel-no-style\" ><div id=\"pgc-1746-3-0\"  class=\"panel-grid-cell\" ><div id=\"panel-1746-3-0-0\" class=\"so-panel widget widget_sow-editor panel-first-child\" data-index=\"5\" ><div\n\t\t\t\n\t\t\tclass=\"so-widget-sow-editor so-widget-sow-editor-base\"\n\t\t\t\n\t\t>\n<div class=\"siteorigin-widget-tinymce textwidget\">\n\t<\/div>\n<\/div><\/div><div id=\"panel-1746-3-0-1\" class=\"so-panel widget widget_sow-image panel-last-child\" data-index=\"6\" ><div\n\t\t\t\n\t\t\tclass=\"so-widget-sow-image so-widget-sow-image-default-113ccd71f3e6-1746\"\n\t\t\t\n\t\t>\n\n<div class=\"sow-image-container\">\n\t\t<img decoding=\"async\" src=\"https:\/\/caminhododao.org\/wp-content\/uploads\/2022\/01\/CC736AD4-5790-488D-8731-672BBF1A6BB5-1.jpg\" width=\"1280\" height=\"1280\" srcset=\"https:\/\/caminhododao.org\/wp-content\/uploads\/2022\/01\/CC736AD4-5790-488D-8731-672BBF1A6BB5-1.jpg 1280w, https:\/\/caminhododao.org\/wp-content\/uploads\/2022\/01\/CC736AD4-5790-488D-8731-672BBF1A6BB5-1-300x300.jpg 300w, https:\/\/caminhododao.org\/wp-content\/uploads\/2022\/01\/CC736AD4-5790-488D-8731-672BBF1A6BB5-1-1024x1024.jpg 1024w, https:\/\/caminhododao.org\/wp-content\/uploads\/2022\/01\/CC736AD4-5790-488D-8731-672BBF1A6BB5-1-150x150.jpg 150w, https:\/\/caminhododao.org\/wp-content\/uploads\/2022\/01\/CC736AD4-5790-488D-8731-672BBF1A6BB5-1-768x768.jpg 768w, https:\/\/caminhododao.org\/wp-content\/uploads\/2022\/01\/CC736AD4-5790-488D-8731-672BBF1A6BB5-1-12x12.jpg 12w, https:\/\/caminhododao.org\/wp-content\/uploads\/2022\/01\/CC736AD4-5790-488D-8731-672BBF1A6BB5-1-600x600.jpg 600w, https:\/\/caminhododao.org\/wp-content\/uploads\/2022\/01\/CC736AD4-5790-488D-8731-672BBF1A6BB5-1-125x125.jpg 125w\" sizes=\"(max-width: 1280px) 100vw, 1280px\" title=\"Atravesse o rio nas poldras\" alt=\"\" loading=\"lazy\" \t\tclass=\"so-widget-image\"\/>\n\t<\/div>\n\n<\/div><\/div><\/div><div id=\"pgc-1746-3-1\"  class=\"panel-grid-cell\" ><div id=\"panel-1746-3-1-0\" class=\"so-panel widget widget_sow-editor panel-first-child panel-last-child\" data-index=\"7\" ><div\n\t\t\t\n\t\t\tclass=\"so-widget-sow-editor so-widget-sow-editor-base\"\n\t\t\t\n\t\t>\n<div class=\"siteorigin-widget-tinymce textwidget\">\n\t<p><strong>Informa\u00e7\u00e3o Geral:<\/strong><br \/>\n~ Todas as caminhadas s\u00e3o rotas circulares<br \/>\n~ N\u00edvel de difficuldade: moderado. As caminhadas s\u00e3o feitas principalmente em caminhos n\u00e3o pavimentados com superf\u00edcies irregulares e cada caminhada inclui algum n\u00edvel de subida e descida.<br \/>\n~ tamanho m\u00ednimo do grupo de caminhada \u00e9 4 e o tamanho max. do grupo \u00e9 9<br \/>\n~ Program includes guide (speaks PT, ENG, NL and FR) and insurance.<br \/>\n~ Equipamento necess\u00e1rio: roupas e sapatos confort\u00e1veis e adequados ao tempo, bon\u00e9, 1,5 litro de \u00e1gua e protetor solar.<\/p>\n<p>&nbsp;<\/p>\n<\/div>\n<\/div><\/div><\/div><div id=\"pgc-1746-3-2\"  class=\"panel-grid-cell\" ><div id=\"panel-1746-3-2-0\" class=\"so-panel widget widget_sow-image panel-first-child\" data-index=\"8\" ><div\n\t\t\t\n\t\t\tclass=\"so-widget-sow-image so-widget-sow-image-default-113ccd71f3e6-1746\"\n\t\t\t\n\t\t>\n\n<div class=\"sow-image-container\">\n\t\t<img decoding=\"async\" src=\"https:\/\/caminhododao.org\/wp-content\/uploads\/2023\/01\/ContactCdD.jpg\" width=\"600\" height=\"240\" srcset=\"https:\/\/caminhododao.org\/wp-content\/uploads\/2023\/01\/ContactCdD.jpg 600w, https:\/\/caminhododao.org\/wp-content\/uploads\/2023\/01\/ContactCdD-300x120.jpg 300w, https:\/\/caminhododao.org\/wp-content\/uploads\/2023\/01\/ContactCdD-18x7.jpg 18w\" sizes=\"(max-width: 600px) 100vw, 600px\" title=\"Descubra trilhas escondidas \" alt=\"\" loading=\"lazy\" \t\tclass=\"so-widget-image\"\/>\n\t<\/div>\n\n<\/div><\/div><div id=\"panel-1746-3-2-1\" class=\"so-panel widget widget_sow-image panel-last-child\" data-index=\"9\" ><div\n\t\t\t\n\t\t\tclass=\"so-widget-sow-image so-widget-sow-image-default-113ccd71f3e6-1746\"\n\t\t\t\n\t\t>\n\n<div class=\"sow-image-container\">\n\t\t<img decoding=\"async\" src=\"https:\/\/caminhododao.org\/wp-content\/uploads\/2021\/05\/6AE65689-0D89-4CC0-9E50-B031C48D4680.jpg\" width=\"1280\" height=\"1280\" srcset=\"https:\/\/caminhododao.org\/wp-content\/uploads\/2021\/05\/6AE65689-0D89-4CC0-9E50-B031C48D4680.jpg 1280w, https:\/\/caminhododao.org\/wp-content\/uploads\/2021\/05\/6AE65689-0D89-4CC0-9E50-B031C48D4680-300x300.jpg 300w, https:\/\/caminhododao.org\/wp-content\/uploads\/2021\/05\/6AE65689-0D89-4CC0-9E50-B031C48D4680-1024x1024.jpg 1024w, https:\/\/caminhododao.org\/wp-content\/uploads\/2021\/05\/6AE65689-0D89-4CC0-9E50-B031C48D4680-150x150.jpg 150w, https:\/\/caminhododao.org\/wp-content\/uploads\/2021\/05\/6AE65689-0D89-4CC0-9E50-B031C48D4680-768x768.jpg 768w, https:\/\/caminhododao.org\/wp-content\/uploads\/2021\/05\/6AE65689-0D89-4CC0-9E50-B031C48D4680-12x12.jpg 12w, https:\/\/caminhododao.org\/wp-content\/uploads\/2021\/05\/6AE65689-0D89-4CC0-9E50-B031C48D4680-600x600.jpg 600w, https:\/\/caminhododao.org\/wp-content\/uploads\/2021\/05\/6AE65689-0D89-4CC0-9E50-B031C48D4680-125x125.jpg 125w\" sizes=\"(max-width: 1280px) 100vw, 1280px\" title=\"Descubra trilhas escondidas \" alt=\"\" loading=\"lazy\" \t\tclass=\"so-widget-image\"\/>\n\t<\/div>\n\n<\/div><\/div><\/div><\/div><div id=\"pg-1746-4\"  class=\"panel-grid panel-no-style\" ><div id=\"pgc-1746-4-0\"  class=\"panel-grid-cell\" ><div id=\"panel-1746-4-0-0\" class=\"so-panel widget widget_sow-image panel-first-child\" data-index=\"10\" ><div\n\t\t\t\n\t\t\tclass=\"so-widget-sow-image so-widget-sow-image-default-8b5b6f678277-1746\"\n\t\t\t\n\t\t>\n\n<div class=\"sow-image-container\">\n\t\t<img decoding=\"async\" src=\"https:\/\/caminhododao.org\/wp-content\/uploads\/2021\/06\/banner2.jpg\" width=\"2421\" height=\"1371\" srcset=\"https:\/\/caminhododao.org\/wp-content\/uploads\/2021\/06\/banner2.jpg 2421w, https:\/\/caminhododao.org\/wp-content\/uploads\/2021\/06\/banner2-300x170.jpg 300w, https:\/\/caminhododao.org\/wp-content\/uploads\/2021\/06\/banner2-1024x580.jpg 1024w, https:\/\/caminhododao.org\/wp-content\/uploads\/2021\/06\/banner2-768x435.jpg 768w, https:\/\/caminhododao.org\/wp-content\/uploads\/2021\/06\/banner2-1536x870.jpg 1536w, https:\/\/caminhododao.org\/wp-content\/uploads\/2021\/06\/banner2-2048x1160.jpg 2048w, https:\/\/caminhododao.org\/wp-content\/uploads\/2021\/06\/banner2-16x9.jpg 16w\" sizes=\"(max-width: 2421px) 100vw, 2421px\" title=\"Caminho do D\u00e3o 21 Group in Varzea\" alt=\"\" loading=\"lazy\" \t\tclass=\"so-widget-image\"\/>\n\t<\/div>\n\n<\/div><\/div><div id=\"panel-1746-4-0-1\" class=\"so-panel widget widget_sow-contact-form panel-last-child\" data-index=\"11\" ><div\n\t\t\t\n\t\t\tclass=\"so-widget-sow-contact-form so-widget-sow-contact-form-default-561e98a1c438-1746\"\n\t\t\t\n\t\t><h3 class=\"widget-title\">Book a day hike.<\/h3>\t<form\n\t\taction=\"\/pt\/wp-json\/wp\/v2\/pages\/1746\"\n\t\tmethod=\"POST\"\n\t\tclass=\"sow-contact-form\"\n\t\tid=\"contact-form-cf68\" data-trp-original-action=\"\/pt\/wp-json\/wp\/v2\/pages\/1746\"\n\t>\n\n\t\t\n\t\t\t\t\t<div class=\"sow-form-field sow-form-field-name\">\n\t\t\t\t<label class=\"sow-form-field-label-above\" for=\"sow-contact-form-field-your-name-1503274849647ca17af3a0f947719986\">\n\t\t\t\t<strong>\n\t\t\t\t\tYour Name\t\t\t\t\t\t\t\t\t<\/strong>\n\t\t\t<\/label>\n\t\t\t\t\t\t\t<span class=\"sow-field-container\">\n\t\t\t\t\t\t\t<input\n\t\t\ttype=\"text\"\n\t\t\tname=\"your-name-1503274849647ca17af3a0f947719986\"\n\t\t\tid=\"sow-contact-form-field-your-name-1503274849647ca17af3a0f947719986\"\n\t\t\tvalue=\"\"\n\t\t\tclass=\"sow-text-field\"\n\t\t\t\t\t\/>\n\t\t\t\t\t\t<\/span>\n\t\t\t\t\t\t\t<\/div>\n\t\t\t\t\t\t<div class=\"sow-form-field sow-form-field-email\">\n\t\t\t\t<label class=\"sow-form-field-label-above\" for=\"sow-contact-form-field-your-email-1503274849647ca17af3a0f947719986\">\n\t\t\t\t<strong>\n\t\t\t\t\tYour Email\t\t\t\t\t\t\t\t\t<\/strong>\n\t\t\t<\/label>\n\t\t\t\t\t\t\t<span class=\"sow-field-container\">\n\t\t\t\t\t\t\t<input\n\t\t\ttype=\"email\"\n\t\t\tname=\"your-email-1503274849647ca17af3a0f947719986\"\n\t\t\tid=\"sow-contact-form-field-your-email-1503274849647ca17af3a0f947719986\"\n\t\t\tvalue=\"\"\n\t\t\tclass=\"sow-text-field\"\t\t\t\t\t\t\t\t\/>\n\t\t\t\t\t\t<\/span>\n\t\t\t\t\t\t\t<\/div>\n\t\t\t\t\t\t<div class=\"sow-form-field sow-form-field-tel\">\n\t\t\t\t<label class=\"sow-form-field-label-above\" for=\"sow-contact-form-field-phone-number-1503274849647ca17af3a0f947719986\">\n\t\t\t\t<strong>\n\t\t\t\t\tPhone Number\t\t\t\t\t\t\t\t\t<\/strong>\n\t\t\t<\/label>\n\t\t\t\t\t\t\t<span class=\"sow-field-container\">\n\t\t\t\t\t\t\t<input\n\t\t\ttype=\"tel\"\n\t\t\tname=\"phone-number-1503274849647ca17af3a0f947719986\"\n\t\t\tid=\"sow-contact-form-field-phone-number-1503274849647ca17af3a0f947719986\"\n\t\t\tvalue=\"\"\n\t\t\tclass=\"sow-text-field\"\t\t\t\t\t\t\t\t\/>\n\t\t\t\t\t\t<\/span>\n\t\t\t\t\t\t\t<\/div>\n\t\t\t\t\t\t<div class=\"sow-form-field sow-form-field-textarea\">\n\t\t\t\t<label class=\"sow-form-field-label-above\" for=\"sow-contact-form-field-message-1503274849647ca17af3a0f947719986\">\n\t\t\t\t<strong>\n\t\t\t\t\tMessage\t\t\t\t\t\t\t\t\t<\/strong>\n\t\t\t<\/label>\n\t\t\t\t\t\t\t<span class=\"sow-field-container\">\n\t\t\t\t\t\t\t<textarea\n\t\t\tname=\"message-1503274849647ca17af3a0f947719986\"\n\t\t\tid=\"sow-contact-form-field-message-1503274849647ca17af3a0f947719986\"\n\t\t\trows=\"10\"\n\t\t\t\t\t\t\t\t><\/textarea>\n\t\t\t\t\t\t<\/span>\n\t\t\t\t\t\t\t<\/div>\n\t\t\t\t\t\n\t\t\n\t\t\n\t\t<input type=\"hidden\" name=\"instance_hash\" value=\"cf6888f6a148b6fbb7ae978ae1876d37\" \/>\n\t\t<input type=\"hidden\" id=\"_wpnonce\" name=\"_wpnonce\" value=\"b2a7e3dee7\" \/><input type=\"hidden\" name=\"_wp_http_referer\" value=\"\/pt\/wp-json\/wp\/v2\/pages\/1746\" \/>\t\t<div class=\"sow-submit-wrapper sow-submit-styled\">\n\n\t\t<button class=\"sow-submit\"\n\t\t\t\t\t\t\t\t>\n\t\t\tContact Us\t\t<\/button>\n\n\t\t<\/div>\n\t<input type=\"hidden\" name=\"trp-form-language\" value=\"pt\"\/><\/form>\n\t<\/div><\/div><\/div><\/div><\/div>","protected":false},"excerpt":{"rendered":"<p>Get a taste of the D\u00e3o valley on these full and half-day hikes. Our half- and full-day hiking excursions offer an experience of the river&hellip;<\/p>","protected":false},"author":2,"featured_media":0,"parent":0,"menu_order":0,"comment_status":"closed","ping_status":"closed","template":"","meta":{"_monsterinsights_skip_tracking":false,"_monsterinsights_sitenote_active":false,"_monsterinsights_sitenote_note":"","_monsterinsights_sitenote_category":0,"footnotes":""},"_links":{"self":[{"href":"https:\/\/caminhododao.org\/pt\/wp-json\/wp\/v2\/pages\/1746"}],"collection":[{"href":"https:\/\/caminhododao.org\/pt\/wp-json\/wp\/v2\/pages"}],"about":[{"href":"https:\/\/caminhododao.org\/pt\/wp-json\/wp\/v2\/types\/page"}],"author":[{"embeddable":true,"href":"https:\/\/caminhododao.org\/pt\/wp-json\/wp\/v2\/users\/2"}],"replies":[{"embeddable":true,"href":"https:\/\/caminhododao.org\/pt\/wp-json\/wp\/v2\/comments?post=1746"}],"version-history":[{"count":315,"href":"https:\/\/caminhododao.org\/pt\/wp-json\/wp\/v2\/pages\/1746\/revisions"}],"predecessor-version":[{"id":3755,"href":"https:\/\/caminhododao.org\/pt\/wp-json\/wp\/v2\/pages\/1746\/revisions\/3755"}],"wp:attachment":[{"href":"https:\/\/caminhododao.org\/pt\/wp-json\/wp\/v2\/media?parent=1746"}],"curies":[{"name":"wp","href":"https:\/\/api.w.org\/{rel}","templated":true}]}}