{"id":2243,"date":"2021-11-17T11:53:49","date_gmt":"2021-11-17T11:53:49","guid":{"rendered":"http:\/\/caminhododao.org\/?page_id=2243"},"modified":"2023-01-11T16:09:06","modified_gmt":"2023-01-11T16:09:06","slug":"general-information","status":"publish","type":"page","link":"https:\/\/caminhododao.org\/pt\/general-information\/","title":{"rendered":"Informa\u00e7\u00e3o Geral"},"content":{"rendered":"<div id=\"pl-2243\"  class=\"panel-layout\" ><div id=\"pg-2243-0\"  class=\"panel-grid panel-no-style\" ><div id=\"pgc-2243-0-0\"  class=\"panel-grid-cell panel-grid-cell-empty panel-grid-cell-mobile-last\" ><\/div><div id=\"pgc-2243-0-1\"  class=\"panel-grid-cell panel-grid-cell-empty\" ><\/div><\/div><div id=\"pg-2243-1\"  class=\"panel-grid panel-no-style\" ><div id=\"pgc-2243-1-0\"  class=\"panel-grid-cell\" ><div id=\"panel-2243-1-0-0\" class=\"so-panel widget widget_sow-image panel-first-child\" data-index=\"0\" ><div\n\t\t\t\n\t\t\tclass=\"so-widget-sow-image so-widget-sow-image-default-8b5b6f678277-2243\"\n\t\t\t\n\t\t>\n\n<div class=\"sow-image-container\">\n\t\t<img decoding=\"async\" src=\"https:\/\/caminhododao.org\/wp-content\/uploads\/2023\/01\/ContactCdD.jpg\" width=\"600\" height=\"240\" srcset=\"https:\/\/caminhododao.org\/wp-content\/uploads\/2023\/01\/ContactCdD.jpg 600w, https:\/\/caminhododao.org\/wp-content\/uploads\/2023\/01\/ContactCdD-300x120.jpg 300w, https:\/\/caminhododao.org\/wp-content\/uploads\/2023\/01\/ContactCdD-18x7.jpg 18w\" sizes=\"(max-width: 600px) 100vw, 600px\" alt=\"\" loading=\"lazy\" \t\tclass=\"so-widget-image\"\/>\n\t<\/div>\n\n<\/div><\/div><div id=\"panel-2243-1-0-1\" class=\"so-panel widget widget_sow-image\" data-index=\"1\" ><div\n\t\t\t\n\t\t\tclass=\"so-widget-sow-image so-widget-sow-image-default-8b5b6f678277-2243\"\n\t\t\t\n\t\t>\n\n<div class=\"sow-image-container\">\n\t\t\t<a href=\"https:\/\/www.livroreclamacoes.pt\/Inicio\/\"\n\t\t\ttarget=\"_blank\" rel=\"noopener noreferrer\" \t\t>\n\t\t\t<img decoding=\"async\" src=\"https:\/\/caminhododao.org\/wp-content\/uploads\/2022\/07\/Livro-de-Reclam.png\" width=\"140\" height=\"58\" srcset=\"https:\/\/caminhododao.org\/wp-content\/uploads\/2022\/07\/Livro-de-Reclam.png 140w, https:\/\/caminhododao.org\/wp-content\/uploads\/2022\/07\/Livro-de-Reclam-18x7.png 18w\" sizes=\"(max-width: 140px) 100vw, 140px\" title=\"Livro de Reclama\u00e7\u00f5es\" alt=\"\" loading=\"lazy\" \t\tclass=\"so-widget-image\"\/>\n\t<\/a><\/div>\n\n<\/div><\/div><div id=\"panel-2243-1-0-2\" class=\"so-panel widget widget_sow-editor panel-last-child\" data-index=\"2\" ><div\n\t\t\t\n\t\t\tclass=\"so-widget-sow-editor so-widget-sow-editor-base\"\n\t\t\t\n\t\t>\n<div class=\"siteorigin-widget-tinymce textwidget\">\n\t<p>RNAAT no. 77\/2021<\/p>\n<p class=\"entry-title\"><a href=\"http:\/\/www.moinhosdodao.org\/privacy-and-terms-of-service-policies-moinhos-do-dao-eco-quinta\/\" target=\"_blank\" rel=\"noopener\">Pol\u00edtica de Privacidade e Termos de Servi\u00e7o ~ Moinhos do D\u00e3o Eco Quinta<\/a><\/p>\n<p>&nbsp;<\/p>\n<\/div>\n<\/div><\/div><\/div><div id=\"pgc-2243-1-1\"  class=\"panel-grid-cell\" ><div id=\"panel-2243-1-1-0\" class=\"so-panel widget widget_sow-image panel-first-child panel-last-child\" data-index=\"3\" ><div\n\t\t\t\n\t\t\tclass=\"so-widget-sow-image so-widget-sow-image-default-c67d20f9f743-2243\"\n\t\t\t\n\t\t>\n\n<div class=\"sow-image-container\">\n\t\t\t<a href=\"http:\/\/www.moinhosdodao.org\/\"\n\t\t\ttarget=\"_blank\" rel=\"noopener noreferrer\" \t\t>\n\t\t\t<img decoding=\"async\" src=\"https:\/\/caminhododao.org\/wp-content\/uploads\/2021\/01\/MdDActivityButton-copy-e1611784308479.jpg\" width=\"250\" height=\"253\" sizes=\"(max-width: 250px) 100vw, 250px\" title=\"MdDActivityButton copy\" alt=\"\" loading=\"lazy\" \t\tclass=\"so-widget-image\"\/>\n\t<\/a><\/div>\n\n<\/div><\/div><\/div><div id=\"pgc-2243-1-2\"  class=\"panel-grid-cell\" ><div id=\"panel-2243-1-2-0\" class=\"so-panel widget widget_sow-image panel-first-child panel-last-child\" data-index=\"4\" ><div\n\t\t\t\n\t\t\tclass=\"so-widget-sow-image so-widget-sow-image-default-c67d20f9f743-2243\"\n\t\t\t\n\t\t>\n\n<div class=\"sow-image-container\">\n\t\t\t<a href=\"http:\/\/caminhododao.org\/index.php\/clean-safe-certification-for-the-hiking-program\/\"\n\t\t\ttarget=\"_blank\" rel=\"noopener noreferrer\" \t\t>\n\t\t\t<img decoding=\"async\" src=\"https:\/\/caminhododao.org\/wp-content\/uploads\/2021\/05\/for-site-2021-e1633811172169.jpg\" width=\"150\" height=\"331\" sizes=\"(max-width: 150px) 100vw, 150px\" title=\"for site 2021\" alt=\"\" loading=\"lazy\" \t\tclass=\"so-widget-image\"\/>\n\t<\/a><\/div>\n\n<\/div><\/div><\/div><div id=\"pgc-2243-1-3\"  class=\"panel-grid-cell\" ><div id=\"panel-2243-1-3-0\" class=\"so-panel widget widget_sow-image panel-first-child panel-last-child\" data-index=\"5\" ><div\n\t\t\t\n\t\t\tclass=\"so-widget-sow-image so-widget-sow-image-default-c67d20f9f743-2243\"\n\t\t\t\n\t\t>\n\n<div class=\"sow-image-container\">\n\t\t\t<a href=\"http:\/\/caminhododao.org\/2021\/certification-rewilding-tourism-training-stage-1\/\"\n\t\t\ttarget=\"_blank\" rel=\"noopener noreferrer\" \t\t>\n\t\t\t<img decoding=\"async\" src=\"https:\/\/caminhododao.org\/wp-content\/uploads\/2021\/12\/RTT-1star.png\" width=\"600\" height=\"513\" srcset=\"https:\/\/caminhododao.org\/wp-content\/uploads\/2021\/12\/RTT-1star.png 600w, https:\/\/caminhododao.org\/wp-content\/uploads\/2021\/12\/RTT-1star-300x257.png 300w, https:\/\/caminhododao.org\/wp-content\/uploads\/2021\/12\/RTT-1star-14x12.png 14w\" sizes=\"(max-width: 600px) 100vw, 600px\" alt=\"\" loading=\"lazy\" \t\tclass=\"so-widget-image\"\/>\n\t<\/a><\/div>\n\n<\/div><\/div><\/div><\/div><div id=\"pg-2243-2\"  class=\"panel-grid panel-no-style\" ><div id=\"pgc-2243-2-0\"  class=\"panel-grid-cell\" ><div id=\"panel-2243-2-0-0\" class=\"so-panel widget widget_sow-editor panel-first-child panel-last-child\" data-index=\"6\" ><div\n\t\t\t\n\t\t\tclass=\"so-widget-sow-editor so-widget-sow-editor-base\"\n\t\t\t\n\t\t>\n<div class=\"siteorigin-widget-tinymce textwidget\">\n\t<h3 style=\"text-align: center;\">Parceiros no projeto:<\/h3>\n<\/div>\n<\/div><\/div><\/div><\/div><div id=\"pg-2243-3\"  class=\"panel-grid panel-no-style\" ><div id=\"pgc-2243-3-0\"  class=\"panel-grid-cell\" ><div id=\"panel-2243-3-0-0\" class=\"so-panel widget widget_sow-image panel-first-child panel-last-child\" data-index=\"7\" ><div\n\t\t\t\n\t\t\tclass=\"so-widget-sow-image so-widget-sow-image-default-8b5b6f678277-2243\"\n\t\t\t\n\t\t>\n\n<div class=\"sow-image-container\">\n\t\t\t<a href=\"https:\/\/www.beiradao.com\/\"\n\t\t\ttarget=\"_blank\" rel=\"noopener noreferrer\" \t\t>\n\t\t\t<img decoding=\"async\" src=\"https:\/\/caminhododao.org\/wp-content\/uploads\/2022\/02\/HotelBD.jpg\" width=\"303\" height=\"166\" srcset=\"https:\/\/caminhododao.org\/wp-content\/uploads\/2022\/02\/HotelBD.jpg 303w, https:\/\/caminhododao.org\/wp-content\/uploads\/2022\/02\/HotelBD-300x164.jpg 300w, https:\/\/caminhododao.org\/wp-content\/uploads\/2022\/02\/HotelBD-18x10.jpg 18w\" sizes=\"(max-width: 303px) 100vw, 303px\" title=\"Hotel Beira D\u00e3o\" alt=\"\" loading=\"lazy\" \t\tclass=\"so-widget-image\"\/>\n\t<\/a><\/div>\n\n<\/div><\/div><\/div><div id=\"pgc-2243-3-1\"  class=\"panel-grid-cell\" ><div id=\"panel-2243-3-1-0\" class=\"so-panel widget widget_sow-image panel-first-child panel-last-child\" data-index=\"8\" ><div\n\t\t\t\n\t\t\tclass=\"so-widget-sow-image so-widget-sow-image-default-c67d20f9f743-2243\"\n\t\t\t\n\t\t>\n\n<div class=\"sow-image-container\">\n\t\t\t<a href=\"https:\/\/www.facebook.com\/quevisoeu\/\"\n\t\t\ttarget=\"_blank\" rel=\"noopener noreferrer\" \t\t>\n\t\t\t<img decoding=\"async\" src=\"https:\/\/caminhododao.org\/wp-content\/uploads\/2022\/02\/QueVisoeu.jpg\" width=\"200\" height=\"200\" srcset=\"https:\/\/caminhododao.org\/wp-content\/uploads\/2022\/02\/QueVisoeu.jpg 200w, https:\/\/caminhododao.org\/wp-content\/uploads\/2022\/02\/QueVisoeu-150x150.jpg 150w, https:\/\/caminhododao.org\/wp-content\/uploads\/2022\/02\/QueVisoeu-12x12.jpg 12w, https:\/\/caminhododao.org\/wp-content\/uploads\/2022\/02\/QueVisoeu-125x125.jpg 125w\" sizes=\"(max-width: 200px) 100vw, 200px\" title=\"Que Visoeu\" alt=\"\" loading=\"lazy\" \t\tclass=\"so-widget-image\"\/>\n\t<\/a><\/div>\n\n<\/div><\/div><\/div><div id=\"pgc-2243-3-2\"  class=\"panel-grid-cell\" ><div id=\"panel-2243-3-2-0\" class=\"so-panel widget widget_sow-image panel-first-child panel-last-child\" data-index=\"9\" ><div\n\t\t\t\n\t\t\tclass=\"so-widget-sow-image so-widget-sow-image-default-c67d20f9f743-2243\"\n\t\t\t\n\t\t>\n\n<div class=\"sow-image-container\">\n\t\t\t<a href=\"https:\/\/pt-pt.facebook.com\/people\/P%C3%A1gina-Queijaria-Povolide\/100057404441325\/\"\n\t\t\ttarget=\"_blank\" rel=\"noopener noreferrer\" \t\t>\n\t\t\t<img decoding=\"async\" src=\"https:\/\/caminhododao.org\/wp-content\/uploads\/2022\/02\/queijaria_povolide_logo-removebg-preview.png\" width=\"737\" height=\"332\" srcset=\"https:\/\/caminhododao.org\/wp-content\/uploads\/2022\/02\/queijaria_povolide_logo-removebg-preview.png 737w, https:\/\/caminhododao.org\/wp-content\/uploads\/2022\/02\/queijaria_povolide_logo-removebg-preview-300x135.png 300w, https:\/\/caminhododao.org\/wp-content\/uploads\/2022\/02\/queijaria_povolide_logo-removebg-preview-18x8.png 18w\" sizes=\"(max-width: 737px) 100vw, 737px\" title=\"queijaria povolide\" alt=\"\" loading=\"lazy\" \t\tclass=\"so-widget-image\"\/>\n\t<\/a><\/div>\n\n<\/div><\/div><\/div><div id=\"pgc-2243-3-3\"  class=\"panel-grid-cell\" ><div id=\"panel-2243-3-3-0\" class=\"so-panel widget widget_sow-image panel-first-child panel-last-child\" data-index=\"10\" ><div\n\t\t\t\n\t\t\tclass=\"so-widget-sow-image so-widget-sow-image-default-c67d20f9f743-2243\"\n\t\t\t\n\t\t>\n\n<div class=\"sow-image-container\">\n\t\t\t<a href=\"https:\/\/www.pureportugal.co.uk\/services-directory\/\"\n\t\t\ttarget=\"_blank\" rel=\"noopener noreferrer\" \t\t>\n\t\t\t<img decoding=\"async\" src=\"https:\/\/caminhododao.org\/wp-content\/uploads\/2022\/02\/PureP.jpg\" width=\"225\" height=\"225\" srcset=\"https:\/\/caminhododao.org\/wp-content\/uploads\/2022\/02\/PureP.jpg 225w, https:\/\/caminhododao.org\/wp-content\/uploads\/2022\/02\/PureP-150x150.jpg 150w, https:\/\/caminhododao.org\/wp-content\/uploads\/2022\/02\/PureP-12x12.jpg 12w, https:\/\/caminhododao.org\/wp-content\/uploads\/2022\/02\/PureP-125x125.jpg 125w\" sizes=\"(max-width: 225px) 100vw, 225px\" title=\"Pure Portugal\" alt=\"\" loading=\"lazy\" \t\tclass=\"so-widget-image\"\/>\n\t<\/a><\/div>\n\n<\/div><\/div><\/div><div id=\"pgc-2243-3-4\"  class=\"panel-grid-cell\" ><div id=\"panel-2243-3-4-0\" class=\"so-panel widget widget_sow-image panel-first-child panel-last-child\" data-index=\"11\" ><div\n\t\t\t\n\t\t\tclass=\"so-widget-sow-image so-widget-sow-image-default-c67d20f9f743-2243\"\n\t\t\t\n\t\t>\n\n<div class=\"sow-image-container\">\n\t\t\t<a href=\"https:\/\/www.casadaspalmeiras.pt\/\"\n\t\t\ttarget=\"_blank\" rel=\"noopener noreferrer\" \t\t>\n\t\t\t<img decoding=\"async\" src=\"https:\/\/caminhododao.org\/wp-content\/uploads\/2022\/02\/Palmeiras.jpg\" width=\"195\" height=\"195\" srcset=\"https:\/\/caminhododao.org\/wp-content\/uploads\/2022\/02\/Palmeiras.jpg 195w, https:\/\/caminhododao.org\/wp-content\/uploads\/2022\/02\/Palmeiras-150x150.jpg 150w, https:\/\/caminhododao.org\/wp-content\/uploads\/2022\/02\/Palmeiras-12x12.jpg 12w, https:\/\/caminhododao.org\/wp-content\/uploads\/2022\/02\/Palmeiras-125x125.jpg 125w\" sizes=\"(max-width: 195px) 100vw, 195px\" title=\"Casa das Palmeiras\" alt=\"\" loading=\"lazy\" \t\tclass=\"so-widget-image\"\/>\n\t<\/a><\/div>\n\n<\/div><\/div><\/div><div id=\"pgc-2243-3-5\"  class=\"panel-grid-cell\" ><div id=\"panel-2243-3-5-0\" class=\"so-panel widget widget_sow-image panel-first-child panel-last-child\" data-index=\"12\" ><div\n\t\t\t\n\t\t\tclass=\"so-widget-sow-image so-widget-sow-image-default-c67d20f9f743-2243\"\n\t\t\t\n\t\t>\n\n<div class=\"sow-image-container\">\n\t\t\t<a href=\"https:\/\/www.tripadvisor.pt\/Hotel_Review-g12693825-d12793112-Reviews-Terreiro_Santa_Cruz-Carapito_Guarda_District_Central_Portugal.html\"\n\t\t\ttarget=\"_blank\" rel=\"noopener noreferrer\" \t\t>\n\t\t\t<img decoding=\"async\" src=\"https:\/\/caminhododao.org\/wp-content\/uploads\/2022\/02\/caminho-do-dao-partners-carapito.jpg\" width=\"720\" height=\"398\" srcset=\"https:\/\/caminhododao.org\/wp-content\/uploads\/2022\/02\/caminho-do-dao-partners-carapito.jpg 720w, https:\/\/caminhododao.org\/wp-content\/uploads\/2022\/02\/caminho-do-dao-partners-carapito-300x166.jpg 300w, https:\/\/caminhododao.org\/wp-content\/uploads\/2022\/02\/caminho-do-dao-partners-carapito-18x10.jpg 18w\" sizes=\"(max-width: 720px) 100vw, 720px\" title=\"Terreiro de Santa Cruz\" alt=\"\" loading=\"lazy\" \t\tclass=\"so-widget-image\"\/>\n\t<\/a><\/div>\n\n<\/div><\/div><\/div><\/div><\/div>","protected":false},"excerpt":{"rendered":"<p>RNAAT no. 77\/2021 Privacy and Terms of Service Policies ~ Moinhos do D\u00e3o Eco Quinta &nbsp;<\/p>","protected":false},"author":2,"featured_media":0,"parent":0,"menu_order":0,"comment_status":"closed","ping_status":"closed","template":"","meta":{"_monsterinsights_skip_tracking":false,"_monsterinsights_sitenote_active":false,"_monsterinsights_sitenote_note":"","_monsterinsights_sitenote_category":0,"footnotes":""},"_links":{"self":[{"href":"https:\/\/caminhododao.org\/pt\/wp-json\/wp\/v2\/pages\/2243"}],"collection":[{"href":"https:\/\/caminhododao.org\/pt\/wp-json\/wp\/v2\/pages"}],"about":[{"href":"https:\/\/caminhododao.org\/pt\/wp-json\/wp\/v2\/types\/page"}],"author":[{"embeddable":true,"href":"https:\/\/caminhododao.org\/pt\/wp-json\/wp\/v2\/users\/2"}],"replies":[{"embeddable":true,"href":"https:\/\/caminhododao.org\/pt\/wp-json\/wp\/v2\/comments?post=2243"}],"version-history":[{"count":27,"href":"https:\/\/caminhododao.org\/pt\/wp-json\/wp\/v2\/pages\/2243\/revisions"}],"predecessor-version":[{"id":3352,"href":"https:\/\/caminhododao.org\/pt\/wp-json\/wp\/v2\/pages\/2243\/revisions\/3352"}],"wp:attachment":[{"href":"https:\/\/caminhododao.org\/pt\/wp-json\/wp\/v2\/media?parent=2243"}],"curies":[{"name":"wp","href":"https:\/\/api.w.org\/{rel}","templated":true}]}}