{"id":3517,"date":"2024-01-11T16:16:08","date_gmt":"2024-01-11T16:16:08","guid":{"rendered":"http:\/\/caminhododao.org\/?page_id=3517"},"modified":"2024-08-21T15:43:29","modified_gmt":"2024-08-21T15:43:29","slug":"book-a-week-for-your-group","status":"publish","type":"page","link":"https:\/\/caminhododao.org\/pt\/book-a-week-for-your-group\/","title":{"rendered":"Multiple day group tours."},"content":{"rendered":"<div id=\"pl-3517\"  class=\"panel-layout\" ><div id=\"pg-3517-0\"  class=\"panel-grid panel-no-style\" ><div id=\"pgc-3517-0-0\"  class=\"panel-grid-cell\" ><div id=\"panel-3517-0-0-0\" class=\"so-panel widget widget_sow-editor panel-first-child panel-last-child\" data-index=\"0\" ><div class=\"panel-widget-style panel-widget-style-for-3517-0-0-0\" ><div\n\t\t\t\n\t\t\tclass=\"so-widget-sow-editor so-widget-sow-editor-base\"\n\t\t\t\n\t\t>\n<div class=\"siteorigin-widget-tinymce textwidget\">\n\t<h2 style=\"text-align: center;\">~ Book a custom group hiking tour ~<\/h2>\n<\/div>\n<\/div><\/div><\/div><\/div><\/div><div id=\"pg-3517-1\"  class=\"panel-grid panel-no-style\" ><div id=\"pgc-3517-1-0\"  class=\"panel-grid-cell\" ><div id=\"panel-3517-1-0-0\" class=\"so-panel widget widget_sow-slider panel-first-child panel-last-child\" data-index=\"1\" ><div\n\t\t\t\n\t\t\tclass=\"so-widget-sow-slider so-widget-sow-slider-default-fd84fdfe1010-3517\"\n\t\t\t\n\t\t>\t\t\t\t<div class=\"sow-slider-base\" style=\"display: none\" tabindex=\"0\">\n\t\t\t\t\t<ul\n\t\t\t\t\tclass=\"sow-slider-images\"\n\t\t\t\t\tdata-settings=\"{&quot;pagination&quot;:true,&quot;speed&quot;:800,&quot;timeout&quot;:4000,&quot;paused&quot;:false,&quot;pause_on_hover&quot;:false,&quot;swipe&quot;:true,&quot;nav_always_show_desktop&quot;:&quot;&quot;,&quot;nav_always_show_mobile&quot;:&quot;&quot;,&quot;breakpoint&quot;:&quot;780px&quot;,&quot;unmute&quot;:false,&quot;anchor&quot;:null}\"\n\t\t\t\t\t\t\t\t\t\tdata-anchor-id=\"\"\n\t\t\t\t>\t\t<li class=\"sow-slider-image  sow-slider-image-cover\" style=\"visibility: visible;;background-image: url(https:\/\/caminhododao.org\/wp-content\/uploads\/2024\/01\/CaminhodoDao_AltoSpring23.jpg)\" >\n\t\t\t\t\t\t<img fetchpriority=\"high\" decoding=\"async\" width=\"2000\" height=\"700\" src=\"https:\/\/caminhododao.org\/wp-content\/uploads\/2024\/01\/CaminhodoDao_AltoSpring23.jpg\" class=\"sow-slider-background-image skip-lazy\" alt=\"\" style=\"\" loading=\"eager\" srcset=\"https:\/\/caminhododao.org\/wp-content\/uploads\/2024\/01\/CaminhodoDao_AltoSpring23.jpg 2000w, https:\/\/caminhododao.org\/wp-content\/uploads\/2024\/01\/CaminhodoDao_AltoSpring23-300x105.jpg 300w, https:\/\/caminhododao.org\/wp-content\/uploads\/2024\/01\/CaminhodoDao_AltoSpring23-1024x358.jpg 1024w, https:\/\/caminhododao.org\/wp-content\/uploads\/2024\/01\/CaminhodoDao_AltoSpring23-768x269.jpg 768w, https:\/\/caminhododao.org\/wp-content\/uploads\/2024\/01\/CaminhodoDao_AltoSpring23-1536x538.jpg 1536w, https:\/\/caminhododao.org\/wp-content\/uploads\/2024\/01\/CaminhodoDao_AltoSpring23-18x6.jpg 18w\" sizes=\"(max-width: 2000px) 100vw, 2000px\" \/>\t\t<\/li>\n\t\t\t\t<li class=\"sow-slider-image  sow-slider-image-cover\" style=\"visibility: hidden;\" data-background=\"url(https:\/\/caminhododao.org\/wp-content\/uploads\/2024\/01\/CaminhodoDao_Ecopista.jpg)\" >\n\t\t\t\t\t\t<img decoding=\"async\" width=\"2000\" height=\"700\" src=\"https:\/\/caminhododao.org\/wp-content\/uploads\/2024\/01\/CaminhodoDao_Ecopista.jpg\" class=\"sow-slider-background-image skip-lazy\" alt=\"\" style=\"\" loading=\"eager\" srcset=\"https:\/\/caminhododao.org\/wp-content\/uploads\/2024\/01\/CaminhodoDao_Ecopista.jpg 2000w, https:\/\/caminhododao.org\/wp-content\/uploads\/2024\/01\/CaminhodoDao_Ecopista-300x105.jpg 300w, https:\/\/caminhododao.org\/wp-content\/uploads\/2024\/01\/CaminhodoDao_Ecopista-1024x358.jpg 1024w, https:\/\/caminhododao.org\/wp-content\/uploads\/2024\/01\/CaminhodoDao_Ecopista-768x269.jpg 768w, https:\/\/caminhododao.org\/wp-content\/uploads\/2024\/01\/CaminhodoDao_Ecopista-1536x538.jpg 1536w, https:\/\/caminhododao.org\/wp-content\/uploads\/2024\/01\/CaminhodoDao_Ecopista-18x6.jpg 18w\" sizes=\"(max-width: 2000px) 100vw, 2000px\" \/>\t\t<\/li>\n\t\t\t\t<li class=\"sow-slider-image  sow-slider-image-cover\" style=\"visibility: hidden;\" data-background=\"url(https:\/\/caminhododao.org\/wp-content\/uploads\/2022\/11\/Caminho-do-Da\u0303o-2021-Roman-Bridge.jpg)\" >\n\t\t\t\t\t\t<img decoding=\"async\" width=\"2000\" height=\"700\" src=\"https:\/\/caminhododao.org\/wp-content\/uploads\/2022\/11\/Caminho-do-Da\u0303o-2021-Roman-Bridge.jpg\" class=\"sow-slider-background-image skip-lazy\" alt=\"\" style=\"\" loading=\"eager\" srcset=\"https:\/\/caminhododao.org\/wp-content\/uploads\/2022\/11\/Caminho-do-Da\u0303o-2021-Roman-Bridge.jpg 2000w, https:\/\/caminhododao.org\/wp-content\/uploads\/2022\/11\/Caminho-do-Da\u0303o-2021-Roman-Bridge-300x105.jpg 300w, https:\/\/caminhododao.org\/wp-content\/uploads\/2022\/11\/Caminho-do-Da\u0303o-2021-Roman-Bridge-1024x358.jpg 1024w, https:\/\/caminhododao.org\/wp-content\/uploads\/2022\/11\/Caminho-do-Da\u0303o-2021-Roman-Bridge-768x269.jpg 768w, https:\/\/caminhododao.org\/wp-content\/uploads\/2022\/11\/Caminho-do-Da\u0303o-2021-Roman-Bridge-1536x538.jpg 1536w, https:\/\/caminhododao.org\/wp-content\/uploads\/2022\/11\/Caminho-do-Da\u0303o-2021-Roman-Bridge-18x6.jpg 18w\" sizes=\"(max-width: 2000px) 100vw, 2000px\" \/>\t\t<\/li>\n\t\t\t\t<li class=\"sow-slider-image  sow-slider-image-cover\" style=\"visibility: hidden;\" data-background=\"url(https:\/\/caminhododao.org\/wp-content\/uploads\/2024\/01\/CaminhodoDao_CruzMosteiro.jpg)\" >\n\t\t\t\t\t\t<img decoding=\"async\" width=\"2000\" height=\"700\" src=\"https:\/\/caminhododao.org\/wp-content\/uploads\/2024\/01\/CaminhodoDao_CruzMosteiro.jpg\" class=\"sow-slider-background-image skip-lazy\" alt=\"\" style=\"\" loading=\"eager\" srcset=\"https:\/\/caminhododao.org\/wp-content\/uploads\/2024\/01\/CaminhodoDao_CruzMosteiro.jpg 2000w, https:\/\/caminhododao.org\/wp-content\/uploads\/2024\/01\/CaminhodoDao_CruzMosteiro-300x105.jpg 300w, https:\/\/caminhododao.org\/wp-content\/uploads\/2024\/01\/CaminhodoDao_CruzMosteiro-1024x358.jpg 1024w, https:\/\/caminhododao.org\/wp-content\/uploads\/2024\/01\/CaminhodoDao_CruzMosteiro-768x269.jpg 768w, https:\/\/caminhododao.org\/wp-content\/uploads\/2024\/01\/CaminhodoDao_CruzMosteiro-1536x538.jpg 1536w, https:\/\/caminhododao.org\/wp-content\/uploads\/2024\/01\/CaminhodoDao_CruzMosteiro-18x6.jpg 18w\" sizes=\"(max-width: 2000px) 100vw, 2000px\" \/>\t\t<\/li>\n\t\t\t\t<li class=\"sow-slider-image  sow-slider-image-cover\" style=\"visibility: hidden;\" data-background=\"url(https:\/\/caminhododao.org\/wp-content\/uploads\/2024\/01\/CaminhodoDao_DaniaMoinho.jpg)\" >\n\t\t\t\t\t\t<img decoding=\"async\" width=\"2000\" height=\"700\" src=\"https:\/\/caminhododao.org\/wp-content\/uploads\/2024\/01\/CaminhodoDao_DaniaMoinho.jpg\" class=\"sow-slider-background-image skip-lazy\" alt=\"\" style=\"\" loading=\"eager\" srcset=\"https:\/\/caminhododao.org\/wp-content\/uploads\/2024\/01\/CaminhodoDao_DaniaMoinho.jpg 2000w, https:\/\/caminhododao.org\/wp-content\/uploads\/2024\/01\/CaminhodoDao_DaniaMoinho-300x105.jpg 300w, https:\/\/caminhododao.org\/wp-content\/uploads\/2024\/01\/CaminhodoDao_DaniaMoinho-1024x358.jpg 1024w, https:\/\/caminhododao.org\/wp-content\/uploads\/2024\/01\/CaminhodoDao_DaniaMoinho-768x269.jpg 768w, https:\/\/caminhododao.org\/wp-content\/uploads\/2024\/01\/CaminhodoDao_DaniaMoinho-1536x538.jpg 1536w, https:\/\/caminhododao.org\/wp-content\/uploads\/2024\/01\/CaminhodoDao_DaniaMoinho-18x6.jpg 18w\" sizes=\"(max-width: 2000px) 100vw, 2000px\" \/>\t\t<\/li>\n\t\t\t\t<li class=\"sow-slider-image  sow-slider-image-cover\" style=\"visibility: hidden;\" data-background=\"url(https:\/\/caminhododao.org\/wp-content\/uploads\/2024\/01\/CaminhodoDao_Atsource.jpg)\" >\n\t\t\t\t\t\t<img decoding=\"async\" width=\"2000\" height=\"700\" src=\"https:\/\/caminhododao.org\/wp-content\/uploads\/2024\/01\/CaminhodoDao_Atsource.jpg\" class=\"sow-slider-background-image skip-lazy\" alt=\"\" style=\"\" loading=\"eager\" srcset=\"https:\/\/caminhododao.org\/wp-content\/uploads\/2024\/01\/CaminhodoDao_Atsource.jpg 2000w, https:\/\/caminhododao.org\/wp-content\/uploads\/2024\/01\/CaminhodoDao_Atsource-300x105.jpg 300w, https:\/\/caminhododao.org\/wp-content\/uploads\/2024\/01\/CaminhodoDao_Atsource-1024x358.jpg 1024w, https:\/\/caminhododao.org\/wp-content\/uploads\/2024\/01\/CaminhodoDao_Atsource-768x269.jpg 768w, https:\/\/caminhododao.org\/wp-content\/uploads\/2024\/01\/CaminhodoDao_Atsource-1536x538.jpg 1536w, https:\/\/caminhododao.org\/wp-content\/uploads\/2024\/01\/CaminhodoDao_Atsource-18x6.jpg 18w\" sizes=\"(max-width: 2000px) 100vw, 2000px\" \/>\t\t<\/li>\n\t\t<\/ul>\t\t\t\t<ol class=\"sow-slider-pagination\">\n\t\t\t\t\t\t\t\t\t\t\t<li><a href=\"#\" data-goto=\"0\" aria-label=\"display slide 1\"><\/a><\/li>\n\t\t\t\t\t\t\t\t\t\t\t<li><a href=\"#\" data-goto=\"1\" aria-label=\"display slide 2\"><\/a><\/li>\n\t\t\t\t\t\t\t\t\t\t\t<li><a href=\"#\" data-goto=\"2\" aria-label=\"display slide 3\"><\/a><\/li>\n\t\t\t\t\t\t\t\t\t\t\t<li><a href=\"#\" data-goto=\"3\" aria-label=\"display slide 4\"><\/a><\/li>\n\t\t\t\t\t\t\t\t\t\t\t<li><a href=\"#\" data-goto=\"4\" aria-label=\"display slide 5\"><\/a><\/li>\n\t\t\t\t\t\t\t\t\t\t\t<li><a href=\"#\" data-goto=\"5\" aria-label=\"display slide 6\"><\/a><\/li>\n\t\t\t\t\t\t\t\t\t<\/ol>\n\n\t\t\t\t<div class=\"sow-slide-nav sow-slide-nav-next\">\n\t\t\t\t\t<a href=\"#\" data-goto=\"next\" aria-label=\"next slide\" data-action=\"next\">\n\t\t\t\t\t\t<em class=\"sow-sld-icon-thin-right\"><\/em>\n\t\t\t\t\t<\/a>\n\t\t\t\t<\/div>\n\n\t\t\t\t<div class=\"sow-slide-nav sow-slide-nav-prev\">\n\t\t\t\t\t<a href=\"#\" data-goto=\"previous\" aria-label=\"previous slide\" data-action=\"prev\">\n\t\t\t\t\t\t<em class=\"sow-sld-icon-thin-left\"><\/em>\n\t\t\t\t\t<\/a>\n\t\t\t\t<\/div>\n\t\t\t\t<\/div><\/div><\/div><\/div><\/div><div id=\"pg-3517-2\"  class=\"panel-grid panel-no-style\" ><div id=\"pgc-3517-2-0\"  class=\"panel-grid-cell\" ><div id=\"panel-3517-2-0-0\" class=\"so-panel widget widget_sow-editor panel-first-child panel-last-child\" data-index=\"2\" ><div class=\"panel-widget-style panel-widget-style-for-3517-2-0-0\" ><div\n\t\t\t\n\t\t\tclass=\"so-widget-sow-editor so-widget-sow-editor-base\"\n\t\t\t\n\t\t>\n<div class=\"siteorigin-widget-tinymce textwidget\">\n\t<h3 style=\"text-align: center;\"><span style=\"color: #000000;\">Hiking groups and clubs can book a guided Caminho do D\u00e3o in spring and autumn during the months of April and May and from mid-September to mid-November. The program is all-inclusive and there are options to tailor it to your specific interests and time frames. <\/span>There is a minimum of 3 and a maximum of 7 days and the route is similar to the spring edition of the <a href=\"http:\/\/caminhododao.org\/2023-fall-editions\/\">Caminho do D\u00e3o. <\/a><\/p>\n<p><span style=\"color: #000000;\">The D\u00e3o region has a lot to offer in terms of natural and cultural heritage and together we can create a unique program. Additionally, the daily walking distance can be adjusted according to your group's preference. <\/span><\/p>\n<\/h3>\n<\/div>\n<\/div><\/div><\/div><\/div><\/div><div id=\"pg-3517-3\"  class=\"panel-grid panel-no-style\" ><div id=\"pgc-3517-3-0\"  class=\"panel-grid-cell\" ><div id=\"panel-3517-3-0-0\" class=\"so-panel widget widget_sow-editor panel-first-child panel-last-child\" data-index=\"3\" ><div class=\"panel-widget-style panel-widget-style-for-3517-3-0-0\" ><div\n\t\t\t\n\t\t\tclass=\"so-widget-sow-editor so-widget-sow-editor-base\"\n\t\t\t\n\t\t>\n<div class=\"siteorigin-widget-tinymce textwidget\">\n\t<h2 style=\"text-align: center;\">Op\u00e7\u00f5es de personaliza\u00e7\u00e3o:<\/h2>\n<\/div>\n<\/div><\/div><\/div><\/div><\/div><div id=\"pg-3517-4\"  class=\"panel-grid panel-no-style\" ><div id=\"pgc-3517-4-0\"  class=\"panel-grid-cell\" ><div id=\"panel-3517-4-0-0\" class=\"so-panel widget widget_sow-editor panel-first-child\" data-index=\"4\" ><div class=\"panel-widget-style panel-widget-style-for-3517-4-0-0\" ><div\n\t\t\t\n\t\t\tclass=\"so-widget-sow-editor so-widget-sow-editor-base\"\n\t\t\t\n\t\t>\n<div class=\"siteorigin-widget-tinymce textwidget\">\n\t<h3 style=\"text-align: center;\">Prova de vinhos do D\u00e3o com Ant\u00f3nio.<\/h3>\n<h3><\/h3>\n<\/div>\n<\/div><\/div><\/div><div id=\"panel-3517-4-0-1\" class=\"so-panel widget widget_sow-image panel-last-child\" data-index=\"5\" ><div class=\"panel-widget-style panel-widget-style-for-3517-4-0-1\" ><div\n\t\t\t\n\t\t\tclass=\"so-widget-sow-image so-widget-sow-image-default-334eeca80698-3517\"\n\t\t\t\n\t\t>\n\n<div class=\"sow-image-container\">\n\t\t<img decoding=\"async\" src=\"https:\/\/caminhododao.org\/wp-content\/uploads\/2024\/01\/Caminho-do-Da\u0303o-23Vinho2.jpg\" width=\"1500\" height=\"1500\" srcset=\"https:\/\/caminhododao.org\/wp-content\/uploads\/2024\/01\/Caminho-do-Da\u0303o-23Vinho2.jpg 1500w, https:\/\/caminhododao.org\/wp-content\/uploads\/2024\/01\/Caminho-do-Da\u0303o-23Vinho2-300x300.jpg 300w, https:\/\/caminhododao.org\/wp-content\/uploads\/2024\/01\/Caminho-do-Da\u0303o-23Vinho2-1024x1024.jpg 1024w, https:\/\/caminhododao.org\/wp-content\/uploads\/2024\/01\/Caminho-do-Da\u0303o-23Vinho2-150x150.jpg 150w, https:\/\/caminhododao.org\/wp-content\/uploads\/2024\/01\/Caminho-do-Da\u0303o-23Vinho2-768x768.jpg 768w, https:\/\/caminhododao.org\/wp-content\/uploads\/2024\/01\/Caminho-do-Da\u0303o-23Vinho2-12x12.jpg 12w\" sizes=\"(max-width: 1500px) 100vw, 1500px\" title=\"D\u00e3o wine tasting\" alt=\"\" loading=\"lazy\" \t\tclass=\"so-widget-image\"\/>\n\t<\/div>\n\n<\/div><\/div><\/div><\/div><div id=\"pgc-3517-4-1\"  class=\"panel-grid-cell panel-grid-cell-empty\" ><\/div><div id=\"pgc-3517-4-2\"  class=\"panel-grid-cell\" ><div id=\"panel-3517-4-2-0\" class=\"so-panel widget widget_sow-editor panel-first-child\" data-index=\"6\" ><div class=\"panel-widget-style panel-widget-style-for-3517-4-2-0\" ><div\n\t\t\t\n\t\t\tclass=\"so-widget-sow-editor so-widget-sow-editor-base\"\n\t\t\t\n\t\t>\n<div class=\"siteorigin-widget-tinymce textwidget\">\n\t<h3 style=\"text-align: center;\">Visita guiada ao Mosteiro de Santa Maria de Maceira D\u00e3o.<\/h3>\n<\/div>\n<\/div><\/div><\/div><div id=\"panel-3517-4-2-1\" class=\"so-panel widget widget_sow-image panel-last-child\" data-index=\"7\" ><div class=\"panel-widget-style panel-widget-style-for-3517-4-2-1\" ><div\n\t\t\t\n\t\t\tclass=\"so-widget-sow-image so-widget-sow-image-default-334eeca80698-3517\"\n\t\t\t\n\t\t>\n\n<div class=\"sow-image-container\">\n\t\t<img decoding=\"async\" src=\"https:\/\/caminhododao.org\/wp-content\/uploads\/2023\/06\/Igreja-Mosteiro.jpg\" width=\"1200\" height=\"1200\" srcset=\"https:\/\/caminhododao.org\/wp-content\/uploads\/2023\/06\/Igreja-Mosteiro.jpg 1200w, https:\/\/caminhododao.org\/wp-content\/uploads\/2023\/06\/Igreja-Mosteiro-300x300.jpg 300w, https:\/\/caminhododao.org\/wp-content\/uploads\/2023\/06\/Igreja-Mosteiro-1024x1024.jpg 1024w, https:\/\/caminhododao.org\/wp-content\/uploads\/2023\/06\/Igreja-Mosteiro-150x150.jpg 150w, https:\/\/caminhododao.org\/wp-content\/uploads\/2023\/06\/Igreja-Mosteiro-768x768.jpg 768w, https:\/\/caminhododao.org\/wp-content\/uploads\/2023\/06\/Igreja-Mosteiro-12x12.jpg 12w\" sizes=\"(max-width: 1200px) 100vw, 1200px\" title=\"Visita guiada ao Mosteiro de Santa Maria de Maceira D\u00e3o.\" alt=\"\" loading=\"lazy\" \t\tclass=\"so-widget-image\"\/>\n\t<\/div>\n\n<\/div><\/div><\/div><\/div><div id=\"pgc-3517-4-3\"  class=\"panel-grid-cell panel-grid-cell-empty\" ><\/div><div id=\"pgc-3517-4-4\"  class=\"panel-grid-cell\" ><div id=\"panel-3517-4-4-0\" class=\"so-panel widget widget_sow-editor panel-first-child\" data-index=\"8\" ><div class=\"panel-widget-style panel-widget-style-for-3517-4-4-0\" ><div\n\t\t\t\n\t\t\tclass=\"so-widget-sow-editor so-widget-sow-editor-base\"\n\t\t\t\n\t\t>\n<div class=\"siteorigin-widget-tinymce textwidget\">\n\t<h3 style=\"text-align: center;\">Dia de observa\u00e7\u00e3o do ecossistema fluvial com bi\u00f3logo local.<\/h3>\n<\/div>\n<\/div><\/div><\/div><div id=\"panel-3517-4-4-1\" class=\"so-panel widget widget_sow-image panel-last-child\" data-index=\"9\" ><div class=\"panel-widget-style panel-widget-style-for-3517-4-4-1\" ><div\n\t\t\t\n\t\t\tclass=\"so-widget-sow-image so-widget-sow-image-default-334eeca80698-3517\"\n\t\t\t\n\t\t>\n\n<div class=\"sow-image-container\">\n\t\t<img decoding=\"async\" src=\"https:\/\/caminhododao.org\/wp-content\/uploads\/2024\/01\/Caminho-do-Da\u0303o-23Group2_4.jpg\" width=\"1500\" height=\"1500\" srcset=\"https:\/\/caminhododao.org\/wp-content\/uploads\/2024\/01\/Caminho-do-Da\u0303o-23Group2_4.jpg 1500w, https:\/\/caminhododao.org\/wp-content\/uploads\/2024\/01\/Caminho-do-Da\u0303o-23Group2_4-300x300.jpg 300w, https:\/\/caminhododao.org\/wp-content\/uploads\/2024\/01\/Caminho-do-Da\u0303o-23Group2_4-1024x1024.jpg 1024w, https:\/\/caminhododao.org\/wp-content\/uploads\/2024\/01\/Caminho-do-Da\u0303o-23Group2_4-150x150.jpg 150w, https:\/\/caminhododao.org\/wp-content\/uploads\/2024\/01\/Caminho-do-Da\u0303o-23Group2_4-768x768.jpg 768w, https:\/\/caminhododao.org\/wp-content\/uploads\/2024\/01\/Caminho-do-Da\u0303o-23Group2_4-12x12.jpg 12w\" sizes=\"(max-width: 1500px) 100vw, 1500px\" title=\"River ecosystem observation day with a local biologist\" alt=\"\" loading=\"lazy\" \t\tclass=\"so-widget-image\"\/>\n\t<\/div>\n\n<\/div><\/div><\/div><\/div><\/div><div id=\"pg-3517-5\"  class=\"panel-grid panel-no-style\" ><div id=\"pgc-3517-5-0\"  class=\"panel-grid-cell panel-grid-cell-empty\" ><\/div><\/div><div id=\"pg-3517-6\"  class=\"panel-grid panel-no-style\" ><div id=\"pgc-3517-6-0\"  class=\"panel-grid-cell\" ><div id=\"panel-3517-6-0-0\" class=\"so-panel widget widget_sow-editor panel-first-child\" data-index=\"10\" ><div class=\"panel-widget-style panel-widget-style-for-3517-6-0-0\" ><div\n\t\t\t\n\t\t\tclass=\"so-widget-sow-editor so-widget-sow-editor-base\"\n\t\t\t\n\t\t>\n<div class=\"siteorigin-widget-tinymce textwidget\">\n\t<h3 style=\"text-align: center;\">Aula de gastronomia caseira Portuguesa com chefs locais.<\/h3>\n<\/div>\n<\/div><\/div><\/div><div id=\"panel-3517-6-0-1\" class=\"so-panel widget widget_sow-image panel-last-child\" data-index=\"11\" ><div class=\"panel-widget-style panel-widget-style-for-3517-6-0-1\" ><div\n\t\t\t\n\t\t\tclass=\"so-widget-sow-image so-widget-sow-image-default-334eeca80698-3517\"\n\t\t\t\n\t\t>\n\n<div class=\"sow-image-container\">\n\t\t<img decoding=\"async\" src=\"https:\/\/caminhododao.org\/wp-content\/uploads\/2024\/01\/Caminho-do-Da\u0303o-Gastro1.jpg\" width=\"1500\" height=\"1500\" srcset=\"https:\/\/caminhododao.org\/wp-content\/uploads\/2024\/01\/Caminho-do-Da\u0303o-Gastro1.jpg 1500w, https:\/\/caminhododao.org\/wp-content\/uploads\/2024\/01\/Caminho-do-Da\u0303o-Gastro1-300x300.jpg 300w, https:\/\/caminhododao.org\/wp-content\/uploads\/2024\/01\/Caminho-do-Da\u0303o-Gastro1-1024x1024.jpg 1024w, https:\/\/caminhododao.org\/wp-content\/uploads\/2024\/01\/Caminho-do-Da\u0303o-Gastro1-150x150.jpg 150w, https:\/\/caminhododao.org\/wp-content\/uploads\/2024\/01\/Caminho-do-Da\u0303o-Gastro1-768x768.jpg 768w, https:\/\/caminhododao.org\/wp-content\/uploads\/2024\/01\/Caminho-do-Da\u0303o-Gastro1-12x12.jpg 12w\" sizes=\"(max-width: 1500px) 100vw, 1500px\" title=\"Portuguese home style cooking class. \" alt=\"\" loading=\"lazy\" \t\tclass=\"so-widget-image\"\/>\n\t<\/div>\n\n<\/div><\/div><\/div><\/div><div id=\"pgc-3517-6-1\"  class=\"panel-grid-cell panel-grid-cell-empty\" ><\/div><div id=\"pgc-3517-6-2\"  class=\"panel-grid-cell\" ><div id=\"panel-3517-6-2-0\" class=\"so-panel widget widget_sow-editor panel-first-child\" data-index=\"12\" ><div class=\"panel-widget-style panel-widget-style-for-3517-6-2-0\" ><div\n\t\t\t\n\t\t\tclass=\"so-widget-sow-editor so-widget-sow-editor-base\"\n\t\t\t\n\t\t>\n<div class=\"siteorigin-widget-tinymce textwidget\">\n\t<h3 style=\"text-align: center;\">Um passeio pela cidade hist\u00f3rica de Viseu incl. almo\u00e7o e visita \u00e0 catedral.<\/h3>\n<\/div>\n<\/div><\/div><\/div><div id=\"panel-3517-6-2-1\" class=\"so-panel widget widget_sow-image panel-last-child\" data-index=\"13\" ><div class=\"panel-widget-style panel-widget-style-for-3517-6-2-1\" ><div\n\t\t\t\n\t\t\tclass=\"so-widget-sow-image so-widget-sow-image-default-334eeca80698-3517\"\n\t\t\t\n\t\t>\n\n<div class=\"sow-image-container\">\n\t\t<img decoding=\"async\" src=\"https:\/\/caminhododao.org\/wp-content\/uploads\/2024\/01\/viseu.jpg\" width=\"1594\" height=\"1533\" srcset=\"https:\/\/caminhododao.org\/wp-content\/uploads\/2024\/01\/viseu.jpg 1594w, https:\/\/caminhododao.org\/wp-content\/uploads\/2024\/01\/viseu-300x289.jpg 300w, https:\/\/caminhododao.org\/wp-content\/uploads\/2024\/01\/viseu-1024x985.jpg 1024w, https:\/\/caminhododao.org\/wp-content\/uploads\/2024\/01\/viseu-768x739.jpg 768w, https:\/\/caminhododao.org\/wp-content\/uploads\/2024\/01\/viseu-1536x1477.jpg 1536w, https:\/\/caminhododao.org\/wp-content\/uploads\/2024\/01\/viseu-12x12.jpg 12w\" sizes=\"(max-width: 1594px) 100vw, 1594px\" title=\"A visit to the historic city of Viseu with a lunch and options of visiting the cathedral and a museum. \" alt=\"\" loading=\"lazy\" \t\tclass=\"so-widget-image\"\/>\n\t<\/div>\n\n<\/div><\/div><\/div><\/div><div id=\"pgc-3517-6-3\"  class=\"panel-grid-cell panel-grid-cell-empty\" ><\/div><div id=\"pgc-3517-6-4\"  class=\"panel-grid-cell\" ><div id=\"panel-3517-6-4-0\" class=\"so-panel widget widget_sow-editor panel-first-child panel-last-child\" data-index=\"14\" ><div class=\"panel-widget-style panel-widget-style-for-3517-6-4-0\" ><div\n\t\t\t\n\t\t\tclass=\"so-widget-sow-editor so-widget-sow-editor-base\"\n\t\t\t\n\t\t>\n<div class=\"siteorigin-widget-tinymce textwidget\">\n\t<h2><\/h2>\n<h2 style=\"text-align: center;\">Conte-nos sobre seus interesses e juntos construiremos uma semana de caminhada + programa em torno disso.<\/p>\n<p>Leia mais sobre pre\u00e7os e informa\u00e7\u00f5es pr\u00e1ticas <a href=\"http:\/\/caminhododao.org\/price-practical-information\/\">AQUI<\/a>.<\/p>\n<\/h2>\n<\/div>\n<\/div><\/div><\/div><\/div><\/div><div id=\"pg-3517-7\"  class=\"panel-grid panel-no-style\" ><div id=\"pgc-3517-7-0\"  class=\"panel-grid-cell\" ><div id=\"panel-3517-7-0-0\" class=\"so-panel widget widget_sow-image panel-first-child panel-last-child\" data-index=\"15\" ><div class=\"panel-widget-style panel-widget-style-for-3517-7-0-0\" ><div\n\t\t\t\n\t\t\tclass=\"so-widget-sow-image so-widget-sow-image-default-334eeca80698-3517\"\n\t\t\t\n\t\t>\n\n<div class=\"sow-image-container\">\n\t\t<img decoding=\"async\" src=\"https:\/\/caminhododao.org\/wp-content\/uploads\/2024\/01\/footsteps-scaled.jpg\" width=\"2560\" height=\"96\" srcset=\"https:\/\/caminhododao.org\/wp-content\/uploads\/2024\/01\/footsteps-scaled.jpg 2560w, https:\/\/caminhododao.org\/wp-content\/uploads\/2024\/01\/footsteps-300x11.jpg 300w, https:\/\/caminhododao.org\/wp-content\/uploads\/2024\/01\/footsteps-1024x38.jpg 1024w, https:\/\/caminhododao.org\/wp-content\/uploads\/2024\/01\/footsteps-768x29.jpg 768w, https:\/\/caminhododao.org\/wp-content\/uploads\/2024\/01\/footsteps-1536x58.jpg 1536w, https:\/\/caminhododao.org\/wp-content\/uploads\/2024\/01\/footsteps-2048x77.jpg 2048w, https:\/\/caminhododao.org\/wp-content\/uploads\/2024\/01\/footsteps-18x1.jpg 18w\" sizes=\"(max-width: 2560px) 100vw, 2560px\" title=\"footsteps\" alt=\"\" loading=\"lazy\" \t\tclass=\"so-widget-image\"\/>\n\t<\/div>\n\n<\/div><\/div><\/div><\/div><\/div><\/div>","protected":false},"excerpt":{"rendered":"<p>~ Book a custom group hiking tour ~<\/p>","protected":false},"author":2,"featured_media":0,"parent":0,"menu_order":0,"comment_status":"closed","ping_status":"closed","template":"","meta":{"_monsterinsights_skip_tracking":false,"_monsterinsights_sitenote_active":false,"_monsterinsights_sitenote_note":"","_monsterinsights_sitenote_category":0,"footnotes":""},"_links":{"self":[{"href":"https:\/\/caminhododao.org\/pt\/wp-json\/wp\/v2\/pages\/3517"}],"collection":[{"href":"https:\/\/caminhododao.org\/pt\/wp-json\/wp\/v2\/pages"}],"about":[{"href":"https:\/\/caminhododao.org\/pt\/wp-json\/wp\/v2\/types\/page"}],"author":[{"embeddable":true,"href":"https:\/\/caminhododao.org\/pt\/wp-json\/wp\/v2\/users\/2"}],"replies":[{"embeddable":true,"href":"https:\/\/caminhododao.org\/pt\/wp-json\/wp\/v2\/comments?post=3517"}],"version-history":[{"count":56,"href":"https:\/\/caminhododao.org\/pt\/wp-json\/wp\/v2\/pages\/3517\/revisions"}],"predecessor-version":[{"id":3736,"href":"https:\/\/caminhododao.org\/pt\/wp-json\/wp\/v2\/pages\/3517\/revisions\/3736"}],"wp:attachment":[{"href":"https:\/\/caminhododao.org\/pt\/wp-json\/wp\/v2\/media?parent=3517"}],"curies":[{"name":"wp","href":"https:\/\/api.w.org\/{rel}","templated":true}]}}