{"id":3614,"date":"2024-01-11T22:19:42","date_gmt":"2024-01-11T22:19:42","guid":{"rendered":"http:\/\/caminhododao.org\/?page_id=3614"},"modified":"2024-03-28T21:00:10","modified_gmt":"2024-03-28T21:00:10","slug":"the-guide-2","status":"publish","type":"page","link":"https:\/\/caminhododao.org\/pt\/the-guide-2\/","title":{"rendered":"A Guia"},"content":{"rendered":"<div id=\"pl-3614\"  class=\"panel-layout\" ><div id=\"pg-3614-0\"  class=\"panel-grid panel-no-style\" ><div id=\"pgc-3614-0-0\"  class=\"panel-grid-cell panel-grid-cell-empty\" ><\/div><div id=\"pgc-3614-0-1\"  class=\"panel-grid-cell panel-grid-cell-mobile-last\" ><div id=\"panel-3614-0-1-0\" class=\"so-panel widget widget_sow-editor panel-first-child panel-last-child\" data-index=\"0\" ><div class=\"panel-widget-style panel-widget-style-for-3614-0-1-0\" ><div\n\t\t\t\n\t\t\tclass=\"so-widget-sow-editor so-widget-sow-editor-base\"\n\t\t\t\n\t\t>\n<div class=\"siteorigin-widget-tinymce textwidget\">\n\t<h2 style=\"text-align: center;\">~ A Guia ~<\/h2>\n<\/div>\n<\/div><\/div><\/div><\/div><div id=\"pgc-3614-0-2\"  class=\"panel-grid-cell panel-grid-cell-empty\" ><\/div><\/div><div id=\"pg-3614-1\"  class=\"panel-grid panel-no-style\" ><div id=\"pgc-3614-1-0\"  class=\"panel-grid-cell\" ><div id=\"panel-3614-1-0-0\" class=\"so-panel widget widget_sow-image panel-first-child panel-last-child\" data-index=\"1\" ><div\n\t\t\t\n\t\t\tclass=\"so-widget-sow-image so-widget-sow-image-default-e4c2d9f6c920-3614\"\n\t\t\t\n\t\t>\n\n<div class=\"sow-image-container\">\n\t\t<img decoding=\"async\" src=\"https:\/\/caminhododao.org\/wp-content\/uploads\/2024\/03\/IMG_8671-scaled-e1711659583746.jpg\" width=\"1000\" height=\"1000\" sizes=\"(max-width: 1000px) 100vw, 1000px\" title=\"IMG_8671\" alt=\"\" loading=\"lazy\" \t\tclass=\"so-widget-image\"\/>\n\t<\/div>\n\n<\/div><\/div><\/div><div id=\"pgc-3614-1-1\"  class=\"panel-grid-cell\" ><div id=\"panel-3614-1-1-0\" class=\"so-panel widget widget_sow-editor panel-first-child panel-last-child\" data-index=\"2\" ><div\n\t\t\t\n\t\t\tclass=\"so-widget-sow-editor so-widget-sow-editor-base\"\n\t\t\t\n\t\t>\n<div class=\"siteorigin-widget-tinymce textwidget\">\n\t<p>Ol\u00e1, sou <strong>Freya van Dien<\/strong> the guide of the Caminho do D\u00e3o.<\/p>\n<p>Walking is one of my passions in life and the desire to walk has grown with the years. For me it fulfills a need to explore the world and connect with nature and I benefit greatly from the way it refreshes and balances my body and soul. I believe in the power of walking as a way to connect with and be at peace in the world and in ourselves.<\/p>\n<p>As <a href=\"https:\/\/www.walden.org\/thoreau\/\">Henry David Thoreau<\/a> said:<strong><em>\u201cwhen I walk I receive pure presence by the ton\u201d.<\/em><\/strong><\/p>\n<p>As a guide my goal is to facilitate a sense of connection with nature and culture in the D\u00e3o valley while walking mindfully. In my role as a guide I like to describe myself as: <em><strong>i<\/strong><strong><em>n t<\/em>une with nature and in touch with local culture and history. <\/strong><\/em><\/p>\n<\/div>\n<\/div><\/div><\/div><\/div><div id=\"pg-3614-2\"  class=\"panel-grid panel-no-style\" ><div id=\"pgc-3614-2-0\"  class=\"panel-grid-cell\" ><div id=\"panel-3614-2-0-0\" class=\"so-panel widget widget_sow-image panel-first-child panel-last-child\" data-index=\"3\" ><div\n\t\t\t\n\t\t\tclass=\"so-widget-sow-image so-widget-sow-image-default-8b5b6f678277-3614\"\n\t\t\t\n\t\t>\n\n<div class=\"sow-image-container\">\n\t\t<img decoding=\"async\" src=\"https:\/\/caminhododao.org\/wp-content\/uploads\/2024\/01\/Caminho-do-Da\u0303o-23Group2_10.jpg\" width=\"1500\" height=\"1500\" srcset=\"https:\/\/caminhododao.org\/wp-content\/uploads\/2024\/01\/Caminho-do-Da\u0303o-23Group2_10.jpg 1500w, https:\/\/caminhododao.org\/wp-content\/uploads\/2024\/01\/Caminho-do-Da\u0303o-23Group2_10-300x300.jpg 300w, https:\/\/caminhododao.org\/wp-content\/uploads\/2024\/01\/Caminho-do-Da\u0303o-23Group2_10-1024x1024.jpg 1024w, https:\/\/caminhododao.org\/wp-content\/uploads\/2024\/01\/Caminho-do-Da\u0303o-23Group2_10-150x150.jpg 150w, https:\/\/caminhododao.org\/wp-content\/uploads\/2024\/01\/Caminho-do-Da\u0303o-23Group2_10-768x768.jpg 768w, https:\/\/caminhododao.org\/wp-content\/uploads\/2024\/01\/Caminho-do-Da\u0303o-23Group2_10-12x12.jpg 12w\" sizes=\"(max-width: 1500px) 100vw, 1500px\" title=\"Caminho do Da\u0303o 23Group2_10\" alt=\"\" loading=\"lazy\" \t\tclass=\"so-widget-image\"\/>\n\t<\/div>\n\n<\/div><\/div><\/div><div id=\"pgc-3614-2-1\"  class=\"panel-grid-cell\" ><div id=\"panel-3614-2-1-0\" class=\"so-panel widget widget_sow-editor panel-first-child panel-last-child\" data-index=\"4\" ><div\n\t\t\t\n\t\t\tclass=\"so-widget-sow-editor so-widget-sow-editor-base\"\n\t\t\t\n\t\t><h3 class=\"widget-title\">Familiar with the D\u00e3o region since 1989.<\/h3>\n<div class=\"siteorigin-widget-tinymce textwidget\">\n\t<p>When I walked the Caminho do D\u00e3o for the first time in 2019 it was 30 years ago (1989) that I first set foot in the D\u00e3o valley and the Beira Alta region. 1989 was the year my adventurous mother bought an old millers farm on the banks of the D\u00e3o river, named it <a href=\"http:\/\/www.moinhosdodao.org\/\" target=\"_blank\" rel=\"noopener\">Moinhos do D\u00e3o<\/a> and started building an eco-tourism business. In 2013 my husband Steven and I took over the business and came to live in the D\u00e3o valley.<\/p>\n<p>Ever since I moved here I have imagined how wonderful it would be to walk the entire length of the D\u00e3o valley. In the spring of 2019 this idea became a reality and, together with my dear friend Nadine we walked the 100km length of the river valley. The experience exceeded all expectations and made me decide to start offering the Caminho do D\u00e3o as a hiking tour.<\/p>\n<p>I am excited to get more people to walk the D\u00e3o valley, local people as well as from abroad, and share in the beautiful simplicity of the act of walking.<br \/>\nVisit the <a href=\"http:\/\/caminhododao.org\/index.php\/testimonials\/\">p\u00e1gina de depoimentos,<\/a> to see how others have experienced hiking the Caminho do D\u00e3o with me.<\/p>\n<\/div>\n<\/div><\/div><\/div><\/div><div id=\"pg-3614-3\"  class=\"panel-grid panel-no-style\" ><div id=\"pgc-3614-3-0\"  class=\"panel-grid-cell\" ><div id=\"panel-3614-3-0-0\" class=\"so-panel widget widget_sow-image panel-first-child panel-last-child\" data-index=\"5\" ><div\n\t\t\t\n\t\t\tclass=\"so-widget-sow-image so-widget-sow-image-default-8b5b6f678277-3614\"\n\t\t\t\n\t\t>\n\n<div class=\"sow-image-container\">\n\t\t<img decoding=\"async\" src=\"https:\/\/caminhododao.org\/wp-content\/uploads\/2021\/12\/AAF4C6E6-5487-4A5D-91AE-50BD2F31B713.jpg\" width=\"640\" height=\"640\" srcset=\"https:\/\/caminhododao.org\/wp-content\/uploads\/2021\/12\/AAF4C6E6-5487-4A5D-91AE-50BD2F31B713.jpg 640w, https:\/\/caminhododao.org\/wp-content\/uploads\/2021\/12\/AAF4C6E6-5487-4A5D-91AE-50BD2F31B713-300x300.jpg 300w, https:\/\/caminhododao.org\/wp-content\/uploads\/2021\/12\/AAF4C6E6-5487-4A5D-91AE-50BD2F31B713-150x150.jpg 150w, https:\/\/caminhododao.org\/wp-content\/uploads\/2021\/12\/AAF4C6E6-5487-4A5D-91AE-50BD2F31B713-12x12.jpg 12w, https:\/\/caminhododao.org\/wp-content\/uploads\/2021\/12\/AAF4C6E6-5487-4A5D-91AE-50BD2F31B713-600x600.jpg 600w, https:\/\/caminhododao.org\/wp-content\/uploads\/2021\/12\/AAF4C6E6-5487-4A5D-91AE-50BD2F31B713-125x125.jpg 125w\" sizes=\"(max-width: 640px) 100vw, 640px\" alt=\"\" loading=\"lazy\" \t\tclass=\"so-widget-image\"\/>\n\t<\/div>\n\n<\/div><\/div><\/div><div id=\"pgc-3614-3-1\"  class=\"panel-grid-cell\" ><div id=\"panel-3614-3-1-0\" class=\"so-panel widget widget_sow-image panel-first-child panel-last-child\" data-index=\"6\" ><div\n\t\t\t\n\t\t\tclass=\"so-widget-sow-image so-widget-sow-image-default-8b5b6f678277-3614\"\n\t\t\t\n\t\t>\n\n<div class=\"sow-image-container\">\n\t\t<img decoding=\"async\" src=\"https:\/\/caminhododao.org\/wp-content\/uploads\/2021\/11\/9C20D149-05E4-4131-BB95-E36E95F631FE-e1636046224565.jpg\" width=\"800\" height=\"800\" sizes=\"(max-width: 800px) 100vw, 800px\" alt=\"\" loading=\"lazy\" \t\tclass=\"so-widget-image\"\/>\n\t<\/div>\n\n<\/div><\/div><\/div><div id=\"pgc-3614-3-2\"  class=\"panel-grid-cell\" ><div id=\"panel-3614-3-2-0\" class=\"so-panel widget widget_sow-image panel-first-child panel-last-child\" data-index=\"7\" ><div\n\t\t\t\n\t\t\tclass=\"so-widget-sow-image so-widget-sow-image-default-8b5b6f678277-3614\"\n\t\t\t\n\t\t>\n\n<div class=\"sow-image-container\">\n\t\t<img decoding=\"async\" src=\"https:\/\/caminhododao.org\/wp-content\/uploads\/2022\/05\/caminho-do-dao-boa-gente-maria-alice.jpg\" width=\"800\" height=\"800\" srcset=\"https:\/\/caminhododao.org\/wp-content\/uploads\/2022\/05\/caminho-do-dao-boa-gente-maria-alice.jpg 800w, https:\/\/caminhododao.org\/wp-content\/uploads\/2022\/05\/caminho-do-dao-boa-gente-maria-alice-300x300.jpg 300w, https:\/\/caminhododao.org\/wp-content\/uploads\/2022\/05\/caminho-do-dao-boa-gente-maria-alice-150x150.jpg 150w, https:\/\/caminhododao.org\/wp-content\/uploads\/2022\/05\/caminho-do-dao-boa-gente-maria-alice-768x768.jpg 768w, https:\/\/caminhododao.org\/wp-content\/uploads\/2022\/05\/caminho-do-dao-boa-gente-maria-alice-12x12.jpg 12w\" sizes=\"(max-width: 800px) 100vw, 800px\" title=\"Caminho do D\u00e3o Donna Maria Alice\" alt=\"\" loading=\"lazy\" \t\tclass=\"so-widget-image\"\/>\n\t<\/div>\n\n<\/div><\/div><\/div><\/div><div id=\"pg-3614-4\"  class=\"panel-grid panel-no-style\" ><div id=\"pgc-3614-4-0\"  class=\"panel-grid-cell panel-grid-cell-empty panel-grid-cell-mobile-last\" ><\/div><div id=\"pgc-3614-4-1\"  class=\"panel-grid-cell panel-grid-cell-empty\" ><\/div><\/div><div id=\"pg-3614-5\"  class=\"panel-grid panel-no-style\" ><div id=\"pgc-3614-5-0\"  class=\"panel-grid-cell\" ><div id=\"panel-3614-5-0-0\" class=\"so-panel widget widget_sow-image panel-first-child\" data-index=\"8\" ><div\n\t\t\t\n\t\t\tclass=\"so-widget-sow-image so-widget-sow-image-default-89f16426b92c-3614\"\n\t\t\t\n\t\t>\n\n<div class=\"sow-image-container\">\n\t\t<img decoding=\"async\" src=\"https:\/\/caminhododao.org\/wp-content\/uploads\/2024\/03\/Freya-van-Dien.jpg\" width=\"1000\" height=\"1414\" srcset=\"https:\/\/caminhododao.org\/wp-content\/uploads\/2024\/03\/Freya-van-Dien.jpg 1000w, https:\/\/caminhododao.org\/wp-content\/uploads\/2024\/03\/Freya-van-Dien-212x300.jpg 212w, https:\/\/caminhododao.org\/wp-content\/uploads\/2024\/03\/Freya-van-Dien-724x1024.jpg 724w, https:\/\/caminhododao.org\/wp-content\/uploads\/2024\/03\/Freya-van-Dien-768x1086.jpg 768w, https:\/\/caminhododao.org\/wp-content\/uploads\/2024\/03\/Freya-van-Dien-8x12.jpg 8w\" sizes=\"(max-width: 1000px) 100vw, 1000px\" title=\"Certificate Rewiling Tourism Training 2021\" alt=\"\" loading=\"lazy\" \t\tclass=\"so-widget-image\"\/>\n\t<\/div>\n\n<h3 class=\"widget-title\">Certificate Rewiling Tourism Training 2021<\/h3><\/div><\/div><div id=\"panel-3614-5-0-1\" class=\"so-panel widget widget_sow-image panel-last-child\" data-index=\"9\" ><div\n\t\t\t\n\t\t\tclass=\"so-widget-sow-image so-widget-sow-image-default-89f16426b92c-3614\"\n\t\t\t\n\t\t>\n\n<div class=\"sow-image-container\">\n\t\t<img decoding=\"async\" src=\"https:\/\/caminhododao.org\/wp-content\/uploads\/2021\/12\/RTT-1star.png\" width=\"600\" height=\"513\" srcset=\"https:\/\/caminhododao.org\/wp-content\/uploads\/2021\/12\/RTT-1star.png 600w, https:\/\/caminhododao.org\/wp-content\/uploads\/2021\/12\/RTT-1star-300x257.png 300w, https:\/\/caminhododao.org\/wp-content\/uploads\/2021\/12\/RTT-1star-14x12.png 14w\" sizes=\"(max-width: 600px) 100vw, 600px\" alt=\"\" loading=\"lazy\" \t\tclass=\"so-widget-image\"\/>\n\t<\/div>\n\n<\/div><\/div><\/div><div id=\"pgc-3614-5-1\"  class=\"panel-grid-cell\" ><div id=\"panel-3614-5-1-0\" class=\"so-panel widget widget_sow-editor panel-first-child panel-last-child\" data-index=\"10\" ><div\n\t\t\t\n\t\t\tclass=\"so-widget-sow-editor so-widget-sow-editor-base\"\n\t\t\t\n\t\t>\n<div class=\"siteorigin-widget-tinymce textwidget\">\n\t<div id=\"pg-1056-3\" class=\"panel-grid panel-no-style\" data-style=\"{&quot;background_image_attachment&quot;:false,&quot;background_display&quot;:&quot;tile&quot;,&quot;cell_alignment&quot;:&quot;flex-start&quot;,&quot;iw-visible-screen&quot;:&quot;iw-all&quot;,&quot;iw-visible-layout&quot;:&quot;iw-all&quot;}\" data-ratio=\"0.33333333\" data-ratio-direction=\"left\">\n<div id=\"pgc-1056-3-1\" class=\"panel-grid-cell\" data-weight=\"0.750000001875\">\n<div id=\"panel-1056-3-1-0\" class=\"so-panel widget widget_sow-editor panel-first-child panel-last-child\" data-index=\"5\" data-style=\"{&quot;background_image_attachment&quot;:false,&quot;background_display&quot;:&quot;tile&quot;,&quot;iw-visible-screen&quot;:&quot;iw-all&quot;,&quot;iw-visible-layout&quot;:&quot;iw-all&quot;}\">\n<div class=\"so-widget-sow-editor so-widget-sow-editor-base\">\n<div class=\"siteorigin-widget-tinymce textwidget\">\n<p><strong>Relevant experience &amp; knowledge.<\/strong><\/p>\n<p>~ Management of Moinhos do D\u00e3o ~ Eco Quinta tourism business.<br \/>\n~ Courses for guides: <a href=\"https:\/\/ctoeste.pt\/formacao\/guia-passeios-pedestres\/\">CTO hiking guide training<\/a> &amp; <a href=\"https:\/\/rewildingeurope.com\/news\/first-ever-rewilding-training-tourism-programme-kicks-off\/\">Rewilding Tourism training<\/a>.<br \/>\n~ Formado em Horticultura, Arboricultura e <a href=\"https:\/\/merrittpdc.weebly.com\/?fbclid=IwAR1PSt3LLwyH_nEFEQd8FKWxjew486qjgX-Tf3REt8qbxOuwPxzxSdTW0ZE\" target=\"_blank\" rel=\"noopener\">Permacultura no Merrit College<\/a>.<br \/>\n~ Conhecimento de bot\u00e2nica, flora e fauna locais, geologia e agricultura.<br \/>\n~ Gest\u00e3o do programa de volunt\u00e1rios e guias interpretativas no <a href=\"https:\/\/www.ruthbancroftgarden.org\/\" target=\"_blank\" rel=\"noopener\">Ruth Bancroft Garden.<\/a><br \/>\n~ Organization of spring flower hikes in California with ethnobotanist <a href=\"https:\/\/dochale.com\/\" target=\"_blank\" rel=\"noopener\">Doc Hale<\/a>.<br \/>\n~ Experi\u00eancia volunt\u00e1ria como docente para programas de educa\u00e7\u00e3o ao ar livre no <a href=\"https:\/\/www.ebparks.org\/parks\/visitor-centers\/crab-cove\" target=\"_blank\" rel=\"noopener\">Crab Cove \u2013 East Bay Parks.<\/a><\/p>\n<\/div>\n<\/div>\n<\/div>\n<\/div>\n<\/div>\n<div id=\"pg-1056-4\" class=\"panel-grid panel-no-style\" data-style=\"{&quot;background_image_attachment&quot;:false,&quot;background_display&quot;:&quot;tile&quot;,&quot;cell_alignment&quot;:&quot;flex-start&quot;,&quot;iw-visible-screen&quot;:&quot;iw-all&quot;,&quot;iw-visible-layout&quot;:&quot;iw-all&quot;}\" data-ratio=\"0.33333333\" data-ratio-direction=\"left\">\n<div id=\"pgc-1056-4-0\" class=\"panel-grid-cell\" data-weight=\"0.73471615533024\">\n<div id=\"panel-1056-4-0-0\" class=\"so-panel widget widget_sow-editor panel-first-child panel-last-child\" data-index=\"6\" data-style=\"{&quot;background_image_attachment&quot;:false,&quot;background_display&quot;:&quot;tile&quot;,&quot;iw-visible-screen&quot;:&quot;iw-all&quot;,&quot;iw-visible-layout&quot;:&quot;iw-all&quot;}\">\n<div class=\"so-widget-sow-editor so-widget-sow-editor-base\">\n<div class=\"siteorigin-widget-tinymce textwidget\">\n<p>Espero que este site lhe d\u00ea uma boa impress\u00e3o do Caminho do D\u00e3o e algumas ideias sobre as motiva\u00e7\u00f5es e ideias por tr\u00e1s do projeto. Acima de tudo espero que vos inspire a caminhar pelo lindo vale do D\u00e3o!<\/p>\n<p>Sinta-se \u00e0 vontade para entrar em contato com qualquer d\u00favida ou sugest\u00e3o.<br \/>\nAnsioso por vosso contato!<\/p>\n<p>Freya van Dien,<br \/>\nMoinhos do D\u00e3o March 2024<\/p>\n<\/div>\n<\/div>\n<\/div>\n<\/div>\n<\/div>\n<\/div>\n<\/div><\/div><\/div><div id=\"pgc-3614-5-2\"  class=\"panel-grid-cell\" ><div id=\"panel-3614-5-2-0\" class=\"so-panel widget widget_sow-image panel-first-child panel-last-child\" data-index=\"11\" ><div\n\t\t\t\n\t\t\tclass=\"so-widget-sow-image so-widget-sow-image-default-8b5b6f678277-3614\"\n\t\t\t\n\t\t>\n\n<div class=\"sow-image-container\">\n\t\t<img decoding=\"async\" src=\"https:\/\/caminhododao.org\/wp-content\/uploads\/2024\/03\/CTO-PrecPed-Certificate-pag1-scaled-e1711645329319.jpg\" width=\"1000\" height=\"1278\" sizes=\"(max-width: 1000px) 100vw, 1000px\" title=\"Certificate Hiking Guides Training 2024\" alt=\"\" loading=\"lazy\" \t\tclass=\"so-widget-image\"\/>\n\t<\/div>\n\n<h3 class=\"widget-title\">Certificate Hiking Guides Training 2024<\/h3><\/div><\/div><\/div><\/div><div id=\"pg-3614-6\"  class=\"panel-grid panel-no-style\" ><div id=\"pgc-3614-6-0\"  class=\"panel-grid-cell\" ><div id=\"panel-3614-6-0-0\" class=\"so-panel widget widget_sow-image panel-first-child panel-last-child\" data-index=\"12\" ><div\n\t\t\t\n\t\t\tclass=\"so-widget-sow-image so-widget-sow-image-default-8b5b6f678277-3614\"\n\t\t\t\n\t\t>\n\n<div class=\"sow-image-container\">\n\t\t<img decoding=\"async\" src=\"https:\/\/caminhododao.org\/wp-content\/uploads\/2024\/01\/footsteps-scaled.jpg\" width=\"2560\" height=\"96\" srcset=\"https:\/\/caminhododao.org\/wp-content\/uploads\/2024\/01\/footsteps-scaled.jpg 2560w, https:\/\/caminhododao.org\/wp-content\/uploads\/2024\/01\/footsteps-300x11.jpg 300w, https:\/\/caminhododao.org\/wp-content\/uploads\/2024\/01\/footsteps-1024x38.jpg 1024w, https:\/\/caminhododao.org\/wp-content\/uploads\/2024\/01\/footsteps-768x29.jpg 768w, https:\/\/caminhododao.org\/wp-content\/uploads\/2024\/01\/footsteps-1536x58.jpg 1536w, https:\/\/caminhododao.org\/wp-content\/uploads\/2024\/01\/footsteps-2048x77.jpg 2048w, https:\/\/caminhododao.org\/wp-content\/uploads\/2024\/01\/footsteps-18x1.jpg 18w\" sizes=\"(max-width: 2560px) 100vw, 2560px\" title=\"footsteps\" alt=\"\" loading=\"lazy\" \t\tclass=\"so-widget-image\"\/>\n\t<\/div>\n\n<\/div><\/div><\/div><\/div><\/div>","protected":false},"excerpt":{"rendered":"<p>~ The Guide ~ Hello! I am Freya van Dien the guide of the Caminho do D\u00e3o. Walking is one of my passions in life&hellip;<\/p>","protected":false},"author":2,"featured_media":0,"parent":0,"menu_order":0,"comment_status":"closed","ping_status":"closed","template":"","meta":{"_monsterinsights_skip_tracking":false,"_monsterinsights_sitenote_active":false,"_monsterinsights_sitenote_note":"","_monsterinsights_sitenote_category":0,"footnotes":""},"_links":{"self":[{"href":"https:\/\/caminhododao.org\/pt\/wp-json\/wp\/v2\/pages\/3614"}],"collection":[{"href":"https:\/\/caminhododao.org\/pt\/wp-json\/wp\/v2\/pages"}],"about":[{"href":"https:\/\/caminhododao.org\/pt\/wp-json\/wp\/v2\/types\/page"}],"author":[{"embeddable":true,"href":"https:\/\/caminhododao.org\/pt\/wp-json\/wp\/v2\/users\/2"}],"replies":[{"embeddable":true,"href":"https:\/\/caminhododao.org\/pt\/wp-json\/wp\/v2\/comments?post=3614"}],"version-history":[{"count":27,"href":"https:\/\/caminhododao.org\/pt\/wp-json\/wp\/v2\/pages\/3614\/revisions"}],"predecessor-version":[{"id":3718,"href":"https:\/\/caminhododao.org\/pt\/wp-json\/wp\/v2\/pages\/3614\/revisions\/3718"}],"wp:attachment":[{"href":"https:\/\/caminhododao.org\/pt\/wp-json\/wp\/v2\/media?parent=3614"}],"curies":[{"name":"wp","href":"https:\/\/api.w.org\/{rel}","templated":true}]}}